{"id":12842,"date":"2019-02-14T16:50:12","date_gmt":"2019-02-15T00:50:12","guid":{"rendered":"https:\/\/iibayarea.local\/oportunidades-profesionales\/"},"modified":"2026-03-06T16:35:04","modified_gmt":"2026-03-07T00:35:04","slug":"oportunidades-profesionales","status":"publish","type":"page","link":"https:\/\/iibayarea.org\/es\/oportunidades-profesionales\/","title":{"rendered":"Oportunidades profesionales"},"content":{"rendered":"\n  <div class=\"components-notice is-warning\">\n    <div class=\"components-notice__content\">\n      You cannot edit Opportunities here.<br\/>These job postings are automatically generated from published <strong>Opportunities<\/strong> posts.<br\/><a href=\"https:\/\/iibayarea.org\/wp-admin\/edit.php?post_type=opportunity\">Manage Opportunities &rarr;<\/a>    <\/div>\n  <\/div>\n\n<div class=\"opportunities-block \">\n            \n      <div class=\"opportunity-block\">\n        <h3 class=\"opportunity-block__title\">\n          <a href=\"https:\/\/iibayarea.org\/es\/oportunidad\/titulo-abogado-de-la-defensa-de-expulsiones-abogado-senior\/\">Abogado en Defensa de Expulsiones \/ Abogado Senior<\/a>\n        <\/h3>\n\n                  <p class=\"opportunity-block__excerpt\">El IIBA busca un Abogado de Defensa de Expulsiones o un Abogado Senior para unirse a nuestro equipo de defensa de expulsiones. Los abogados representan a inmigrantes en procedimientos de expulsi\u00f3n y litigios relacionados, incluidas las audiencias del Tribunal de Inmigraci\u00f3n, la defensa en apelaci\u00f3n y los litigios federales de h\u00e1beas corpus de respuesta r\u00e1pida que impugnan la detenci\u00f3n o expulsi\u00f3n ilegales. <\/p>\n              <\/div>\n          \n      <div class=\"opportunity-block\">\n        <h3 class=\"opportunity-block__title\">\n          <a href=\"https:\/\/iibayarea.org\/es\/oportunidad\/especialista-en-gestion-de-subvenciones-y-cumplimiento-san-francisco\/\">Especialista en Gesti\u00f3n de Subvenciones y Cumplimiento, San Francisco<\/a>\n        <\/h3>\n\n                  <p class=\"opportunity-block__excerpt\">El Especialista en Gesti\u00f3n de Subvenciones y Cumplimiento apoya al Director de Subvenciones con los contratos y subvenciones del IIBA del Departamento de Servicios Sociales de California (CDSS), centr\u00e1ndose principalmente en la Financiaci\u00f3n de Servicios de Inmigraci\u00f3n (ISF) y el Centro de Red Regional (RNH). Esta funci\u00f3n es responsable de garantizar la exactitud de los datos, la presentaci\u00f3n puntual de todos los informes y el cumplimiento continuo de los requisitos de la subvenci\u00f3n y el contrato en las siete oficinas del IIBA y las organizaciones subvencionadas. <\/p>\n              <\/div>\n          \n      <div class=\"opportunity-block\">\n        <h3 class=\"opportunity-block__title\">\n          <a href=\"https:\/\/iibayarea.org\/es\/oportunidad\/auxiliar-administrativo-petaluma\/\">Auxiliar administrativo, Petaluma<\/a>\n        <\/h3>\n\n                  <p class=\"opportunity-block__excerpt\">El objetivo principal del Asistente Administrativo es proporcionar apoyo administrativo al programa jur\u00eddico de inmigraci\u00f3n del IIBA en North Bay. El Asistente Administrativo garantizar\u00e1 el buen funcionamiento de la oficina y ayudar\u00e1 a mejorar los procedimientos y las operaciones diarias. <\/p>\n              <\/div>\n          \n      <div class=\"opportunity-block\">\n        <h3 class=\"opportunity-block__title\">\n          <a href=\"https:\/\/iibayarea.org\/es\/oportunidad\/junior-account-san-francisco\/\">Junior Account, San Francisco<\/a>\n        <\/h3>\n\n                  <p class=\"opportunity-block__excerpt\">El Contable Junior apoya las operaciones diarias del Departamento Financiero, incluidas las cuentas a pagar y a cobrar, las conciliaciones bancarias y el seguimiento del cumplimiento de las subvenciones. El candidato ideal presta gran atenci\u00f3n a los detalles, le gusta trabajar con n\u00fameros y tiene experiencia en funciones contables en un entorno sin \u00e1nimo de lucro. Este puesto es una excelente oportunidad para alguien que busque profundizar en sus conocimientos de contabilidad al tiempo que contribuye a un trabajo significativo.  <\/p>\n              <\/div>\n          \n      <div class=\"opportunity-block\">\n        <h3 class=\"opportunity-block__title\">\n          <a href=\"https:\/\/iibayarea.org\/es\/oportunidad\/estudiante-de-derecho-en-practicas-externo-asistente-juridico\/\">Estudiante de Derecho en pr\u00e1cticas \/ Externo \/ Asistente Jur\u00eddico<\/a>\n        <\/h3>\n\n                  <p class=\"opportunity-block__excerpt\">El IIBA est\u00e1 interesado en acoger a estudiantes de Derecho durante el curso acad\u00e9mico como becarios o externos a tiempo parcial o completo, y durante el verano como asistentes jur\u00eddicos a tiempo completo. Los becarios, los externos y los asistentes jur\u00eddicos adquirir\u00e1n experiencia en derecho humanitario de inmigraci\u00f3n trabajando en casos jur\u00eddicos individuales y, en funci\u00f3n de las necesidades de la oficina, en actividades de divulgaci\u00f3n u otros proyectos especiales. Se trata de puestos no remunerados.  <\/p>\n              <\/div>\n          \n      <div class=\"opportunity-block\">\n        <h3 class=\"opportunity-block__title\">\n          <a href=\"https:\/\/iibayarea.org\/es\/oportunidad\/beca-juridica-de-inmigracion\/\">Beca Jur\u00eddica de Inmigraci\u00f3n<\/a>\n        <\/h3>\n\n                  <p class=\"opportunity-block__excerpt\">El Instituto de Inmigraci\u00f3n del \u00c1rea de la Bah\u00eda (IIBA) invita a los estudiantes y reci\u00e9n licenciados en Derecho a solicitar becas jur\u00eddicas con financiaci\u00f3n externa. Los becarios ser\u00e1n destinados a una de las siete oficinas del IIBA, donde apoyar\u00e1n la misi\u00f3n del IIBA prestando servicios jur\u00eddicos de inmigraci\u00f3n, asesoramiento y representaci\u00f3n en apoyo de las personas con bajos ingresos. <\/p>\n              <\/div>\n          \n      <div class=\"opportunity-block\">\n        <h3 class=\"opportunity-block__title\">\n          <a href=\"https:\/\/iibayarea.org\/es\/oportunidad\/buscas-oportunidades-de-voluntariado\/\">\u00bfBuscas oportunidades de voluntariado?<\/a>\n        <\/h3>\n\n                  <p class=\"opportunity-block__excerpt\">Por favor, env\u00eda un correo electr\u00f3nico a volunteer@iibayarea.org con tu curr\u00edculum para conocer m\u00e1s formas en las que puedes ayudar al IIBA.  <\/p>\n              <\/div>\n      <\/div>\n","protected":false},"excerpt":{"rendered":"<p>\u00a1\u00danete a nuestro creciente equipo para apoyar a las familias inmigrantes de nuestra comunidad! Inf\u00f3rmate a continuaci\u00f3n sobre los puestos vacantes en el IIBA.  <\/p>\n","protected":false},"author":2,"featured_media":0,"parent":0,"menu_order":41,"comment_status":"closed","ping_status":"closed","template":"page-fullwidth","meta":{"_acf_changed":false,"footnotes":""},"region":[],"class_list":["post-12842","page","type-page","status-publish","hentry"],"acf":[],"featured_image_urls_v2":{"full":"","thumbnail":"","medium":"","medium_large":"","large":"","1536x1536":"","2048x2048":"","gform-image-choice-sm":"","gform-image-choice-md":"","gform-image-choice-lg":""},"post_excerpt_stackable_v2":"<p>\u00a1\u00danete a nuestro creciente equipo para apoyar a las familias inmigrantes de nuestra comunidad! Inf\u00f3rmate a continuaci\u00f3n sobre los puestos vacantes en el IIBA.  <\/p>\n","category_list_v2":"","author_info_v2":{"name":"Campaign Upgrade","url":"https:\/\/iibayarea.org\/es\/author\/campaign-upgrade\/"},"comments_num_v2":"0 comentarios","yoast_head":"<!-- This site is optimized with the Yoast SEO plugin v27.5 - https:\/\/yoast.com\/product\/yoast-seo-wordpress\/ -->\n<title>Oportunidades profesionales | Immigration Institute of the Bay Area<\/title>\n<meta name=\"description\" content=\"\u00a1\u00danete a nuestro equipo en crecimiento! Inf\u00f3rmate sobre los puestos vacantes en el IIBA.\" \/>\n<meta name=\"robots\" content=\"index, follow, max-snippet:-1, max-image-preview:large, max-video-preview:-1\" \/>\n<link rel=\"canonical\" href=\"https:\/\/iibayarea.org\/es\/oportunidades-profesionales\/\" \/>\n<meta property=\"og:locale\" content=\"es_ES\" \/>\n<meta property=\"og:type\" content=\"article\" \/>\n<meta property=\"og:title\" content=\"Oportunidades profesionales | Immigration Institute of the Bay Area\" \/>\n<meta property=\"og:description\" content=\"\u00a1\u00danete a nuestro equipo en crecimiento! Inf\u00f3rmate sobre los puestos vacantes en el IIBA.\" \/>\n<meta property=\"og:url\" content=\"https:\/\/iibayarea.org\/es\/oportunidades-profesionales\/\" \/>\n<meta property=\"og:site_name\" content=\"Immigration Institute of the Bay Area\" \/>\n<meta property=\"article:publisher\" content=\"https:\/\/facebook.com\/iiba1918\" \/>\n<meta property=\"article:modified_time\" content=\"2026-03-07T00:35:04+00:00\" \/>\n<meta name=\"twitter:card\" content=\"summary_large_image\" \/>\n<meta name=\"twitter:site\" content=\"@IIBA1918\" \/>\n<script type=\"application\/ld+json\" class=\"yoast-schema-graph\">{\"@context\":\"https:\\\/\\\/schema.org\",\"@graph\":[{\"@type\":\"WebPage\",\"@id\":\"https:\\\/\\\/iibayarea.org\\\/es\\\/oportunidades-profesionales\\\/\",\"url\":\"https:\\\/\\\/iibayarea.org\\\/es\\\/oportunidades-profesionales\\\/\",\"name\":\"Oportunidades profesionales | Immigration Institute of the Bay Area\",\"isPartOf\":{\"@id\":\"https:\\\/\\\/iibayarea.org\\\/es\\\/#website\"},\"datePublished\":\"2019-02-15T00:50:12+00:00\",\"dateModified\":\"2026-03-07T00:35:04+00:00\",\"description\":\"\u00a1\u00danete a nuestro equipo en crecimiento! Inf\u00f3rmate sobre los puestos vacantes en el IIBA.\",\"breadcrumb\":{\"@id\":\"https:\\\/\\\/iibayarea.org\\\/es\\\/oportunidades-profesionales\\\/#breadcrumb\"},\"inLanguage\":\"es\",\"potentialAction\":[{\"@type\":\"ReadAction\",\"target\":[\"https:\\\/\\\/iibayarea.org\\\/es\\\/oportunidades-profesionales\\\/\"]}]},{\"@type\":\"BreadcrumbList\",\"@id\":\"https:\\\/\\\/iibayarea.org\\\/es\\\/oportunidades-profesionales\\\/#breadcrumb\",\"itemListElement\":[{\"@type\":\"ListItem\",\"position\":1,\"name\":\"Home\",\"item\":\"https:\\\/\\\/iibayarea.org\\\/es\\\/\"},{\"@type\":\"ListItem\",\"position\":2,\"name\":\"Oportunidades profesionales\"}]},{\"@type\":\"WebSite\",\"@id\":\"https:\\\/\\\/iibayarea.org\\\/es\\\/#website\",\"url\":\"https:\\\/\\\/iibayarea.org\\\/es\\\/\",\"name\":\"Immigration Institute of the Bay Area\",\"description\":\"a nonprofit providing immigration legal services\",\"publisher\":{\"@id\":\"https:\\\/\\\/iibayarea.org\\\/es\\\/#organization\"},\"potentialAction\":[{\"@type\":\"SearchAction\",\"target\":{\"@type\":\"EntryPoint\",\"urlTemplate\":\"https:\\\/\\\/iibayarea.org\\\/es\\\/?s={search_term_string}\"},\"query-input\":{\"@type\":\"PropertyValueSpecification\",\"valueRequired\":true,\"valueName\":\"search_term_string\"}}],\"inLanguage\":\"es\"},{\"@type\":\"Organization\",\"@id\":\"https:\\\/\\\/iibayarea.org\\\/es\\\/#organization\",\"name\":\"Immigration Institute of the Bay Area (IIBA)\",\"url\":\"https:\\\/\\\/iibayarea.org\\\/es\\\/\",\"logo\":{\"@type\":\"ImageObject\",\"inLanguage\":\"es\",\"@id\":\"https:\\\/\\\/iibayarea.org\\\/es\\\/#\\\/schema\\\/logo\\\/image\\\/\",\"url\":\"https:\\\/\\\/iibayarea.org\\\/wp-content\\\/uploads\\\/2022\\\/06\\\/Logo_Full_Name.png\",\"contentUrl\":\"https:\\\/\\\/iibayarea.org\\\/wp-content\\\/uploads\\\/2022\\\/06\\\/Logo_Full_Name.png\",\"width\":4800,\"height\":1200,\"caption\":\"Immigration Institute of the Bay Area (IIBA)\"},\"image\":{\"@id\":\"https:\\\/\\\/iibayarea.org\\\/es\\\/#\\\/schema\\\/logo\\\/image\\\/\"},\"sameAs\":[\"https:\\\/\\\/facebook.com\\\/iiba1918\",\"https:\\\/\\\/x.com\\\/IIBA1918\",\"https:\\\/\\\/www.instagram.com\\\/iiba1918\\\/\",\"https:\\\/\\\/www.linkedin.com\\\/company\\\/international-institute-of-the-bay-area\"]}]}<\/script>\n<!-- \/ Yoast SEO plugin. -->","yoast_head_json":{"title":"Oportunidades profesionales | Immigration Institute of the Bay Area","description":"\u00a1\u00danete a nuestro equipo en crecimiento! Inf\u00f3rmate sobre los puestos vacantes en el IIBA.","robots":{"index":"index","follow":"follow","max-snippet":"max-snippet:-1","max-image-preview":"max-image-preview:large","max-video-preview":"max-video-preview:-1"},"canonical":"https:\/\/iibayarea.org\/es\/oportunidades-profesionales\/","og_locale":"es_ES","og_type":"article","og_title":"Oportunidades profesionales | Immigration Institute of the Bay Area","og_description":"\u00a1\u00danete a nuestro equipo en crecimiento! Inf\u00f3rmate sobre los puestos vacantes en el IIBA.","og_url":"https:\/\/iibayarea.org\/es\/oportunidades-profesionales\/","og_site_name":"Immigration Institute of the Bay Area","article_publisher":"https:\/\/facebook.com\/iiba1918","article_modified_time":"2026-03-07T00:35:04+00:00","twitter_card":"summary_large_image","twitter_site":"@IIBA1918","schema":{"@context":"https:\/\/schema.org","@graph":[{"@type":"WebPage","@id":"https:\/\/iibayarea.org\/es\/oportunidades-profesionales\/","url":"https:\/\/iibayarea.org\/es\/oportunidades-profesionales\/","name":"Oportunidades profesionales | Immigration Institute of the Bay Area","isPartOf":{"@id":"https:\/\/iibayarea.org\/es\/#website"},"datePublished":"2019-02-15T00:50:12+00:00","dateModified":"2026-03-07T00:35:04+00:00","description":"\u00a1\u00danete a nuestro equipo en crecimiento! Inf\u00f3rmate sobre los puestos vacantes en el IIBA.","breadcrumb":{"@id":"https:\/\/iibayarea.org\/es\/oportunidades-profesionales\/#breadcrumb"},"inLanguage":"es","potentialAction":[{"@type":"ReadAction","target":["https:\/\/iibayarea.org\/es\/oportunidades-profesionales\/"]}]},{"@type":"BreadcrumbList","@id":"https:\/\/iibayarea.org\/es\/oportunidades-profesionales\/#breadcrumb","itemListElement":[{"@type":"ListItem","position":1,"name":"Home","item":"https:\/\/iibayarea.org\/es\/"},{"@type":"ListItem","position":2,"name":"Oportunidades profesionales"}]},{"@type":"WebSite","@id":"https:\/\/iibayarea.org\/es\/#website","url":"https:\/\/iibayarea.org\/es\/","name":"Immigration Institute of the Bay Area","description":"a nonprofit providing immigration legal services","publisher":{"@id":"https:\/\/iibayarea.org\/es\/#organization"},"potentialAction":[{"@type":"SearchAction","target":{"@type":"EntryPoint","urlTemplate":"https:\/\/iibayarea.org\/es\/?s={search_term_string}"},"query-input":{"@type":"PropertyValueSpecification","valueRequired":true,"valueName":"search_term_string"}}],"inLanguage":"es"},{"@type":"Organization","@id":"https:\/\/iibayarea.org\/es\/#organization","name":"Immigration Institute of the Bay Area (IIBA)","url":"https:\/\/iibayarea.org\/es\/","logo":{"@type":"ImageObject","inLanguage":"es","@id":"https:\/\/iibayarea.org\/es\/#\/schema\/logo\/image\/","url":"https:\/\/iibayarea.org\/wp-content\/uploads\/2022\/06\/Logo_Full_Name.png","contentUrl":"https:\/\/iibayarea.org\/wp-content\/uploads\/2022\/06\/Logo_Full_Name.png","width":4800,"height":1200,"caption":"Immigration Institute of the Bay Area (IIBA)"},"image":{"@id":"https:\/\/iibayarea.org\/es\/#\/schema\/logo\/image\/"},"sameAs":["https:\/\/facebook.com\/iiba1918","https:\/\/x.com\/IIBA1918","https:\/\/www.instagram.com\/iiba1918\/","https:\/\/www.linkedin.com\/company\/international-institute-of-the-bay-area"]}]}},"_links":{"self":[{"href":"https:\/\/iibayarea.org\/es\/wp-json\/wp\/v2\/pages\/12842","targetHints":{"allow":["GET"]}}],"collection":[{"href":"https:\/\/iibayarea.org\/es\/wp-json\/wp\/v2\/pages"}],"about":[{"href":"https:\/\/iibayarea.org\/es\/wp-json\/wp\/v2\/types\/page"}],"author":[{"embeddable":true,"href":"https:\/\/iibayarea.org\/es\/wp-json\/wp\/v2\/users\/2"}],"replies":[{"embeddable":true,"href":"https:\/\/iibayarea.org\/es\/wp-json\/wp\/v2\/comments?post=12842"}],"version-history":[{"count":0,"href":"https:\/\/iibayarea.org\/es\/wp-json\/wp\/v2\/pages\/12842\/revisions"}],"wp:attachment":[{"href":"https:\/\/iibayarea.org\/es\/wp-json\/wp\/v2\/media?parent=12842"}],"wp:term":[{"taxonomy":"region","embeddable":true,"href":"https:\/\/iibayarea.org\/es\/wp-json\/wp\/v2\/region?post=12842"}],"curies":[{"name":"wp","href":"https:\/\/api.w.org\/{rel}","templated":true}]}}