{"id":12850,"date":"2024-10-28T11:21:45","date_gmt":"2024-10-28T18:21:45","guid":{"rendered":"https:\/\/iibayarea.local\/soy-iiba\/"},"modified":"2026-02-25T14:22:12","modified_gmt":"2026-02-25T22:22:12","slug":"soy-iiba","status":"publish","type":"page","link":"https:\/\/iibayarea.org\/es\/quienes-somos\/soy-iiba\/","title":{"rendered":"SOY IIBA"},"content":{"rendered":"\n<h1 class=\"wp-block-heading\"><strong>El IIBA lanza la campa\u00f1a I&#8217;M IIBA para apoyar a los inmigrantes del \u00c1rea de la Bah\u00eda<\/strong><\/h1>\n\n<div class=\"wp-block-stackable-carousel stk-block-carousel stk--is-slide stk--arrows-justify-space-between stk--arrows-align-center stk-block stk-c769acd\" data-slides-to-show=\"\" data-block-id=\"c769acd\"><div class=\"stk-block-carousel__content-wrapper\"><div class=\"stk-row stk-inner-blocks stk-block-content stk-block-carousel__slider-wrapper stk-content-align stk-c769acd-column\"><div class=\"stk-block-carousel__slider\" role=\"list\" data-autoplay=\"3300\" data-label-slide-of=\"Slide %%d of %%d\">\n<div class=\"wp-block-stackable-column stk-block-column stk-column stk-block stk-306d90e\" data-v=\"4\" data-block-id=\"306d90e\"><div class=\"stk-column-wrapper stk-block-column__content stk-container stk-306d90e-container stk--no-background stk--no-padding\"><div class=\"stk-block-content stk-inner-blocks stk-306d90e-inner-blocks\">\n<figure class=\"wp-block-image size-large\"><img loading=\"lazy\" decoding=\"async\" width=\"1024\" height=\"358\" src=\"https:\/\/iibayarea.org\/wp-content\/uploads\/2024\/10\/Hilda_PAGE1-1024x358.jpg\" alt=\"\" class=\"wp-image-11998\" srcset=\"https:\/\/iibayarea.org\/wp-content\/uploads\/2024\/10\/Hilda_PAGE1-1024x358.jpg 1024w, https:\/\/iibayarea.org\/wp-content\/uploads\/2024\/10\/Hilda_PAGE1-512x179.jpg 512w, https:\/\/iibayarea.org\/wp-content\/uploads\/2024\/10\/Hilda_PAGE1-150x52.jpg 150w, https:\/\/iibayarea.org\/wp-content\/uploads\/2024\/10\/Hilda_PAGE1-768x269.jpg 768w, https:\/\/iibayarea.org\/wp-content\/uploads\/2024\/10\/Hilda_PAGE1-1536x537.jpg 1536w, https:\/\/iibayarea.org\/wp-content\/uploads\/2024\/10\/Hilda_PAGE1-2048x717.jpg 2048w, https:\/\/iibayarea.org\/wp-content\/uploads\/2024\/10\/Hilda_PAGE1-256x90.jpg 256w, https:\/\/iibayarea.org\/wp-content\/uploads\/2024\/10\/Hilda_PAGE1-1280x448.jpg 1280w\" sizes=\"auto, (max-width: 1024px) 100vw, 1024px\" \/><\/figure>\n<\/div><\/div><\/div>\n\n\n\n<div class=\"wp-block-stackable-column stk-block-column stk-column stk-block stk-170089c\" data-v=\"4\" data-block-id=\"170089c\"><div class=\"stk-column-wrapper stk-block-column__content stk-container stk-170089c-container stk--no-background stk--no-padding\"><div class=\"stk-block-content stk-inner-blocks stk-170089c-inner-blocks\">\n<figure class=\"wp-block-image size-large\"><img loading=\"lazy\" decoding=\"async\" width=\"1024\" height=\"358\" src=\"https:\/\/iibayarea.org\/wp-content\/uploads\/2024\/10\/Carousel_ImIIBA-1-1024x358.jpg\" alt=\"\" class=\"wp-image-11962\" srcset=\"https:\/\/iibayarea.org\/wp-content\/uploads\/2024\/10\/Carousel_ImIIBA-1-1024x358.jpg 1024w, https:\/\/iibayarea.org\/wp-content\/uploads\/2024\/10\/Carousel_ImIIBA-1-512x179.jpg 512w, https:\/\/iibayarea.org\/wp-content\/uploads\/2024\/10\/Carousel_ImIIBA-1-150x52.jpg 150w, https:\/\/iibayarea.org\/wp-content\/uploads\/2024\/10\/Carousel_ImIIBA-1-768x269.jpg 768w, https:\/\/iibayarea.org\/wp-content\/uploads\/2024\/10\/Carousel_ImIIBA-1-1536x537.jpg 1536w, https:\/\/iibayarea.org\/wp-content\/uploads\/2024\/10\/Carousel_ImIIBA-1-2048x717.jpg 2048w, https:\/\/iibayarea.org\/wp-content\/uploads\/2024\/10\/Carousel_ImIIBA-1-256x90.jpg 256w, https:\/\/iibayarea.org\/wp-content\/uploads\/2024\/10\/Carousel_ImIIBA-1-1280x448.jpg 1280w\" sizes=\"auto, (max-width: 1024px) 100vw, 1024px\" \/><\/figure>\n<\/div><\/div><\/div>\n\n\n\n<div class=\"wp-block-stackable-column stk-block-column stk-column stk-block stk-239ec66\" data-v=\"4\" data-block-id=\"239ec66\"><div class=\"stk-column-wrapper stk-block-column__content stk-container stk-239ec66-container stk--no-background stk--no-padding\"><div class=\"stk-block-content stk-inner-blocks stk-239ec66-inner-blocks\">\n<figure class=\"wp-block-image size-large\"><img loading=\"lazy\" decoding=\"async\" width=\"1024\" height=\"358\" src=\"https:\/\/iibayarea.org\/wp-content\/uploads\/2024\/10\/Valentina_page-1024x358.jpg\" alt=\"\" class=\"wp-image-11990\" srcset=\"https:\/\/iibayarea.org\/wp-content\/uploads\/2024\/10\/Valentina_page-1024x358.jpg 1024w, https:\/\/iibayarea.org\/wp-content\/uploads\/2024\/10\/Valentina_page-512x179.jpg 512w, https:\/\/iibayarea.org\/wp-content\/uploads\/2024\/10\/Valentina_page-150x52.jpg 150w, https:\/\/iibayarea.org\/wp-content\/uploads\/2024\/10\/Valentina_page-768x269.jpg 768w, https:\/\/iibayarea.org\/wp-content\/uploads\/2024\/10\/Valentina_page-1536x537.jpg 1536w, https:\/\/iibayarea.org\/wp-content\/uploads\/2024\/10\/Valentina_page-2048x717.jpg 2048w, https:\/\/iibayarea.org\/wp-content\/uploads\/2024\/10\/Valentina_page-256x90.jpg 256w, https:\/\/iibayarea.org\/wp-content\/uploads\/2024\/10\/Valentina_page-1280x448.jpg 1280w\" sizes=\"auto, (max-width: 1024px) 100vw, 1024px\" \/><\/figure>\n<\/div><\/div><\/div>\n\n\n\n<div class=\"wp-block-stackable-column stk-block-column stk-column stk-block stk-037e035\" data-v=\"4\" data-block-id=\"037e035\"><div class=\"stk-column-wrapper stk-block-column__content stk-container stk-037e035-container stk--no-background stk--no-padding\"><div class=\"stk-block-content stk-inner-blocks stk-037e035-inner-blocks\">\n<figure class=\"wp-block-image size-large\"><img loading=\"lazy\" decoding=\"async\" width=\"1024\" height=\"358\" src=\"https:\/\/iibayarea.org\/wp-content\/uploads\/2024\/10\/yinyin_page-1024x358.jpg\" alt=\"\" class=\"wp-image-11985\" srcset=\"https:\/\/iibayarea.org\/wp-content\/uploads\/2024\/10\/yinyin_page-1024x358.jpg 1024w, https:\/\/iibayarea.org\/wp-content\/uploads\/2024\/10\/yinyin_page-512x179.jpg 512w, https:\/\/iibayarea.org\/wp-content\/uploads\/2024\/10\/yinyin_page-150x52.jpg 150w, https:\/\/iibayarea.org\/wp-content\/uploads\/2024\/10\/yinyin_page-768x269.jpg 768w, https:\/\/iibayarea.org\/wp-content\/uploads\/2024\/10\/yinyin_page-1536x537.jpg 1536w, https:\/\/iibayarea.org\/wp-content\/uploads\/2024\/10\/yinyin_page-2048x717.jpg 2048w, https:\/\/iibayarea.org\/wp-content\/uploads\/2024\/10\/yinyin_page-256x90.jpg 256w, https:\/\/iibayarea.org\/wp-content\/uploads\/2024\/10\/yinyin_page-1280x448.jpg 1280w\" sizes=\"auto, (max-width: 1024px) 100vw, 1024px\" \/><\/figure>\n<\/div><\/div><\/div>\n<\/div><div class=\"stk-block-carousel__buttons\"><button class=\"stk-block-carousel__button stk-block-carousel__button__prev\" aria-label=\"Previous slide\"><svg aria-hidden=\"true\" focusable=\"false\" data-prefix=\"fas\" data-icon=\"chevron-left\" class=\"svg-inline--fa fa-chevron-left\" xmlns=\"http:\/\/www.w3.org\/2000\/svg\" viewBox=\"0 0 320 512\" width=\"32\" height=\"32\"><path d=\"M34.52 239.03L228.87 44.69c9.37-9.37 24.57-9.37 33.94 0l22.67 22.67c9.36 9.36 9.37 24.52.04 33.9L131.49 256l154.02 154.75c9.34 9.38 9.32 24.54-.04 33.9l-22.67 22.67c-9.37 9.37-24.57 9.37-33.94 0L34.52 272.97c-9.37-9.37-9.37-24.57 0-33.94z\"><\/path><\/svg><\/button><button class=\"stk-block-carousel__button stk-block-carousel__button__next\" aria-label=\"Next slide\"><svg aria-hidden=\"true\" focusable=\"false\" data-prefix=\"fas\" data-icon=\"chevron-right\" class=\"svg-inline--fa fa-chevron-right\" xmlns=\"http:\/\/www.w3.org\/2000\/svg\" viewBox=\"0 0 320 512\" width=\"32\" height=\"32\"><path d=\"M285.476 272.971L91.132 467.314c-9.373 9.373-24.569 9.373-33.941 0l-22.667-22.667c-9.357-9.357-9.375-24.522-.04-33.901L188.505 256 34.484 101.255c-9.335-9.379-9.317-24.544.04-33.901l22.667-22.667c9.373-9.373 24.569-9.373 33.941 0L285.475 239.03c9.373 9.372 9.373 24.568.001 33.941z\"><\/path><\/svg><\/button><\/div><\/div><div class=\"stk-block-carousel__dots\" role=\"list\" data-label=\"Slide %%d\"><\/div><\/div><\/div>\n\n<p>El Instituto de Inmigraci\u00f3n del \u00c1rea de la Bah\u00eda (IIBA) lanza una nueva campa\u00f1a -llamada <strong>I&#8217;M IIBA-<\/strong> que ensalza lo que sabemos que es el verdadero car\u00e1cter y las contribuciones positivas de los inmigrantes del \u00c1rea de la Bah\u00eda. Nuestros 106 a\u00f1os de historia de trabajo con comunidades de inmigrantes para proporcionar servicios jur\u00eddicos, educaci\u00f3n y oportunidades de participaci\u00f3n c\u00edvica han contribuido a ese conocimiento.<\/p>\n\n<p>\u00abEl IIBA se opone a la ret\u00f3rica antiinmigrante y a la narrativa xen\u00f3foba que han dominado el discurso pol\u00edtico de nuestra naci\u00f3n\u00bb, declar\u00f3 Ellen Dumesnil, directora ejecutiva del IIBA.  <\/p>\n\n<p>\u00abEl IIBA defiende a los inmigrantes porque sabemos que su valor colectivo, su resistencia y su optimismo son los que hacen que nuestra comunidad del \u00c1rea de la Bah\u00eda sea mejor\u00bb, dijo Dumesnil. <strong>\u00ab<\/strong>La campa\u00f1a <strong>I&#8217;M IIBA <\/strong>reconoce que los inmigrantes no son &#8216;ellos&#8217;. Los inmigrantes forman parte de &#8216;nosotros'\u00bb.<\/p>\n\n<p><\/p>\n\n<figure class=\"wp-block-image aligncenter size-full is-resized\"><img loading=\"lazy\" decoding=\"async\" width=\"640\" height=\"438\" src=\"https:\/\/iibayarea.org\/wp-content\/uploads\/2024\/10\/IIBA.Outdoor.Billboard.04.jpeg\" alt=\"\" class=\"wp-image-12004\" style=\"width:1040px;height:auto\" srcset=\"https:\/\/iibayarea.org\/wp-content\/uploads\/2024\/10\/IIBA.Outdoor.Billboard.04.jpeg 640w, https:\/\/iibayarea.org\/wp-content\/uploads\/2024\/10\/IIBA.Outdoor.Billboard.04-512x350.jpeg 512w, https:\/\/iibayarea.org\/wp-content\/uploads\/2024\/10\/IIBA.Outdoor.Billboard.04-150x103.jpeg 150w, https:\/\/iibayarea.org\/wp-content\/uploads\/2024\/10\/IIBA.Outdoor.Billboard.04-256x175.jpeg 256w\" sizes=\"auto, (max-width: 640px) 100vw, 640px\" \/><\/figure>\n\n<p><\/p>\n\n<p>La <strong>campa\u00f1a I&#8217;M<\/strong> IIBA, que aparece en vallas publicitarias, autobuses y estaciones de BART de toda el \u00c1rea de la Bah\u00eda, destaca a clientes, empleados y voluntarios inmigrantes que aportan a nuestra comunidad sus medios de vida y talentos \u00fanicos. Los participantes en la campa\u00f1a <strong>I&#8217;M<\/strong> IIBA nos muestran c\u00f3mo:<\/p>\n\n<p><\/p>\n\n<div class=\"wp-block-group is-nowrap is-layout-flex wp-container-core-group-is-layout-6c531013 wp-block-group-is-layout-flex\">\n<h1 class=\"wp-block-heading\"><\/h1>\n\n\n\n<div class=\"wp-block-group is-layout-constrained wp-block-group-is-layout-constrained\">\n<p><strong>Los inmigrantes son deportistas, artistas y m\u00fasicos.<\/strong><\/p>\n\n\n\n<p><strong>Los inmigrantes son trabajadores m\u00e9dicos y primeros intervinientes.<\/strong><\/p>\n\n\n\n<p> <strong>Los inmigrantes son cuidadores y amos de casa.<\/strong><\/p>\n\n\n\n<p><strong>Los inmigrantes son ni\u00f1os y ancianos.<\/strong><\/p>\n\n\n\n<p><strong>I<\/strong><strong>os inmigrantes son empresarios y contribuyentes.<\/strong><\/p>\n\n\n\n<p><strong>Los inmigrantes son estudiantes y profesionales en activo.<\/strong><\/p>\n\n\n\n<p><strong>Los inmigrantes son innovadores y emprendedores.<\/strong><\/p>\n\n\n\n<p><\/p>\n<\/div>\n<\/div>\n\n<p><\/p>\n\n<p><strong>I&#8217;M IIBA<\/strong> es una campa\u00f1a en curso que celebra las historias de inmigrantes que tienen un impacto positivo en toda el \u00c1rea de la Bah\u00eda: desde el centro de San Francisco hasta Uptown Oakland; desde los c\u00edrculos tecnol\u00f3gicos de Silicon Valley hasta la industria vin\u00edcola de Napa Valley; desde las granjas del condado de Sonoma hasta los campus universitarios de los condados de Contra Costa, San Mateo y Alameda.<\/p>\n\n<p>La campa\u00f1a <strong>I&#8217;M IIBA<\/strong> pretende animar a otros a unirse al IIBA para solidarizarse con los inmigrantes de nuestra comunidad. Sigue la campa\u00f1a <strong>I&#8217;M IIBA<\/strong> en las redes sociales: #IMIIBA<\/p>\n","protected":false},"excerpt":{"rendered":"<p>El IIBA lanza la campa\u00f1a I&#8217;M IIBA para apoyar a los inmigrantes del \u00c1rea de la Bah\u00eda El Instituto de Inmigraci\u00f3n del \u00c1rea de la Bah\u00eda (IIBA) lanza una nueva campa\u00f1a -llamada I&#8217;M IIBA- que ensalza lo que sabemos que es el verdadero car\u00e1cter y las contribuciones positivas de los inmigrantes del \u00c1rea de la [&hellip;]<\/p>\n","protected":false},"author":22,"featured_media":0,"parent":6902,"menu_order":12,"comment_status":"closed","ping_status":"closed","template":"","meta":{"_acf_changed":false,"footnotes":""},"region":[],"class_list":["post-12850","page","type-page","status-publish","hentry"],"acf":[],"featured_image_urls_v2":{"full":"","thumbnail":"","medium":"","medium_large":"","large":"","1536x1536":"","2048x2048":"","gform-image-choice-sm":"","gform-image-choice-md":"","gform-image-choice-lg":""},"post_excerpt_stackable_v2":"<p>El IIBA lanza la campa\u00f1a I&#8217;M IIBA para apoyar a los inmigrantes del \u00c1rea de la Bah\u00eda El Instituto de Inmigraci\u00f3n del \u00c1rea de la Bah\u00eda (IIBA) lanza una nueva campa\u00f1a -llamada I&#8217;M IIBA- que ensalza lo que sabemos que es el verdadero car\u00e1cter y las contribuciones positivas de los inmigrantes del \u00c1rea de la Bah\u00eda. Nuestros 106 a\u00f1os de historia de trabajo con comunidades de inmigrantes para proporcionar servicios jur\u00eddicos, educaci\u00f3n y oportunidades de participaci\u00f3n c\u00edvica han contribuido a ese conocimiento. \u00abEl IIBA se opone a la ret\u00f3rica antiinmigrante y a la narrativa xen\u00f3foba que han dominado el discurso&hellip;<\/p>\n","category_list_v2":"","author_info_v2":{"name":"Katerine Chung","url":"https:\/\/iibayarea.org\/es\/author\/kchung\/"},"comments_num_v2":"0 comentarios","yoast_head":"<!-- This site is optimized with the Yoast SEO plugin v27.4 - https:\/\/yoast.com\/product\/yoast-seo-wordpress\/ -->\n<title>SOY IIBA | Immigration Institute of the Bay Area<\/title>\n<meta name=\"robots\" content=\"index, follow, max-snippet:-1, max-image-preview:large, max-video-preview:-1\" \/>\n<link rel=\"canonical\" href=\"https:\/\/iibayarea.org\/es\/quienes-somos\/soy-iiba\/\" \/>\n<meta property=\"og:locale\" content=\"es_ES\" \/>\n<meta property=\"og:type\" content=\"article\" \/>\n<meta property=\"og:title\" content=\"SOY IIBA | Immigration Institute of the Bay Area\" \/>\n<meta property=\"og:description\" content=\"El IIBA lanza la campa\u00f1a I&#8217;M IIBA para apoyar a los inmigrantes del \u00c1rea de la Bah\u00eda El Instituto de Inmigraci\u00f3n del \u00c1rea de la Bah\u00eda (IIBA) lanza una nueva campa\u00f1a -llamada I&#8217;M IIBA- que ensalza lo que sabemos que es el verdadero car\u00e1cter y las contribuciones positivas de los inmigrantes del \u00c1rea de la [&hellip;]\" \/>\n<meta property=\"og:url\" content=\"https:\/\/iibayarea.org\/es\/quienes-somos\/soy-iiba\/\" \/>\n<meta property=\"og:site_name\" content=\"Immigration Institute of the Bay Area\" \/>\n<meta property=\"article:publisher\" content=\"https:\/\/facebook.com\/iiba1918\" \/>\n<meta property=\"article:modified_time\" content=\"2026-02-25T22:22:12+00:00\" \/>\n<meta property=\"og:image\" content=\"https:\/\/iibayarea.org\/wp-content\/uploads\/2024\/10\/Hilda_PAGE1-scaled.jpg\" \/>\n\t<meta property=\"og:image:width\" content=\"2560\" \/>\n\t<meta property=\"og:image:height\" content=\"896\" \/>\n\t<meta property=\"og:image:type\" content=\"image\/jpeg\" \/>\n<meta name=\"twitter:card\" content=\"summary_large_image\" \/>\n<meta name=\"twitter:site\" content=\"@IIBA1918\" \/>\n<meta name=\"twitter:label1\" content=\"Tiempo de lectura\" \/>\n\t<meta name=\"twitter:data1\" content=\"2 minutos\" \/>\n<script type=\"application\/ld+json\" class=\"yoast-schema-graph\">{\"@context\":\"https:\\\/\\\/schema.org\",\"@graph\":[{\"@type\":\"WebPage\",\"@id\":\"https:\\\/\\\/iibayarea.org\\\/es\\\/quienes-somos\\\/soy-iiba\\\/\",\"url\":\"https:\\\/\\\/iibayarea.org\\\/es\\\/quienes-somos\\\/soy-iiba\\\/\",\"name\":\"SOY IIBA | Immigration Institute of the Bay Area\",\"isPartOf\":{\"@id\":\"https:\\\/\\\/iibayarea.org\\\/es\\\/#website\"},\"primaryImageOfPage\":{\"@id\":\"https:\\\/\\\/iibayarea.org\\\/es\\\/quienes-somos\\\/soy-iiba\\\/#primaryimage\"},\"image\":{\"@id\":\"https:\\\/\\\/iibayarea.org\\\/es\\\/quienes-somos\\\/soy-iiba\\\/#primaryimage\"},\"thumbnailUrl\":\"https:\\\/\\\/iibayarea.org\\\/wp-content\\\/uploads\\\/2024\\\/10\\\/Hilda_PAGE1-1024x358.jpg\",\"datePublished\":\"2024-10-28T18:21:45+00:00\",\"dateModified\":\"2026-02-25T22:22:12+00:00\",\"breadcrumb\":{\"@id\":\"https:\\\/\\\/iibayarea.org\\\/es\\\/quienes-somos\\\/soy-iiba\\\/#breadcrumb\"},\"inLanguage\":\"es\",\"potentialAction\":[{\"@type\":\"ReadAction\",\"target\":[\"https:\\\/\\\/iibayarea.org\\\/es\\\/quienes-somos\\\/soy-iiba\\\/\"]}]},{\"@type\":\"ImageObject\",\"inLanguage\":\"es\",\"@id\":\"https:\\\/\\\/iibayarea.org\\\/es\\\/quienes-somos\\\/soy-iiba\\\/#primaryimage\",\"url\":\"https:\\\/\\\/iibayarea.org\\\/wp-content\\\/uploads\\\/2024\\\/10\\\/Hilda_PAGE1-1024x358.jpg\",\"contentUrl\":\"https:\\\/\\\/iibayarea.org\\\/wp-content\\\/uploads\\\/2024\\\/10\\\/Hilda_PAGE1-1024x358.jpg\"},{\"@type\":\"BreadcrumbList\",\"@id\":\"https:\\\/\\\/iibayarea.org\\\/es\\\/quienes-somos\\\/soy-iiba\\\/#breadcrumb\",\"itemListElement\":[{\"@type\":\"ListItem\",\"position\":1,\"name\":\"Home\",\"item\":\"https:\\\/\\\/iibayarea.org\\\/es\\\/\"},{\"@type\":\"ListItem\",\"position\":2,\"name\":\"Sobre nosotros\",\"item\":\"https:\\\/\\\/iibayarea.org\\\/es\\\/quienes-somos\\\/\"},{\"@type\":\"ListItem\",\"position\":3,\"name\":\"SOY IIBA\"}]},{\"@type\":\"WebSite\",\"@id\":\"https:\\\/\\\/iibayarea.org\\\/es\\\/#website\",\"url\":\"https:\\\/\\\/iibayarea.org\\\/es\\\/\",\"name\":\"Immigration Institute of the Bay Area\",\"description\":\"a nonprofit providing immigration legal services\",\"publisher\":{\"@id\":\"https:\\\/\\\/iibayarea.org\\\/es\\\/#organization\"},\"potentialAction\":[{\"@type\":\"SearchAction\",\"target\":{\"@type\":\"EntryPoint\",\"urlTemplate\":\"https:\\\/\\\/iibayarea.org\\\/es\\\/?s={search_term_string}\"},\"query-input\":{\"@type\":\"PropertyValueSpecification\",\"valueRequired\":true,\"valueName\":\"search_term_string\"}}],\"inLanguage\":\"es\"},{\"@type\":\"Organization\",\"@id\":\"https:\\\/\\\/iibayarea.org\\\/es\\\/#organization\",\"name\":\"Immigration Institute of the Bay Area (IIBA)\",\"url\":\"https:\\\/\\\/iibayarea.org\\\/es\\\/\",\"logo\":{\"@type\":\"ImageObject\",\"inLanguage\":\"es\",\"@id\":\"https:\\\/\\\/iibayarea.org\\\/es\\\/#\\\/schema\\\/logo\\\/image\\\/\",\"url\":\"https:\\\/\\\/iibayarea.org\\\/wp-content\\\/uploads\\\/2022\\\/06\\\/Logo_Full_Name.png\",\"contentUrl\":\"https:\\\/\\\/iibayarea.org\\\/wp-content\\\/uploads\\\/2022\\\/06\\\/Logo_Full_Name.png\",\"width\":4800,\"height\":1200,\"caption\":\"Immigration Institute of the Bay Area (IIBA)\"},\"image\":{\"@id\":\"https:\\\/\\\/iibayarea.org\\\/es\\\/#\\\/schema\\\/logo\\\/image\\\/\"},\"sameAs\":[\"https:\\\/\\\/facebook.com\\\/iiba1918\",\"https:\\\/\\\/x.com\\\/IIBA1918\",\"https:\\\/\\\/www.instagram.com\\\/iiba1918\\\/\",\"https:\\\/\\\/www.linkedin.com\\\/company\\\/international-institute-of-the-bay-area\"]}]}<\/script>\n<!-- \/ Yoast SEO plugin. -->","yoast_head_json":{"title":"SOY IIBA | Immigration Institute of the Bay Area","robots":{"index":"index","follow":"follow","max-snippet":"max-snippet:-1","max-image-preview":"max-image-preview:large","max-video-preview":"max-video-preview:-1"},"canonical":"https:\/\/iibayarea.org\/es\/quienes-somos\/soy-iiba\/","og_locale":"es_ES","og_type":"article","og_title":"SOY IIBA | Immigration Institute of the Bay Area","og_description":"El IIBA lanza la campa\u00f1a I&#8217;M IIBA para apoyar a los inmigrantes del \u00c1rea de la Bah\u00eda El Instituto de Inmigraci\u00f3n del \u00c1rea de la Bah\u00eda (IIBA) lanza una nueva campa\u00f1a -llamada I&#8217;M IIBA- que ensalza lo que sabemos que es el verdadero car\u00e1cter y las contribuciones positivas de los inmigrantes del \u00c1rea de la [&hellip;]","og_url":"https:\/\/iibayarea.org\/es\/quienes-somos\/soy-iiba\/","og_site_name":"Immigration Institute of the Bay Area","article_publisher":"https:\/\/facebook.com\/iiba1918","article_modified_time":"2026-02-25T22:22:12+00:00","og_image":[{"width":2560,"height":896,"url":"https:\/\/iibayarea.org\/wp-content\/uploads\/2024\/10\/Hilda_PAGE1-scaled.jpg","type":"image\/jpeg"}],"twitter_card":"summary_large_image","twitter_site":"@IIBA1918","twitter_misc":{"Tiempo de lectura":"2 minutos"},"schema":{"@context":"https:\/\/schema.org","@graph":[{"@type":"WebPage","@id":"https:\/\/iibayarea.org\/es\/quienes-somos\/soy-iiba\/","url":"https:\/\/iibayarea.org\/es\/quienes-somos\/soy-iiba\/","name":"SOY IIBA | Immigration Institute of the Bay Area","isPartOf":{"@id":"https:\/\/iibayarea.org\/es\/#website"},"primaryImageOfPage":{"@id":"https:\/\/iibayarea.org\/es\/quienes-somos\/soy-iiba\/#primaryimage"},"image":{"@id":"https:\/\/iibayarea.org\/es\/quienes-somos\/soy-iiba\/#primaryimage"},"thumbnailUrl":"https:\/\/iibayarea.org\/wp-content\/uploads\/2024\/10\/Hilda_PAGE1-1024x358.jpg","datePublished":"2024-10-28T18:21:45+00:00","dateModified":"2026-02-25T22:22:12+00:00","breadcrumb":{"@id":"https:\/\/iibayarea.org\/es\/quienes-somos\/soy-iiba\/#breadcrumb"},"inLanguage":"es","potentialAction":[{"@type":"ReadAction","target":["https:\/\/iibayarea.org\/es\/quienes-somos\/soy-iiba\/"]}]},{"@type":"ImageObject","inLanguage":"es","@id":"https:\/\/iibayarea.org\/es\/quienes-somos\/soy-iiba\/#primaryimage","url":"https:\/\/iibayarea.org\/wp-content\/uploads\/2024\/10\/Hilda_PAGE1-1024x358.jpg","contentUrl":"https:\/\/iibayarea.org\/wp-content\/uploads\/2024\/10\/Hilda_PAGE1-1024x358.jpg"},{"@type":"BreadcrumbList","@id":"https:\/\/iibayarea.org\/es\/quienes-somos\/soy-iiba\/#breadcrumb","itemListElement":[{"@type":"ListItem","position":1,"name":"Home","item":"https:\/\/iibayarea.org\/es\/"},{"@type":"ListItem","position":2,"name":"Sobre nosotros","item":"https:\/\/iibayarea.org\/es\/quienes-somos\/"},{"@type":"ListItem","position":3,"name":"SOY IIBA"}]},{"@type":"WebSite","@id":"https:\/\/iibayarea.org\/es\/#website","url":"https:\/\/iibayarea.org\/es\/","name":"Immigration Institute of the Bay Area","description":"a nonprofit providing immigration legal services","publisher":{"@id":"https:\/\/iibayarea.org\/es\/#organization"},"potentialAction":[{"@type":"SearchAction","target":{"@type":"EntryPoint","urlTemplate":"https:\/\/iibayarea.org\/es\/?s={search_term_string}"},"query-input":{"@type":"PropertyValueSpecification","valueRequired":true,"valueName":"search_term_string"}}],"inLanguage":"es"},{"@type":"Organization","@id":"https:\/\/iibayarea.org\/es\/#organization","name":"Immigration Institute of the Bay Area (IIBA)","url":"https:\/\/iibayarea.org\/es\/","logo":{"@type":"ImageObject","inLanguage":"es","@id":"https:\/\/iibayarea.org\/es\/#\/schema\/logo\/image\/","url":"https:\/\/iibayarea.org\/wp-content\/uploads\/2022\/06\/Logo_Full_Name.png","contentUrl":"https:\/\/iibayarea.org\/wp-content\/uploads\/2022\/06\/Logo_Full_Name.png","width":4800,"height":1200,"caption":"Immigration Institute of the Bay Area (IIBA)"},"image":{"@id":"https:\/\/iibayarea.org\/es\/#\/schema\/logo\/image\/"},"sameAs":["https:\/\/facebook.com\/iiba1918","https:\/\/x.com\/IIBA1918","https:\/\/www.instagram.com\/iiba1918\/","https:\/\/www.linkedin.com\/company\/international-institute-of-the-bay-area"]}]}},"_links":{"self":[{"href":"https:\/\/iibayarea.org\/es\/wp-json\/wp\/v2\/pages\/12850","targetHints":{"allow":["GET"]}}],"collection":[{"href":"https:\/\/iibayarea.org\/es\/wp-json\/wp\/v2\/pages"}],"about":[{"href":"https:\/\/iibayarea.org\/es\/wp-json\/wp\/v2\/types\/page"}],"author":[{"embeddable":true,"href":"https:\/\/iibayarea.org\/es\/wp-json\/wp\/v2\/users\/22"}],"replies":[{"embeddable":true,"href":"https:\/\/iibayarea.org\/es\/wp-json\/wp\/v2\/comments?post=12850"}],"version-history":[{"count":0,"href":"https:\/\/iibayarea.org\/es\/wp-json\/wp\/v2\/pages\/12850\/revisions"}],"up":[{"embeddable":true,"href":"https:\/\/iibayarea.org\/es\/wp-json\/wp\/v2\/pages\/6902"}],"wp:attachment":[{"href":"https:\/\/iibayarea.org\/es\/wp-json\/wp\/v2\/media?parent=12850"}],"wp:term":[{"taxonomy":"region","embeddable":true,"href":"https:\/\/iibayarea.org\/es\/wp-json\/wp\/v2\/region?post=12850"}],"curies":[{"name":"wp","href":"https:\/\/api.w.org\/{rel}","templated":true}]}}