{"id":6980,"date":"2019-02-14T16:38:32","date_gmt":"2019-02-15T00:38:32","guid":{"rendered":"https:\/\/iibayarea.local\/sobre-nosotros\/nuestro-plan-de-de-mision\/"},"modified":"2026-03-12T16:24:12","modified_gmt":"2026-03-12T23:24:12","slug":"mision","status":"publish","type":"page","link":"https:\/\/iibayarea.org\/es\/quienes-somos\/mision\/","title":{"rendered":"Misi\u00f3n y Plan Estrat\u00e9gico"},"content":{"rendered":"\n<h2 class=\"wp-block-heading\">Misi\u00f3n<\/h2>\n\n<p>El Instituto de Inmigraci\u00f3n del \u00c1rea de la Bah\u00eda (IIBA) ayuda a inmigrantes, refugiados y sus familias a integrarse y contribuir a la comunidad. El IIBA proporciona servicios jur\u00eddicos de inmigraci\u00f3n asequibles y de alta calidad, educaci\u00f3n y oportunidades de participaci\u00f3n c\u00edvica.   <\/p>\n\n<hr class=\"wp-block-separator has-css-opacity\"\/>\n\n<h2 class=\"wp-block-heading\">Plan Estrat\u00e9gico<\/h2>\n\n<div class=\"wp-block-columns is-layout-flex wp-container-core-columns-is-layout-28f84493 wp-block-columns-is-layout-flex\">\n<div class=\"wp-block-column is-layout-flow wp-block-column-is-layout-flow\">\n<p>Este a\u00f1o, el IIBA celebra m\u00e1s de 100 a\u00f1os de servicio a las comunidades de inmigrantes. Nuestra longevidad es testimonio de nuestra capacidad para escuchar, adaptarnos y responder a las necesidades cambiantes de las personas y familias a las que servimos.<\/p>\n\n\n\n<p>A medida que los retos a los que se enfrentan los inmigrantes crecen y evolucionan, nosotros hacemos lo mismo. Mantenemos nuestro compromiso de centrar nuestro trabajo en la Justicia, la Equidad, la Diversidad y la Inclusi\u00f3n. Hemos desarrollado un plan de trabajo interno con objetivos factibles, mensurables y sujetos a plazos para garantizar que controlamos nuestros avances y nos hacemos responsables de ellos.  <\/p>\n\n\n\n<p>Las redadas generalizadas, los grandes centros de retenci\u00f3n que act\u00faan como campos de detenci\u00f3n, las deportaciones masivas y la derogaci\u00f3n de la ciudadan\u00eda y otros derechos de inmigraci\u00f3n se han convertido en una realidad aterradora. Los trabajadores inmigrantes y sus familias necesitan aliados de confianza que les ayuden a navegar por las enrevesadas leyes de inmigraci\u00f3n y por un nuevo hogar rebosante tanto de oportunidades como de desprecio.  <strong>Nosotros, el Pueblo, deber\u00eda significar todos nosotros.<\/strong><\/p>\n<\/div>\n\n\n\n<div class=\"wp-block-column is-layout-flow wp-block-column-is-layout-flow\">\n<figure class=\"wp-block-image aligncenter size-medium has-custom-border\"><a href=\"https:\/\/iibayarea.org\/wp-content\/uploads\/2026\/03\/W-Final-2026-2028-Strategic-plan-IIBA-1.pdf\" target=\"_blank\" rel=\"noopener\"><img loading=\"lazy\" decoding=\"async\" width=\"512\" height=\"663\" src=\"https:\/\/iibayarea.org\/wp-content\/uploads\/2026\/03\/3Final-2026-2028-Strategic-plan-IIBA-512x663.png\" alt=\"\" class=\"has-border-color has-light-gray-border-color wp-image-13572\" style=\"border-width:1px;box-shadow:var(--wp--preset--shadow--natural)\" srcset=\"https:\/\/iibayarea.org\/wp-content\/uploads\/2026\/03\/3Final-2026-2028-Strategic-plan-IIBA-512x663.png 512w, https:\/\/iibayarea.org\/wp-content\/uploads\/2026\/03\/3Final-2026-2028-Strategic-plan-IIBA-1024x1326.png 1024w, https:\/\/iibayarea.org\/wp-content\/uploads\/2026\/03\/3Final-2026-2028-Strategic-plan-IIBA-150x194.png 150w, https:\/\/iibayarea.org\/wp-content\/uploads\/2026\/03\/3Final-2026-2028-Strategic-plan-IIBA-768x994.png 768w, https:\/\/iibayarea.org\/wp-content\/uploads\/2026\/03\/3Final-2026-2028-Strategic-plan-IIBA-1187x1536.png 1187w, https:\/\/iibayarea.org\/wp-content\/uploads\/2026\/03\/3Final-2026-2028-Strategic-plan-IIBA.png 1545w\" sizes=\"auto, (max-width: 512px) 100vw, 512px\" \/><\/a><\/figure>\n<\/div>\n<\/div>\n\n<h2 class=\"wp-block-heading has-text-align-center\"><a href=\"https:\/\/iibayarea.org\/wp-content\/uploads\/2026\/03\/W-Final-2026-2028-Strategic-plan-IIBA-1.pdf\" type=\"link\" id=\"https:\/\/iibayarea.org\/wp-content\/uploads\/2026\/03\/W-Final-2026-2028-Strategic-plan-IIBA-1.pdf\" target=\"_blank\" rel=\"noreferrer noopener\">Ver el Plan Estrat\u00e9gico 2026-2028 del IIBA<\/a><\/h2>\n\n<p class=\"has-text-align-left\"><\/p>\n\n<hr class=\"wp-block-separator has-css-opacity\"\/>\n\n<div data-wp-context=\"{ &quot;autoclose&quot;: false, &quot;accordionItems&quot;: [] }\" data-wp-interactive=\"core\/accordion\" role=\"group\" class=\"wp-block-accordion is-layout-flow wp-block-accordion-is-layout-flow\">\n<div data-wp-class--is-open=\"state.isOpen\" data-wp-context=\"{ &quot;id&quot;: &quot;accordion-item-1&quot;, &quot;openByDefault&quot;: false }\" data-wp-init=\"callbacks.initAccordionItems\" data-wp-on-window--hashchange=\"callbacks.hashChange\" class=\"wp-block-accordion-item is-layout-flow wp-block-accordion-item-is-layout-flow\">\n<h3 class=\"wp-block-accordion-heading\"><button aria-expanded=\"false\" aria-controls=\"accordion-item-1-panel\" data-wp-bind--aria-expanded=\"state.isOpen\" data-wp-on--click=\"actions.toggle\" data-wp-on--keydown=\"actions.handleKeyDown\" id=\"accordion-item-1\" type=\"button\" class=\"wp-block-accordion-heading__toggle\"><span class=\"wp-block-accordion-heading__toggle-title\">Planes estrat\u00e9gicos anteriores<\/span><span class=\"wp-block-accordion-heading__toggle-icon\" aria-hidden=\"true\">+<\/span><\/button><\/h3>\n\n\n\n<div inert aria-labelledby=\"accordion-item-1\" data-wp-bind--inert=\"!state.isOpen\" id=\"accordion-item-1-panel\" role=\"region\" class=\"wp-block-accordion-panel is-layout-flow wp-block-accordion-panel-is-layout-flow\">\n<p><a href=\"https:\/\/iibayarea.org\/wp-content\/uploads\/2024\/04\/IIBA-2021-2023-Strategic-Plan.pdf\" target=\"_blank\" rel=\"noreferrer noopener\"><strong>Plan Estrat\u00e9gico 2021-2023 del IIBA<\/strong><\/a><\/p>\n\n\n\n<p><a href=\"https:\/\/iibayarea.org\/wp-content\/uploads\/2019\/10\/Strategic-Plan-FY18-20-Updated.pdf\" target=\"_blank\" rel=\"noreferrer noopener\"><strong>Plan Estrat\u00e9gico 2018-2020 del IIBA<\/strong><\/a><\/p>\n<\/div>\n<\/div>\n<\/div>\n\n<p><\/p>\n\n<p><\/p>\n","protected":false},"excerpt":{"rendered":"<p>El Instituto de Inmigraci\u00f3n<br \/>\ndel \u00c1rea de la Bah\u00eda ayuda a inmigrantes, refugiados y sus familias a integrarse y contribuir a la comunidad.<\/p>\n","protected":false},"author":2,"featured_media":6978,"parent":6902,"menu_order":6,"comment_status":"closed","ping_status":"closed","template":"page-fullwidth","meta":{"_acf_changed":false,"footnotes":""},"region":[],"class_list":["post-6980","page","type-page","status-publish","has-post-thumbnail","hentry"],"acf":[],"featured_image_urls_v2":{"full":["https:\/\/iibayarea.org\/wp-content\/uploads\/2019\/04\/kate-and-sean-copy.jpg",3600,2400,false],"thumbnail":["https:\/\/iibayarea.org\/wp-content\/uploads\/2019\/04\/kate-and-sean-copy-150x100.jpg",150,100,true],"medium":["https:\/\/iibayarea.org\/wp-content\/uploads\/2019\/04\/kate-and-sean-copy-512x341.jpg",512,341,true],"medium_large":["https:\/\/iibayarea.org\/wp-content\/uploads\/2019\/04\/kate-and-sean-copy-768x512.jpg",768,512,true],"large":["https:\/\/iibayarea.org\/wp-content\/uploads\/2019\/04\/kate-and-sean-copy-1024x683.jpg",1024,683,true],"1536x1536":["https:\/\/iibayarea.org\/wp-content\/uploads\/2019\/04\/kate-and-sean-copy.jpg",1536,1024,false],"2048x2048":["https:\/\/iibayarea.org\/wp-content\/uploads\/2019\/04\/kate-and-sean-copy.jpg",2048,1365,false],"gform-image-choice-sm":["https:\/\/iibayarea.org\/wp-content\/uploads\/2019\/04\/kate-and-sean-copy.jpg",300,200,false],"gform-image-choice-md":["https:\/\/iibayarea.org\/wp-content\/uploads\/2019\/04\/kate-and-sean-copy.jpg",400,267,false],"gform-image-choice-lg":["https:\/\/iibayarea.org\/wp-content\/uploads\/2019\/04\/kate-and-sean-copy.jpg",600,400,false]},"post_excerpt_stackable_v2":"<p>El Instituto de Inmigraci\u00f3n<br \/>\ndel \u00c1rea de la Bah\u00eda ayuda a inmigrantes, refugiados y sus familias a integrarse y contribuir a la comunidad.<\/p>\n","category_list_v2":"","author_info_v2":{"name":"Campaign Upgrade","url":"https:\/\/iibayarea.org\/es\/author\/campaign-upgrade\/"},"comments_num_v2":"0 comentarios","yoast_head":"<!-- This site is optimized with the Yoast SEO plugin v27.5 - https:\/\/yoast.com\/product\/yoast-seo-wordpress\/ -->\n<title>Misi\u00f3n y Plan Estrat\u00e9gico | Immigration Institute of the Bay Area<\/title>\n<meta name=\"robots\" content=\"index, follow, max-snippet:-1, max-image-preview:large, max-video-preview:-1\" \/>\n<link rel=\"canonical\" href=\"https:\/\/iibayarea.org\/es\/quienes-somos\/mision\/\" \/>\n<meta property=\"og:locale\" content=\"es_ES\" \/>\n<meta property=\"og:type\" content=\"article\" \/>\n<meta property=\"og:title\" content=\"Misi\u00f3n y Plan Estrat\u00e9gico | Immigration Institute of the Bay Area\" \/>\n<meta property=\"og:description\" content=\"El Instituto de Inmigraci\u00f3n del \u00c1rea de la Bah\u00eda ayuda a inmigrantes, refugiados y sus familias a integrarse y contribuir a la comunidad.\" \/>\n<meta property=\"og:url\" content=\"https:\/\/iibayarea.org\/es\/quienes-somos\/mision\/\" \/>\n<meta property=\"og:site_name\" content=\"Immigration Institute of the Bay Area\" \/>\n<meta property=\"article:publisher\" content=\"https:\/\/facebook.com\/iiba1918\" \/>\n<meta property=\"article:modified_time\" content=\"2026-03-12T23:24:12+00:00\" \/>\n<meta property=\"og:image\" content=\"https:\/\/iibayarea.org\/wp-content\/uploads\/2019\/04\/kate-and-sean-copy.jpg\" \/>\n\t<meta property=\"og:image:width\" content=\"3600\" \/>\n\t<meta property=\"og:image:height\" content=\"2400\" \/>\n\t<meta property=\"og:image:type\" content=\"image\/jpeg\" \/>\n<meta name=\"twitter:card\" content=\"summary_large_image\" \/>\n<meta name=\"twitter:site\" content=\"@IIBA1918\" \/>\n<meta name=\"twitter:label1\" content=\"Tiempo de lectura\" \/>\n\t<meta name=\"twitter:data1\" content=\"1 minuto\" \/>\n<script type=\"application\/ld+json\" class=\"yoast-schema-graph\">{\"@context\":\"https:\\\/\\\/schema.org\",\"@graph\":[{\"@type\":\"WebPage\",\"@id\":\"https:\\\/\\\/iibayarea.org\\\/es\\\/quienes-somos\\\/mision\\\/\",\"url\":\"https:\\\/\\\/iibayarea.org\\\/es\\\/quienes-somos\\\/mision\\\/\",\"name\":\"Misi\u00f3n y Plan Estrat\u00e9gico | Immigration Institute of the Bay Area\",\"isPartOf\":{\"@id\":\"https:\\\/\\\/iibayarea.org\\\/es\\\/#website\"},\"primaryImageOfPage\":{\"@id\":\"https:\\\/\\\/iibayarea.org\\\/es\\\/quienes-somos\\\/mision\\\/#primaryimage\"},\"image\":{\"@id\":\"https:\\\/\\\/iibayarea.org\\\/es\\\/quienes-somos\\\/mision\\\/#primaryimage\"},\"thumbnailUrl\":\"https:\\\/\\\/iibayarea.org\\\/wp-content\\\/uploads\\\/2019\\\/04\\\/kate-and-sean-copy.jpg\",\"datePublished\":\"2019-02-15T00:38:32+00:00\",\"dateModified\":\"2026-03-12T23:24:12+00:00\",\"breadcrumb\":{\"@id\":\"https:\\\/\\\/iibayarea.org\\\/es\\\/quienes-somos\\\/mision\\\/#breadcrumb\"},\"inLanguage\":\"es\",\"potentialAction\":[{\"@type\":\"ReadAction\",\"target\":[\"https:\\\/\\\/iibayarea.org\\\/es\\\/quienes-somos\\\/mision\\\/\"]}]},{\"@type\":\"ImageObject\",\"inLanguage\":\"es\",\"@id\":\"https:\\\/\\\/iibayarea.org\\\/es\\\/quienes-somos\\\/mision\\\/#primaryimage\",\"url\":\"https:\\\/\\\/iibayarea.org\\\/wp-content\\\/uploads\\\/2019\\\/04\\\/kate-and-sean-copy.jpg\",\"contentUrl\":\"https:\\\/\\\/iibayarea.org\\\/wp-content\\\/uploads\\\/2019\\\/04\\\/kate-and-sean-copy.jpg\",\"width\":3600,\"height\":2400},{\"@type\":\"BreadcrumbList\",\"@id\":\"https:\\\/\\\/iibayarea.org\\\/es\\\/quienes-somos\\\/mision\\\/#breadcrumb\",\"itemListElement\":[{\"@type\":\"ListItem\",\"position\":1,\"name\":\"Home\",\"item\":\"https:\\\/\\\/iibayarea.org\\\/es\\\/\"},{\"@type\":\"ListItem\",\"position\":2,\"name\":\"Sobre nosotros\",\"item\":\"https:\\\/\\\/iibayarea.org\\\/es\\\/quienes-somos\\\/\"},{\"@type\":\"ListItem\",\"position\":3,\"name\":\"Misi\u00f3n y Plan Estrat\u00e9gico\"}]},{\"@type\":\"WebSite\",\"@id\":\"https:\\\/\\\/iibayarea.org\\\/es\\\/#website\",\"url\":\"https:\\\/\\\/iibayarea.org\\\/es\\\/\",\"name\":\"Immigration Institute of the Bay Area\",\"description\":\"a nonprofit providing immigration legal services\",\"publisher\":{\"@id\":\"https:\\\/\\\/iibayarea.org\\\/es\\\/#organization\"},\"potentialAction\":[{\"@type\":\"SearchAction\",\"target\":{\"@type\":\"EntryPoint\",\"urlTemplate\":\"https:\\\/\\\/iibayarea.org\\\/es\\\/?s={search_term_string}\"},\"query-input\":{\"@type\":\"PropertyValueSpecification\",\"valueRequired\":true,\"valueName\":\"search_term_string\"}}],\"inLanguage\":\"es\"},{\"@type\":\"Organization\",\"@id\":\"https:\\\/\\\/iibayarea.org\\\/es\\\/#organization\",\"name\":\"Immigration Institute of the Bay Area (IIBA)\",\"url\":\"https:\\\/\\\/iibayarea.org\\\/es\\\/\",\"logo\":{\"@type\":\"ImageObject\",\"inLanguage\":\"es\",\"@id\":\"https:\\\/\\\/iibayarea.org\\\/es\\\/#\\\/schema\\\/logo\\\/image\\\/\",\"url\":\"https:\\\/\\\/iibayarea.org\\\/wp-content\\\/uploads\\\/2022\\\/06\\\/Logo_Full_Name.png\",\"contentUrl\":\"https:\\\/\\\/iibayarea.org\\\/wp-content\\\/uploads\\\/2022\\\/06\\\/Logo_Full_Name.png\",\"width\":4800,\"height\":1200,\"caption\":\"Immigration Institute of the Bay Area (IIBA)\"},\"image\":{\"@id\":\"https:\\\/\\\/iibayarea.org\\\/es\\\/#\\\/schema\\\/logo\\\/image\\\/\"},\"sameAs\":[\"https:\\\/\\\/facebook.com\\\/iiba1918\",\"https:\\\/\\\/x.com\\\/IIBA1918\",\"https:\\\/\\\/www.instagram.com\\\/iiba1918\\\/\",\"https:\\\/\\\/www.linkedin.com\\\/company\\\/international-institute-of-the-bay-area\"]}]}<\/script>\n<!-- \/ Yoast SEO plugin. -->","yoast_head_json":{"title":"Misi\u00f3n y Plan Estrat\u00e9gico | Immigration Institute of the Bay Area","robots":{"index":"index","follow":"follow","max-snippet":"max-snippet:-1","max-image-preview":"max-image-preview:large","max-video-preview":"max-video-preview:-1"},"canonical":"https:\/\/iibayarea.org\/es\/quienes-somos\/mision\/","og_locale":"es_ES","og_type":"article","og_title":"Misi\u00f3n y Plan Estrat\u00e9gico | Immigration Institute of the Bay Area","og_description":"El Instituto de Inmigraci\u00f3n del \u00c1rea de la Bah\u00eda ayuda a inmigrantes, refugiados y sus familias a integrarse y contribuir a la comunidad.","og_url":"https:\/\/iibayarea.org\/es\/quienes-somos\/mision\/","og_site_name":"Immigration Institute of the Bay Area","article_publisher":"https:\/\/facebook.com\/iiba1918","article_modified_time":"2026-03-12T23:24:12+00:00","og_image":[{"width":3600,"height":2400,"url":"https:\/\/iibayarea.org\/wp-content\/uploads\/2019\/04\/kate-and-sean-copy.jpg","type":"image\/jpeg"}],"twitter_card":"summary_large_image","twitter_site":"@IIBA1918","twitter_misc":{"Tiempo de lectura":"1 minuto"},"schema":{"@context":"https:\/\/schema.org","@graph":[{"@type":"WebPage","@id":"https:\/\/iibayarea.org\/es\/quienes-somos\/mision\/","url":"https:\/\/iibayarea.org\/es\/quienes-somos\/mision\/","name":"Misi\u00f3n y Plan Estrat\u00e9gico | Immigration Institute of the Bay Area","isPartOf":{"@id":"https:\/\/iibayarea.org\/es\/#website"},"primaryImageOfPage":{"@id":"https:\/\/iibayarea.org\/es\/quienes-somos\/mision\/#primaryimage"},"image":{"@id":"https:\/\/iibayarea.org\/es\/quienes-somos\/mision\/#primaryimage"},"thumbnailUrl":"https:\/\/iibayarea.org\/wp-content\/uploads\/2019\/04\/kate-and-sean-copy.jpg","datePublished":"2019-02-15T00:38:32+00:00","dateModified":"2026-03-12T23:24:12+00:00","breadcrumb":{"@id":"https:\/\/iibayarea.org\/es\/quienes-somos\/mision\/#breadcrumb"},"inLanguage":"es","potentialAction":[{"@type":"ReadAction","target":["https:\/\/iibayarea.org\/es\/quienes-somos\/mision\/"]}]},{"@type":"ImageObject","inLanguage":"es","@id":"https:\/\/iibayarea.org\/es\/quienes-somos\/mision\/#primaryimage","url":"https:\/\/iibayarea.org\/wp-content\/uploads\/2019\/04\/kate-and-sean-copy.jpg","contentUrl":"https:\/\/iibayarea.org\/wp-content\/uploads\/2019\/04\/kate-and-sean-copy.jpg","width":3600,"height":2400},{"@type":"BreadcrumbList","@id":"https:\/\/iibayarea.org\/es\/quienes-somos\/mision\/#breadcrumb","itemListElement":[{"@type":"ListItem","position":1,"name":"Home","item":"https:\/\/iibayarea.org\/es\/"},{"@type":"ListItem","position":2,"name":"Sobre nosotros","item":"https:\/\/iibayarea.org\/es\/quienes-somos\/"},{"@type":"ListItem","position":3,"name":"Misi\u00f3n y Plan Estrat\u00e9gico"}]},{"@type":"WebSite","@id":"https:\/\/iibayarea.org\/es\/#website","url":"https:\/\/iibayarea.org\/es\/","name":"Immigration Institute of the Bay Area","description":"a nonprofit providing immigration legal services","publisher":{"@id":"https:\/\/iibayarea.org\/es\/#organization"},"potentialAction":[{"@type":"SearchAction","target":{"@type":"EntryPoint","urlTemplate":"https:\/\/iibayarea.org\/es\/?s={search_term_string}"},"query-input":{"@type":"PropertyValueSpecification","valueRequired":true,"valueName":"search_term_string"}}],"inLanguage":"es"},{"@type":"Organization","@id":"https:\/\/iibayarea.org\/es\/#organization","name":"Immigration Institute of the Bay Area (IIBA)","url":"https:\/\/iibayarea.org\/es\/","logo":{"@type":"ImageObject","inLanguage":"es","@id":"https:\/\/iibayarea.org\/es\/#\/schema\/logo\/image\/","url":"https:\/\/iibayarea.org\/wp-content\/uploads\/2022\/06\/Logo_Full_Name.png","contentUrl":"https:\/\/iibayarea.org\/wp-content\/uploads\/2022\/06\/Logo_Full_Name.png","width":4800,"height":1200,"caption":"Immigration Institute of the Bay Area (IIBA)"},"image":{"@id":"https:\/\/iibayarea.org\/es\/#\/schema\/logo\/image\/"},"sameAs":["https:\/\/facebook.com\/iiba1918","https:\/\/x.com\/IIBA1918","https:\/\/www.instagram.com\/iiba1918\/","https:\/\/www.linkedin.com\/company\/international-institute-of-the-bay-area"]}]}},"_links":{"self":[{"href":"https:\/\/iibayarea.org\/es\/wp-json\/wp\/v2\/pages\/6980","targetHints":{"allow":["GET"]}}],"collection":[{"href":"https:\/\/iibayarea.org\/es\/wp-json\/wp\/v2\/pages"}],"about":[{"href":"https:\/\/iibayarea.org\/es\/wp-json\/wp\/v2\/types\/page"}],"author":[{"embeddable":true,"href":"https:\/\/iibayarea.org\/es\/wp-json\/wp\/v2\/users\/2"}],"replies":[{"embeddable":true,"href":"https:\/\/iibayarea.org\/es\/wp-json\/wp\/v2\/comments?post=6980"}],"version-history":[{"count":0,"href":"https:\/\/iibayarea.org\/es\/wp-json\/wp\/v2\/pages\/6980\/revisions"}],"up":[{"embeddable":true,"href":"https:\/\/iibayarea.org\/es\/wp-json\/wp\/v2\/pages\/6902"}],"wp:featuredmedia":[{"embeddable":true,"href":"https:\/\/iibayarea.org\/es\/wp-json\/wp\/v2\/media\/6978"}],"wp:attachment":[{"href":"https:\/\/iibayarea.org\/es\/wp-json\/wp\/v2\/media?parent=6980"}],"wp:term":[{"taxonomy":"region","embeddable":true,"href":"https:\/\/iibayarea.org\/es\/wp-json\/wp\/v2\/region?post=6980"}],"curies":[{"name":"wp","href":"https:\/\/api.w.org\/{rel}","templated":true}]}}