{"id":7022,"date":"2019-02-14T16:40:07","date_gmt":"2019-02-15T00:40:07","guid":{"rendered":"https:\/\/iibayarea.local\/sobre-nosotros\/el-personal-y-la-junta\/"},"modified":"2026-02-23T16:37:39","modified_gmt":"2026-02-24T00:37:39","slug":"personal","status":"publish","type":"page","link":"https:\/\/iibayarea.org\/es\/quienes-somos\/personal\/","title":{"rendered":"Personal"},"content":{"rendered":"  <div class=\"components-notice is-warning\">\n    <div class=\"components-notice__content\">\n      You cannot edit Team here.<br\/>Team content is automatically generated from published <strong>Team<\/strong> posts.<br\/><a href=\"https:\/\/iibayarea.org\/wp-admin\/edit.php?post_type=people\">Manage Team &rarr;<\/a>    <\/div>\n  <\/div>\n\n\n<div class=\"block-team-members block-team-members--cols-4 \" data-block_f9ebc26a1b8f04afb9d60b1ac1bde44b>\n  <\/div>\n","protected":false},"excerpt":{"rendered":"<p>\u00a1Estamos orgullosos de tener un equipo incre\u00edble que ha dedicado colectivamente m\u00e1s de 250 a\u00f1os al IIBA! Nuestro personal trabaja desde 7 oficinas en 6 condados del \u00c1rea de la Bah\u00eda. <\/p>\n","protected":false},"author":2,"featured_media":11220,"parent":6902,"menu_order":19,"comment_status":"closed","ping_status":"closed","template":"page-fullwidth","meta":{"_acf_changed":false,"footnotes":""},"region":[],"class_list":["post-7022","page","type-page","status-publish","has-post-thumbnail","hentry"],"acf":[],"featured_image_urls_v2":{"full":["https:\/\/iibayarea.org\/wp-content\/uploads\/2023\/10\/all-staff.jpg",1000,692,false],"thumbnail":["https:\/\/iibayarea.org\/wp-content\/uploads\/2023\/10\/all-staff-150x104.jpg",150,104,true],"medium":["https:\/\/iibayarea.org\/wp-content\/uploads\/2023\/10\/all-staff-512x354.jpg",512,354,true],"medium_large":["https:\/\/iibayarea.org\/wp-content\/uploads\/2023\/10\/all-staff-768x531.jpg",768,531,true],"large":["https:\/\/iibayarea.org\/wp-content\/uploads\/2023\/10\/all-staff.jpg",1000,692,false],"1536x1536":["https:\/\/iibayarea.org\/wp-content\/uploads\/2023\/10\/all-staff.jpg",1000,692,false],"2048x2048":["https:\/\/iibayarea.org\/wp-content\/uploads\/2023\/10\/all-staff.jpg",1000,692,false],"gform-image-choice-sm":["https:\/\/iibayarea.org\/wp-content\/uploads\/2023\/10\/all-staff.jpg",300,208,false],"gform-image-choice-md":["https:\/\/iibayarea.org\/wp-content\/uploads\/2023\/10\/all-staff.jpg",400,277,false],"gform-image-choice-lg":["https:\/\/iibayarea.org\/wp-content\/uploads\/2023\/10\/all-staff.jpg",600,415,false]},"post_excerpt_stackable_v2":"<p>\u00a1Estamos orgullosos de tener un equipo incre\u00edble que ha dedicado colectivamente m\u00e1s de 250 a\u00f1os al IIBA! Nuestro personal trabaja desde 7 oficinas en 6 condados del \u00c1rea de la Bah\u00eda. <\/p>\n","category_list_v2":"","author_info_v2":{"name":"Campaign Upgrade","url":"https:\/\/iibayarea.org\/es\/author\/campaign-upgrade\/"},"comments_num_v2":"0 comentarios","yoast_head":"<!-- This site is optimized with the Yoast SEO plugin v27.4 - https:\/\/yoast.com\/product\/yoast-seo-wordpress\/ -->\n<title>Personal | Immigration Institute of the Bay Area<\/title>\n<meta name=\"description\" content=\"\u00a1Estamos orgullosos de tener un equipo incre\u00edble que ha dedicado colectivamente m\u00e1s de 250 a\u00f1os al IIBA! Nuestro personal trabaja desde 7 oficinas en 6 condados del \u00c1rea de la Bah\u00eda.\" \/>\n<meta name=\"robots\" content=\"index, follow, max-snippet:-1, max-image-preview:large, max-video-preview:-1\" \/>\n<link rel=\"canonical\" href=\"https:\/\/iibayarea.org\/es\/quienes-somos\/personal\/\" \/>\n<meta property=\"og:locale\" content=\"es_ES\" \/>\n<meta property=\"og:type\" content=\"article\" \/>\n<meta property=\"og:title\" content=\"Personal | Immigration Institute of the Bay Area\" \/>\n<meta property=\"og:description\" content=\"\u00a1Estamos orgullosos de tener un equipo incre\u00edble que ha dedicado colectivamente m\u00e1s de 250 a\u00f1os al IIBA! Nuestro personal trabaja desde 7 oficinas en 6 condados del \u00c1rea de la Bah\u00eda.\" \/>\n<meta property=\"og:url\" content=\"https:\/\/iibayarea.org\/es\/quienes-somos\/personal\/\" \/>\n<meta property=\"og:site_name\" content=\"Immigration Institute of the Bay Area\" \/>\n<meta property=\"article:publisher\" content=\"https:\/\/facebook.com\/iiba1918\" \/>\n<meta property=\"article:modified_time\" content=\"2026-02-24T00:37:39+00:00\" \/>\n<meta property=\"og:image\" content=\"https:\/\/iibayarea.org\/wp-content\/uploads\/2023\/10\/all-staff.jpg\" \/>\n\t<meta property=\"og:image:width\" content=\"1000\" \/>\n\t<meta property=\"og:image:height\" content=\"692\" \/>\n\t<meta property=\"og:image:type\" content=\"image\/jpeg\" \/>\n<meta name=\"twitter:card\" content=\"summary_large_image\" \/>\n<meta name=\"twitter:site\" content=\"@IIBA1918\" \/>\n<meta name=\"twitter:label1\" content=\"Tiempo de lectura\" \/>\n\t<meta name=\"twitter:data1\" content=\"4 minutos\" \/>\n<script type=\"application\/ld+json\" class=\"yoast-schema-graph\">{\"@context\":\"https:\\\/\\\/schema.org\",\"@graph\":[{\"@type\":\"WebPage\",\"@id\":\"https:\\\/\\\/iibayarea.org\\\/es\\\/quienes-somos\\\/personal\\\/\",\"url\":\"https:\\\/\\\/iibayarea.org\\\/es\\\/quienes-somos\\\/personal\\\/\",\"name\":\"Personal | Immigration Institute of the Bay Area\",\"isPartOf\":{\"@id\":\"https:\\\/\\\/iibayarea.org\\\/es\\\/#website\"},\"primaryImageOfPage\":{\"@id\":\"https:\\\/\\\/iibayarea.org\\\/es\\\/quienes-somos\\\/personal\\\/#primaryimage\"},\"image\":{\"@id\":\"https:\\\/\\\/iibayarea.org\\\/es\\\/quienes-somos\\\/personal\\\/#primaryimage\"},\"thumbnailUrl\":\"https:\\\/\\\/iibayarea.org\\\/wp-content\\\/uploads\\\/2023\\\/10\\\/all-staff.jpg\",\"datePublished\":\"2019-02-15T00:40:07+00:00\",\"dateModified\":\"2026-02-24T00:37:39+00:00\",\"description\":\"\u00a1Estamos orgullosos de tener un equipo incre\u00edble que ha dedicado colectivamente m\u00e1s de 250 a\u00f1os al IIBA! Nuestro personal trabaja desde 7 oficinas en 6 condados del \u00c1rea de la Bah\u00eda.\",\"breadcrumb\":{\"@id\":\"https:\\\/\\\/iibayarea.org\\\/es\\\/quienes-somos\\\/personal\\\/#breadcrumb\"},\"inLanguage\":\"es\",\"potentialAction\":[{\"@type\":\"ReadAction\",\"target\":[\"https:\\\/\\\/iibayarea.org\\\/es\\\/quienes-somos\\\/personal\\\/\"]}]},{\"@type\":\"ImageObject\",\"inLanguage\":\"es\",\"@id\":\"https:\\\/\\\/iibayarea.org\\\/es\\\/quienes-somos\\\/personal\\\/#primaryimage\",\"url\":\"https:\\\/\\\/iibayarea.org\\\/wp-content\\\/uploads\\\/2023\\\/10\\\/all-staff.jpg\",\"contentUrl\":\"https:\\\/\\\/iibayarea.org\\\/wp-content\\\/uploads\\\/2023\\\/10\\\/all-staff.jpg\",\"width\":1000,\"height\":692},{\"@type\":\"BreadcrumbList\",\"@id\":\"https:\\\/\\\/iibayarea.org\\\/es\\\/quienes-somos\\\/personal\\\/#breadcrumb\",\"itemListElement\":[{\"@type\":\"ListItem\",\"position\":1,\"name\":\"Home\",\"item\":\"https:\\\/\\\/iibayarea.org\\\/es\\\/\"},{\"@type\":\"ListItem\",\"position\":2,\"name\":\"Sobre nosotros\",\"item\":\"https:\\\/\\\/iibayarea.org\\\/es\\\/quienes-somos\\\/\"},{\"@type\":\"ListItem\",\"position\":3,\"name\":\"Personal\"}]},{\"@type\":\"WebSite\",\"@id\":\"https:\\\/\\\/iibayarea.org\\\/es\\\/#website\",\"url\":\"https:\\\/\\\/iibayarea.org\\\/es\\\/\",\"name\":\"Immigration Institute of the Bay Area\",\"description\":\"a nonprofit providing immigration legal services\",\"publisher\":{\"@id\":\"https:\\\/\\\/iibayarea.org\\\/es\\\/#organization\"},\"potentialAction\":[{\"@type\":\"SearchAction\",\"target\":{\"@type\":\"EntryPoint\",\"urlTemplate\":\"https:\\\/\\\/iibayarea.org\\\/es\\\/?s={search_term_string}\"},\"query-input\":{\"@type\":\"PropertyValueSpecification\",\"valueRequired\":true,\"valueName\":\"search_term_string\"}}],\"inLanguage\":\"es\"},{\"@type\":\"Organization\",\"@id\":\"https:\\\/\\\/iibayarea.org\\\/es\\\/#organization\",\"name\":\"Immigration Institute of the Bay Area (IIBA)\",\"url\":\"https:\\\/\\\/iibayarea.org\\\/es\\\/\",\"logo\":{\"@type\":\"ImageObject\",\"inLanguage\":\"es\",\"@id\":\"https:\\\/\\\/iibayarea.org\\\/es\\\/#\\\/schema\\\/logo\\\/image\\\/\",\"url\":\"https:\\\/\\\/iibayarea.org\\\/wp-content\\\/uploads\\\/2022\\\/06\\\/Logo_Full_Name.png\",\"contentUrl\":\"https:\\\/\\\/iibayarea.org\\\/wp-content\\\/uploads\\\/2022\\\/06\\\/Logo_Full_Name.png\",\"width\":4800,\"height\":1200,\"caption\":\"Immigration Institute of the Bay Area (IIBA)\"},\"image\":{\"@id\":\"https:\\\/\\\/iibayarea.org\\\/es\\\/#\\\/schema\\\/logo\\\/image\\\/\"},\"sameAs\":[\"https:\\\/\\\/facebook.com\\\/iiba1918\",\"https:\\\/\\\/x.com\\\/IIBA1918\",\"https:\\\/\\\/www.instagram.com\\\/iiba1918\\\/\",\"https:\\\/\\\/www.linkedin.com\\\/company\\\/international-institute-of-the-bay-area\"]}]}<\/script>\n<!-- \/ Yoast SEO plugin. -->","yoast_head_json":{"title":"Personal | Immigration Institute of the Bay Area","description":"\u00a1Estamos orgullosos de tener un equipo incre\u00edble que ha dedicado colectivamente m\u00e1s de 250 a\u00f1os al IIBA! Nuestro personal trabaja desde 7 oficinas en 6 condados del \u00c1rea de la Bah\u00eda.","robots":{"index":"index","follow":"follow","max-snippet":"max-snippet:-1","max-image-preview":"max-image-preview:large","max-video-preview":"max-video-preview:-1"},"canonical":"https:\/\/iibayarea.org\/es\/quienes-somos\/personal\/","og_locale":"es_ES","og_type":"article","og_title":"Personal | Immigration Institute of the Bay Area","og_description":"\u00a1Estamos orgullosos de tener un equipo incre\u00edble que ha dedicado colectivamente m\u00e1s de 250 a\u00f1os al IIBA! Nuestro personal trabaja desde 7 oficinas en 6 condados del \u00c1rea de la Bah\u00eda.","og_url":"https:\/\/iibayarea.org\/es\/quienes-somos\/personal\/","og_site_name":"Immigration Institute of the Bay Area","article_publisher":"https:\/\/facebook.com\/iiba1918","article_modified_time":"2026-02-24T00:37:39+00:00","og_image":[{"width":1000,"height":692,"url":"https:\/\/iibayarea.org\/wp-content\/uploads\/2023\/10\/all-staff.jpg","type":"image\/jpeg"}],"twitter_card":"summary_large_image","twitter_site":"@IIBA1918","twitter_misc":{"Tiempo de lectura":"4 minutos"},"schema":{"@context":"https:\/\/schema.org","@graph":[{"@type":"WebPage","@id":"https:\/\/iibayarea.org\/es\/quienes-somos\/personal\/","url":"https:\/\/iibayarea.org\/es\/quienes-somos\/personal\/","name":"Personal | Immigration Institute of the Bay Area","isPartOf":{"@id":"https:\/\/iibayarea.org\/es\/#website"},"primaryImageOfPage":{"@id":"https:\/\/iibayarea.org\/es\/quienes-somos\/personal\/#primaryimage"},"image":{"@id":"https:\/\/iibayarea.org\/es\/quienes-somos\/personal\/#primaryimage"},"thumbnailUrl":"https:\/\/iibayarea.org\/wp-content\/uploads\/2023\/10\/all-staff.jpg","datePublished":"2019-02-15T00:40:07+00:00","dateModified":"2026-02-24T00:37:39+00:00","description":"\u00a1Estamos orgullosos de tener un equipo incre\u00edble que ha dedicado colectivamente m\u00e1s de 250 a\u00f1os al IIBA! Nuestro personal trabaja desde 7 oficinas en 6 condados del \u00c1rea de la Bah\u00eda.","breadcrumb":{"@id":"https:\/\/iibayarea.org\/es\/quienes-somos\/personal\/#breadcrumb"},"inLanguage":"es","potentialAction":[{"@type":"ReadAction","target":["https:\/\/iibayarea.org\/es\/quienes-somos\/personal\/"]}]},{"@type":"ImageObject","inLanguage":"es","@id":"https:\/\/iibayarea.org\/es\/quienes-somos\/personal\/#primaryimage","url":"https:\/\/iibayarea.org\/wp-content\/uploads\/2023\/10\/all-staff.jpg","contentUrl":"https:\/\/iibayarea.org\/wp-content\/uploads\/2023\/10\/all-staff.jpg","width":1000,"height":692},{"@type":"BreadcrumbList","@id":"https:\/\/iibayarea.org\/es\/quienes-somos\/personal\/#breadcrumb","itemListElement":[{"@type":"ListItem","position":1,"name":"Home","item":"https:\/\/iibayarea.org\/es\/"},{"@type":"ListItem","position":2,"name":"Sobre nosotros","item":"https:\/\/iibayarea.org\/es\/quienes-somos\/"},{"@type":"ListItem","position":3,"name":"Personal"}]},{"@type":"WebSite","@id":"https:\/\/iibayarea.org\/es\/#website","url":"https:\/\/iibayarea.org\/es\/","name":"Immigration Institute of the Bay Area","description":"a nonprofit providing immigration legal services","publisher":{"@id":"https:\/\/iibayarea.org\/es\/#organization"},"potentialAction":[{"@type":"SearchAction","target":{"@type":"EntryPoint","urlTemplate":"https:\/\/iibayarea.org\/es\/?s={search_term_string}"},"query-input":{"@type":"PropertyValueSpecification","valueRequired":true,"valueName":"search_term_string"}}],"inLanguage":"es"},{"@type":"Organization","@id":"https:\/\/iibayarea.org\/es\/#organization","name":"Immigration Institute of the Bay Area (IIBA)","url":"https:\/\/iibayarea.org\/es\/","logo":{"@type":"ImageObject","inLanguage":"es","@id":"https:\/\/iibayarea.org\/es\/#\/schema\/logo\/image\/","url":"https:\/\/iibayarea.org\/wp-content\/uploads\/2022\/06\/Logo_Full_Name.png","contentUrl":"https:\/\/iibayarea.org\/wp-content\/uploads\/2022\/06\/Logo_Full_Name.png","width":4800,"height":1200,"caption":"Immigration Institute of the Bay Area (IIBA)"},"image":{"@id":"https:\/\/iibayarea.org\/es\/#\/schema\/logo\/image\/"},"sameAs":["https:\/\/facebook.com\/iiba1918","https:\/\/x.com\/IIBA1918","https:\/\/www.instagram.com\/iiba1918\/","https:\/\/www.linkedin.com\/company\/international-institute-of-the-bay-area"]}]}},"_links":{"self":[{"href":"https:\/\/iibayarea.org\/es\/wp-json\/wp\/v2\/pages\/7022","targetHints":{"allow":["GET"]}}],"collection":[{"href":"https:\/\/iibayarea.org\/es\/wp-json\/wp\/v2\/pages"}],"about":[{"href":"https:\/\/iibayarea.org\/es\/wp-json\/wp\/v2\/types\/page"}],"author":[{"embeddable":true,"href":"https:\/\/iibayarea.org\/es\/wp-json\/wp\/v2\/users\/2"}],"replies":[{"embeddable":true,"href":"https:\/\/iibayarea.org\/es\/wp-json\/wp\/v2\/comments?post=7022"}],"version-history":[{"count":0,"href":"https:\/\/iibayarea.org\/es\/wp-json\/wp\/v2\/pages\/7022\/revisions"}],"up":[{"embeddable":true,"href":"https:\/\/iibayarea.org\/es\/wp-json\/wp\/v2\/pages\/6902"}],"wp:featuredmedia":[{"embeddable":true,"href":"https:\/\/iibayarea.org\/es\/wp-json\/wp\/v2\/media\/11220"}],"wp:attachment":[{"href":"https:\/\/iibayarea.org\/es\/wp-json\/wp\/v2\/media?parent=7022"}],"wp:term":[{"taxonomy":"region","embeddable":true,"href":"https:\/\/iibayarea.org\/es\/wp-json\/wp\/v2\/region?post=7022"}],"curies":[{"name":"wp","href":"https:\/\/api.w.org\/{rel}","templated":true}]}}