{"id":7059,"date":"2019-06-07T14:35:52","date_gmt":"2019-06-07T21:35:52","guid":{"rendered":"https:\/\/iibayarea.local\/servicios-de-inmigracion\/talleres-de-inmigracion-gratis-para-personas-cualificadas\/"},"modified":"2023-06-27T15:20:22","modified_gmt":"2023-06-27T22:20:22","slug":"talleres","status":"publish","type":"page","link":"https:\/\/iibayarea.org\/es\/servicios\/talleres\/","title":{"rendered":"Talleres de Inmigraci\u00f3n Gratuitos"},"content":{"rendered":"\n<h3 class=\"wp-block-heading\"><strong>Talleres de Ciudadan\u00eda<\/strong><\/h3>\n\n\n\n<p>IIBA ofrece talleres virtuales de ciudadan\u00eda mensuales en los que se asiste a residentes permanentes legales elegibles a completar sus aplicaciones de naturalizaci\u00f3n. En los talleres, los voluntarios entrenados asisten a los clientes bajo la supervisi\u00f3n del equipo legal de IIBA.\u00a0El equipo legal de IIBA proporciona representaci\u00f3n gratuita a los participantes de talleres y revisa y env\u00eda las aplicaciones de ciudadan\u00eda completadas.<\/p>\n","protected":false},"excerpt":{"rendered":"<p>IIBA lleva a cabo talleres confidenciales y gratuitos sobre ciudadan\u00eda e inmigraci\u00f3n general para los residentes del \u00e1rea de la bah\u00eda que re\u00fanan los requisitos. <\/p>\n","protected":false},"author":2,"featured_media":7060,"parent":6922,"menu_order":95,"comment_status":"closed","ping_status":"closed","template":"","meta":{"_acf_changed":false,"footnotes":""},"region":[],"class_list":["post-7059","page","type-page","status-publish","has-post-thumbnail","hentry"],"acf":[],"featured_image_urls_v2":{"full":["https:\/\/iibayarea.org\/wp-content\/uploads\/2019\/05\/Annual-Report-Cover-Final.jpg",5472,3648,false],"thumbnail":["https:\/\/iibayarea.org\/wp-content\/uploads\/2019\/05\/Annual-Report-Cover-Final-150x100.jpg",150,100,true],"medium":["https:\/\/iibayarea.org\/wp-content\/uploads\/2019\/05\/Annual-Report-Cover-Final-512x341.jpg",512,341,true],"medium_large":["https:\/\/iibayarea.org\/wp-content\/uploads\/2019\/05\/Annual-Report-Cover-Final-768x512.jpg",768,512,true],"large":["https:\/\/iibayarea.org\/wp-content\/uploads\/2019\/05\/Annual-Report-Cover-Final-1024x683.jpg",1024,683,true],"1536x1536":["https:\/\/iibayarea.org\/wp-content\/uploads\/2019\/05\/Annual-Report-Cover-Final.jpg",1536,1024,false],"2048x2048":["https:\/\/iibayarea.org\/wp-content\/uploads\/2019\/05\/Annual-Report-Cover-Final.jpg",2048,1365,false],"gform-image-choice-sm":["https:\/\/iibayarea.org\/wp-content\/uploads\/2019\/05\/Annual-Report-Cover-Final.jpg",300,200,false],"gform-image-choice-md":["https:\/\/iibayarea.org\/wp-content\/uploads\/2019\/05\/Annual-Report-Cover-Final.jpg",400,267,false],"gform-image-choice-lg":["https:\/\/iibayarea.org\/wp-content\/uploads\/2019\/05\/Annual-Report-Cover-Final.jpg",600,400,false]},"post_excerpt_stackable_v2":"<p>IIBA lleva a cabo talleres confidenciales y gratuitos sobre ciudadan\u00eda e inmigraci\u00f3n general para los residentes del \u00e1rea de la bah\u00eda que re\u00fanan los requisitos. <\/p>\n","category_list_v2":"","author_info_v2":{"name":"Campaign Upgrade","url":"https:\/\/iibayarea.org\/es\/author\/campaign-upgrade\/"},"comments_num_v2":"0 comentarios","yoast_head":"<!-- This site is optimized with the Yoast SEO plugin v27.5 - https:\/\/yoast.com\/product\/yoast-seo-wordpress\/ -->\n<title>Talleres de Inmigraci\u00f3n Gratuitos | Immigration Institute of the Bay Area<\/title>\n<meta name=\"description\" content=\"IIBA lleva a cabo talleres confidenciales y gratuitos sobre ciudadan\u00eda e inmigraci\u00f3n general para los residentes del \u00e1rea de la bah\u00eda que re\u00fanan los requisitos.\" \/>\n<meta name=\"robots\" content=\"index, follow, max-snippet:-1, max-image-preview:large, max-video-preview:-1\" \/>\n<link rel=\"canonical\" href=\"https:\/\/iibayarea.org\/es\/servicios\/talleres\/\" \/>\n<meta property=\"og:locale\" content=\"es_ES\" \/>\n<meta property=\"og:type\" content=\"article\" \/>\n<meta property=\"og:title\" content=\"Talleres de Inmigraci\u00f3n Gratuitos | Immigration Institute of the Bay Area\" \/>\n<meta property=\"og:description\" content=\"IIBA lleva a cabo talleres confidenciales y gratuitos sobre ciudadan\u00eda e inmigraci\u00f3n general para los residentes del \u00e1rea de la bah\u00eda que re\u00fanan los requisitos.\" \/>\n<meta property=\"og:url\" content=\"https:\/\/iibayarea.org\/es\/servicios\/talleres\/\" \/>\n<meta property=\"og:site_name\" content=\"Immigration Institute of the Bay Area\" \/>\n<meta property=\"article:publisher\" content=\"https:\/\/facebook.com\/iiba1918\" \/>\n<meta property=\"article:modified_time\" content=\"2023-06-27T22:20:22+00:00\" \/>\n<meta property=\"og:image\" content=\"https:\/\/iibayarea.org\/wp-content\/uploads\/2019\/05\/Annual-Report-Cover-Final-1024x683.jpg\" \/>\n\t<meta property=\"og:image:width\" content=\"1024\" \/>\n\t<meta property=\"og:image:height\" content=\"683\" \/>\n\t<meta property=\"og:image:type\" content=\"image\/jpeg\" \/>\n<meta name=\"twitter:card\" content=\"summary_large_image\" \/>\n<meta name=\"twitter:site\" content=\"@IIBA1918\" \/>\n<meta name=\"twitter:label1\" content=\"Tiempo de lectura\" \/>\n\t<meta name=\"twitter:data1\" content=\"1 minuto\" \/>\n<script type=\"application\/ld+json\" class=\"yoast-schema-graph\">{\"@context\":\"https:\\\/\\\/schema.org\",\"@graph\":[{\"@type\":\"WebPage\",\"@id\":\"https:\\\/\\\/iibayarea.org\\\/es\\\/servicios\\\/talleres\\\/\",\"url\":\"https:\\\/\\\/iibayarea.org\\\/es\\\/servicios\\\/talleres\\\/\",\"name\":\"Talleres de Inmigraci\u00f3n Gratuitos | Immigration Institute of the Bay Area\",\"isPartOf\":{\"@id\":\"https:\\\/\\\/iibayarea.org\\\/es\\\/#website\"},\"primaryImageOfPage\":{\"@id\":\"https:\\\/\\\/iibayarea.org\\\/es\\\/servicios\\\/talleres\\\/#primaryimage\"},\"image\":{\"@id\":\"https:\\\/\\\/iibayarea.org\\\/es\\\/servicios\\\/talleres\\\/#primaryimage\"},\"thumbnailUrl\":\"https:\\\/\\\/iibayarea.org\\\/wp-content\\\/uploads\\\/2019\\\/05\\\/Annual-Report-Cover-Final.jpg\",\"datePublished\":\"2019-06-07T21:35:52+00:00\",\"dateModified\":\"2023-06-27T22:20:22+00:00\",\"description\":\"IIBA lleva a cabo talleres confidenciales y gratuitos sobre ciudadan\u00eda e inmigraci\u00f3n general para los residentes del \u00e1rea de la bah\u00eda que re\u00fanan los requisitos.\",\"breadcrumb\":{\"@id\":\"https:\\\/\\\/iibayarea.org\\\/es\\\/servicios\\\/talleres\\\/#breadcrumb\"},\"inLanguage\":\"es\",\"potentialAction\":[{\"@type\":\"ReadAction\",\"target\":[\"https:\\\/\\\/iibayarea.org\\\/es\\\/servicios\\\/talleres\\\/\"]}]},{\"@type\":\"ImageObject\",\"inLanguage\":\"es\",\"@id\":\"https:\\\/\\\/iibayarea.org\\\/es\\\/servicios\\\/talleres\\\/#primaryimage\",\"url\":\"https:\\\/\\\/iibayarea.org\\\/wp-content\\\/uploads\\\/2019\\\/05\\\/Annual-Report-Cover-Final.jpg\",\"contentUrl\":\"https:\\\/\\\/iibayarea.org\\\/wp-content\\\/uploads\\\/2019\\\/05\\\/Annual-Report-Cover-Final.jpg\",\"width\":5472,\"height\":3648},{\"@type\":\"BreadcrumbList\",\"@id\":\"https:\\\/\\\/iibayarea.org\\\/es\\\/servicios\\\/talleres\\\/#breadcrumb\",\"itemListElement\":[{\"@type\":\"ListItem\",\"position\":1,\"name\":\"Home\",\"item\":\"https:\\\/\\\/iibayarea.org\\\/es\\\/\"},{\"@type\":\"ListItem\",\"position\":2,\"name\":\"Servicios de Inmigraci\u00f3n\",\"item\":\"https:\\\/\\\/iibayarea.org\\\/es\\\/servicios\\\/\"},{\"@type\":\"ListItem\",\"position\":3,\"name\":\"Talleres de Inmigraci\u00f3n Gratuitos\"}]},{\"@type\":\"WebSite\",\"@id\":\"https:\\\/\\\/iibayarea.org\\\/es\\\/#website\",\"url\":\"https:\\\/\\\/iibayarea.org\\\/es\\\/\",\"name\":\"Immigration Institute of the Bay Area\",\"description\":\"a nonprofit providing immigration legal services\",\"publisher\":{\"@id\":\"https:\\\/\\\/iibayarea.org\\\/es\\\/#organization\"},\"potentialAction\":[{\"@type\":\"SearchAction\",\"target\":{\"@type\":\"EntryPoint\",\"urlTemplate\":\"https:\\\/\\\/iibayarea.org\\\/es\\\/?s={search_term_string}\"},\"query-input\":{\"@type\":\"PropertyValueSpecification\",\"valueRequired\":true,\"valueName\":\"search_term_string\"}}],\"inLanguage\":\"es\"},{\"@type\":\"Organization\",\"@id\":\"https:\\\/\\\/iibayarea.org\\\/es\\\/#organization\",\"name\":\"Immigration Institute of the Bay Area (IIBA)\",\"url\":\"https:\\\/\\\/iibayarea.org\\\/es\\\/\",\"logo\":{\"@type\":\"ImageObject\",\"inLanguage\":\"es\",\"@id\":\"https:\\\/\\\/iibayarea.org\\\/es\\\/#\\\/schema\\\/logo\\\/image\\\/\",\"url\":\"https:\\\/\\\/iibayarea.org\\\/wp-content\\\/uploads\\\/2022\\\/06\\\/Logo_Full_Name.png\",\"contentUrl\":\"https:\\\/\\\/iibayarea.org\\\/wp-content\\\/uploads\\\/2022\\\/06\\\/Logo_Full_Name.png\",\"width\":4800,\"height\":1200,\"caption\":\"Immigration Institute of the Bay Area (IIBA)\"},\"image\":{\"@id\":\"https:\\\/\\\/iibayarea.org\\\/es\\\/#\\\/schema\\\/logo\\\/image\\\/\"},\"sameAs\":[\"https:\\\/\\\/facebook.com\\\/iiba1918\",\"https:\\\/\\\/x.com\\\/IIBA1918\",\"https:\\\/\\\/www.instagram.com\\\/iiba1918\\\/\",\"https:\\\/\\\/www.linkedin.com\\\/company\\\/international-institute-of-the-bay-area\"]}]}<\/script>\n<!-- \/ Yoast SEO plugin. -->","yoast_head_json":{"title":"Talleres de Inmigraci\u00f3n Gratuitos | Immigration Institute of the Bay Area","description":"IIBA lleva a cabo talleres confidenciales y gratuitos sobre ciudadan\u00eda e inmigraci\u00f3n general para los residentes del \u00e1rea de la bah\u00eda que re\u00fanan los requisitos.","robots":{"index":"index","follow":"follow","max-snippet":"max-snippet:-1","max-image-preview":"max-image-preview:large","max-video-preview":"max-video-preview:-1"},"canonical":"https:\/\/iibayarea.org\/es\/servicios\/talleres\/","og_locale":"es_ES","og_type":"article","og_title":"Talleres de Inmigraci\u00f3n Gratuitos | Immigration Institute of the Bay Area","og_description":"IIBA lleva a cabo talleres confidenciales y gratuitos sobre ciudadan\u00eda e inmigraci\u00f3n general para los residentes del \u00e1rea de la bah\u00eda que re\u00fanan los requisitos.","og_url":"https:\/\/iibayarea.org\/es\/servicios\/talleres\/","og_site_name":"Immigration Institute of the Bay Area","article_publisher":"https:\/\/facebook.com\/iiba1918","article_modified_time":"2023-06-27T22:20:22+00:00","og_image":[{"width":1024,"height":683,"url":"https:\/\/iibayarea.org\/wp-content\/uploads\/2019\/05\/Annual-Report-Cover-Final-1024x683.jpg","type":"image\/jpeg"}],"twitter_card":"summary_large_image","twitter_site":"@IIBA1918","twitter_misc":{"Tiempo de lectura":"1 minuto"},"schema":{"@context":"https:\/\/schema.org","@graph":[{"@type":"WebPage","@id":"https:\/\/iibayarea.org\/es\/servicios\/talleres\/","url":"https:\/\/iibayarea.org\/es\/servicios\/talleres\/","name":"Talleres de Inmigraci\u00f3n Gratuitos | Immigration Institute of the Bay Area","isPartOf":{"@id":"https:\/\/iibayarea.org\/es\/#website"},"primaryImageOfPage":{"@id":"https:\/\/iibayarea.org\/es\/servicios\/talleres\/#primaryimage"},"image":{"@id":"https:\/\/iibayarea.org\/es\/servicios\/talleres\/#primaryimage"},"thumbnailUrl":"https:\/\/iibayarea.org\/wp-content\/uploads\/2019\/05\/Annual-Report-Cover-Final.jpg","datePublished":"2019-06-07T21:35:52+00:00","dateModified":"2023-06-27T22:20:22+00:00","description":"IIBA lleva a cabo talleres confidenciales y gratuitos sobre ciudadan\u00eda e inmigraci\u00f3n general para los residentes del \u00e1rea de la bah\u00eda que re\u00fanan los requisitos.","breadcrumb":{"@id":"https:\/\/iibayarea.org\/es\/servicios\/talleres\/#breadcrumb"},"inLanguage":"es","potentialAction":[{"@type":"ReadAction","target":["https:\/\/iibayarea.org\/es\/servicios\/talleres\/"]}]},{"@type":"ImageObject","inLanguage":"es","@id":"https:\/\/iibayarea.org\/es\/servicios\/talleres\/#primaryimage","url":"https:\/\/iibayarea.org\/wp-content\/uploads\/2019\/05\/Annual-Report-Cover-Final.jpg","contentUrl":"https:\/\/iibayarea.org\/wp-content\/uploads\/2019\/05\/Annual-Report-Cover-Final.jpg","width":5472,"height":3648},{"@type":"BreadcrumbList","@id":"https:\/\/iibayarea.org\/es\/servicios\/talleres\/#breadcrumb","itemListElement":[{"@type":"ListItem","position":1,"name":"Home","item":"https:\/\/iibayarea.org\/es\/"},{"@type":"ListItem","position":2,"name":"Servicios de Inmigraci\u00f3n","item":"https:\/\/iibayarea.org\/es\/servicios\/"},{"@type":"ListItem","position":3,"name":"Talleres de Inmigraci\u00f3n Gratuitos"}]},{"@type":"WebSite","@id":"https:\/\/iibayarea.org\/es\/#website","url":"https:\/\/iibayarea.org\/es\/","name":"Immigration Institute of the Bay Area","description":"a nonprofit providing immigration legal services","publisher":{"@id":"https:\/\/iibayarea.org\/es\/#organization"},"potentialAction":[{"@type":"SearchAction","target":{"@type":"EntryPoint","urlTemplate":"https:\/\/iibayarea.org\/es\/?s={search_term_string}"},"query-input":{"@type":"PropertyValueSpecification","valueRequired":true,"valueName":"search_term_string"}}],"inLanguage":"es"},{"@type":"Organization","@id":"https:\/\/iibayarea.org\/es\/#organization","name":"Immigration Institute of the Bay Area (IIBA)","url":"https:\/\/iibayarea.org\/es\/","logo":{"@type":"ImageObject","inLanguage":"es","@id":"https:\/\/iibayarea.org\/es\/#\/schema\/logo\/image\/","url":"https:\/\/iibayarea.org\/wp-content\/uploads\/2022\/06\/Logo_Full_Name.png","contentUrl":"https:\/\/iibayarea.org\/wp-content\/uploads\/2022\/06\/Logo_Full_Name.png","width":4800,"height":1200,"caption":"Immigration Institute of the Bay Area (IIBA)"},"image":{"@id":"https:\/\/iibayarea.org\/es\/#\/schema\/logo\/image\/"},"sameAs":["https:\/\/facebook.com\/iiba1918","https:\/\/x.com\/IIBA1918","https:\/\/www.instagram.com\/iiba1918\/","https:\/\/www.linkedin.com\/company\/international-institute-of-the-bay-area"]}]}},"_links":{"self":[{"href":"https:\/\/iibayarea.org\/es\/wp-json\/wp\/v2\/pages\/7059","targetHints":{"allow":["GET"]}}],"collection":[{"href":"https:\/\/iibayarea.org\/es\/wp-json\/wp\/v2\/pages"}],"about":[{"href":"https:\/\/iibayarea.org\/es\/wp-json\/wp\/v2\/types\/page"}],"author":[{"embeddable":true,"href":"https:\/\/iibayarea.org\/es\/wp-json\/wp\/v2\/users\/2"}],"replies":[{"embeddable":true,"href":"https:\/\/iibayarea.org\/es\/wp-json\/wp\/v2\/comments?post=7059"}],"version-history":[{"count":0,"href":"https:\/\/iibayarea.org\/es\/wp-json\/wp\/v2\/pages\/7059\/revisions"}],"up":[{"embeddable":true,"href":"https:\/\/iibayarea.org\/es\/wp-json\/wp\/v2\/pages\/6922"}],"wp:featuredmedia":[{"embeddable":true,"href":"https:\/\/iibayarea.org\/es\/wp-json\/wp\/v2\/media\/7060"}],"wp:attachment":[{"href":"https:\/\/iibayarea.org\/es\/wp-json\/wp\/v2\/media?parent=7059"}],"wp:term":[{"taxonomy":"region","embeddable":true,"href":"https:\/\/iibayarea.org\/es\/wp-json\/wp\/v2\/region?post=7059"}],"curies":[{"name":"wp","href":"https:\/\/api.w.org\/{rel}","templated":true}]}}