{"id":7074,"date":"2019-05-13T22:06:09","date_gmt":"2019-05-14T05:06:09","guid":{"rendered":"https:\/\/iibayarea.local\/lista-de-servicios\/"},"modified":"2025-11-13T18:46:30","modified_gmt":"2025-11-14T02:46:30","slug":"lista-de-servicios","status":"publish","type":"page","link":"https:\/\/iibayarea.org\/es\/servicios\/lista-de-servicios\/","title":{"rendered":"Servicios Jur\u00eddicos"},"content":{"rendered":"\n<p>A continuaci\u00f3n encontrar\u00e1s una lista de los distintos servicios jur\u00eddicos que presta el IIBA. Ten en cuenta que la informaci\u00f3n aqu\u00ed facilitada no constituye asesoramiento jur\u00eddico individualizado. Las solicitudes y peticiones de inmigraci\u00f3n son complejas, por lo que te recomendamos encarecidamente que <a href=\"https:\/\/iibayarea.org\/es\/servicios\/consultas\/\" target=\"_blank\" rel=\"noreferrer noopener\">te pongas en contacto con una de nuestras oficinas<\/a> para una consulta.  <\/p>\n\n<ul class=\"wp-block-list\"><li><a href=\"#natz\">Ciudadan\u00eda<\/a><\/li><li><a href=\"#daca\">Acci\u00f3n Diferida para los Llegados en la Infancia (DACA)<\/a><\/li><li><a href=\"#frs\">Reunificaci\u00f3n familiar<\/a><\/li><li><a href=\"#hs\">Humanitario<\/a><\/li><li><a href=\"#defense\">Deportaci\u00f3n<\/a><\/li><li><a href=\"#other\">Otros servicios<\/a><\/li><\/ul>\n\n<hr class=\"wp-block-separator has-alpha-channel-opacity\"\/>\n\n<h2 class=\"wp-block-heading\" id=\"natz\">Servicios de Ciudadan\u00eda<\/h2>\n\n<p>Nuestro personal ayuda a las personas con el proceso de ciudadan\u00eda y naturalizaci\u00f3n mediante citas individuales y talleres o actos en grupo. Nuestro personal ayuda a los solicitantes a presentar Solicitudes de Naturalizaci\u00f3n N-400, exenciones de tasas y exenciones por discapacidad, as\u00ed como N-600. <\/p>\n\n<h3 class=\"wp-block-heading\">Solicitud de Naturalizaci\u00f3n, Formulario N-400<\/h3>\n\n<p>Las personas que hayan sido Residentes Permanentes Legales durante el periodo de tiempo requerido (tres o cinco a\u00f1os, dependiendo de c\u00f3mo obtuvieron su tarjeta verde) y cumplan los requisitos adicionales de elegibilidad pueden solicitar la ciudadan\u00eda estadounidense presentando el formulario N-400 al USCIS. Este proceso se denomina naturalizaci\u00f3n. <\/p>\n\n<h3 class=\"wp-block-heading\">Solicitud de Certificado de Ciudadan\u00eda, Formulario N-600<\/h3>\n\n<p>Algunas personas que nacieron fuera de EE.UU. de padres ciudadanos estadounidenses o que se convirtieron autom\u00e1ticamente en ciudadanos despu\u00e9s de nacer (pero antes de cumplir 18 a\u00f1os) cuando sus padres se naturalizaron, pueden presentar el formulario N-600 para obtener un certificado de su ciudadan\u00eda estadounidense. Como ya son ciudadanos estadounidenses, no solicitan la naturalizaci\u00f3n. <\/p>\n\n<hr class=\"wp-block-separator has-alpha-channel-opacity\"\/>\n\n<h2 class=\"wp-block-heading\" id=\"daca\">Servicios de renovaci\u00f3n de la Acci\u00f3n Diferida para los Llegados en la Infancia (DACA)<\/h2>\n\n<p>El personal del IIBA puede ayudar a los actuales beneficiarios de DACA a renovar su estatus o a solicitar el Advance Parole para poder viajar brevemente fuera de EEUU.<\/p>\n\n<hr class=\"wp-block-separator has-alpha-channel-opacity\"\/>\n\n<h2 class=\"wp-block-heading\" id=\"frs\">Servicios de reagrupaci\u00f3n familiar<\/h2>\n\n<p>Nuestro personal ayuda a las familias de \ncon una amplia gama de servicios de inmigraci\u00f3n basados en la familia, \nincluidas las solicitudes y peticiones que se definen a continuaci\u00f3n.<\/p>\n\n<h3 class=\"wp-block-heading\">Petici\u00f3n de familiar extranjero, Petici\u00f3n I-130<\/h3>\n\n<p>Una Petici\u00f3n para Familiar Extranjero, com\u00fanmente conocida como Petici\u00f3n I-130, es el primer paso que da un ciudadano estadounidense o un residente legal permanente (LPR) para ayudar a determinados familiares a obtener el estatus de residente legal permanente. Un ciudadano estadounidense o un residente legal permanente presenta una petici\u00f3n I-130 para establecer la relaci\u00f3n entre \u00e9l y su familiar. <\/p>\n\n<h3 class=\"wp-block-heading\">Tramitaci\u00f3n consular<\/h3>\n\n<p>Una vez aprobada la petici\u00f3n I-130 para un familiar que vive en el extranjero y \ndispone de un visado de inmigrante inmediato, puede \nsolicitar un visado de inmigrante a trav\u00e9s de una embajada o consulado de EE.UU. en el extranjero.<\/p>\n\n<h3 class=\"wp-block-heading\">Ajuste de estatus, Formulario I-485<\/h3>\n\n<p>\nEl ajuste de estatus (AOS) es el proceso por el que un solicitante \ncambia su estatus en Estados Unidos por el de residente permanente legal (LPR) o titular de una tarjeta verde. Un LPR tiene derecho a <x id=\"gid_2\"><\/x>vivir y trabajar en Estados Unidos de forma permanente. Para solicitar el \nAOS, el solicitante presenta el formulario I-485 al USCIS.  <\/p>\n\n<h3 class=\"wp-block-heading\">Petici\u00f3n para eliminar las condiciones de residencia, Formulario I-751<\/h3>\n\n<p>A las personas que estuvieron casadas con su c\u00f3nyuge ciudadano estadounidense durante menos \nde dos a\u00f1os antes de solicitar la tarjeta verde, o a las personas que \nentraron en EE.UU. con un visado de prometido, se les concede el estatus de residente permanente condicional \n. Esto significa que su tarjeta verde s\u00f3lo es v\u00e1lida durante dos\n a\u00f1os. Para seguir siendo residente permanente, un residente permanente condicional\n debe presentar una petici\u00f3n para eliminar la condici\u00f3n, el formulario I-751, \ndurante los 90 d\u00edas anteriores a la caducidad de la tarjeta.  <\/p>\n\n<h3 class=\"wp-block-heading\">Visado de prometido(a) (visado K)<\/h3>\n\n<p>Un ciudadano estadounidense que desee traer a su prometido(a) que vive en el extranjero a \nlos EE.UU. para casarse con esa persona en los EE.UU. solicitar\u00eda un visado de prometido(a) \no visado K.<\/p>\n\n<hr class=\"wp-block-separator has-alpha-channel-opacity\"\/>\n\n<h2 class=\"wp-block-heading\" id=\"hs\">Servicios Humanitarios<\/h2>\n\n<p>Nuestro personal tiene experiencia en ayudar a supervivientes de violencia dom\u00e9stica y delitos, solicitantes del Estatus de Protecci\u00f3n Temporal (TPS) y asilados y refugiados. Ayudamos a las v\u00edctimas de violencia dom\u00e9stica y de delitos a solicitar diversas formas de ayuda a la inmigraci\u00f3n, como visados U, autopeticiones de la Ley sobre Violencia contra las Mujeres y peticiones I-751 para eliminar las condiciones de residencia. Tambi\u00e9n les ayudamos a solicitar permisos de trabajo, solicitar la tramitaci\u00f3n consular y, finalmente, solicitar el ajuste de estatus. Ayudamos a los solicitantes de TPS con las solicitudes iniciales y tard\u00edas de TPS, as\u00ed como con las renovaciones de TPS. Ayudamos a los asilados y refugiados de varias formas, incluida la presentaci\u00f3n de peticiones de familiar de refugiado\/asilado, solicitudes de ajuste de estatus de refugiado\/asilado y exenciones de inadmisibilidad.    <\/p>\n\n<h3 class=\"wp-block-heading\">Petici\u00f3n de estatus de no inmigrante U (visado U)<\/h3>\n\n<p>Las v\u00edctimas de determinados delitos, que cooperen con las fuerzas de seguridad y \nsufran da\u00f1os como consecuencia del delito, pueden optar al estatus de no inmigrante U\n, com\u00fanmente conocido como visado U.<\/p>\n\n<h3 class=\"wp-block-heading\">Autopetici\u00f3n VAWA I-360<\/h3>\n\n<p>Ciertos supervivientes de la violencia dom\u00e9stica, a saber, \nc\u00f3nyuges o hijos maltratados o abusados de ciudadanos estadounidenses o residentes legales, y \npadres maltratados o abusados de ciudadanos estadounidenses adultos, pueden solicitar la acci\u00f3n diferida presentando \nuna autopetici\u00f3n I-360 (com\u00fanmente denominada autopetici\u00f3n de la Ley de Violencia contra las Mujeres\n (VAWA)). La acci\u00f3n diferida concede a una persona \nrelativa seguridad frente a la deportaci\u00f3n y la oportunidad de solicitar un permiso de trabajo\n. Ciertas personas cuyas solicitudes I-360 se conceden pueden \nsolicitar el AOS y convertirse en titulares de la tarjeta verde.  <\/p>\n\n<h3 class=\"wp-block-heading\">Estatus de Protecci\u00f3n Temporal<\/h3>\n\n<p>El Secretario de Seguridad Nacional puede conceder el Estatus de Protecci\u00f3n Temporal \n(TPS) a personas de determinados pa\u00edses debido a condiciones en \nel pa\u00eds, como un conflicto armado o un desastre medioambiental, que \nles impidan temporalmente regresar con seguridad. Las personas con estatus de TPS \nno pueden ser expulsadas de EE.UU., pueden obtener un EAD y se les puede conceder \nautorizaci\u00f3n para viajar. <\/p>\n\n<h3 class=\"wp-block-heading\">Estatuto de Inmigrante Juvenil Especial (SIJS)<\/h3>\n\n<p>Los ni\u00f1os y j\u00f3venes que puedan demostrar que han sufrido malos tratos, abandono o negligencia por parte de uno o ambos progenitores y que no les conviene regresar a su pa\u00eds de origen, y que puedan obtener una orden de un juez de un tribunal estatal que confirme esos hechos, pueden solicitar el Estatus Especial de Inmigrante Juvenil. El SIJS es un camino hacia la residencia permanente, pero puede llevar m\u00e1s tiempo para los solicitantes de determinados pa\u00edses. El IIBA representa a clientes en la parte de inmigraci\u00f3n del proceso y se asocia con organismos que pueden obtener la orden del tribunal estatal.    <\/p>\n\n<h3 class=\"wp-block-heading\">Ajuste para asilados<\/h3>\n\n<p>Un a\u00f1o despu\u00e9s de que a un solicitante de asilo\nse le conceda el asilo, puede solicitar el ajuste de estatus para que\npueda obtener su tarjeta verde.  <\/p>\n\n<h3 class=\"wp-block-heading\">Petici\u00f3n de estatus de no inmigrante T (visado T)<\/h3>\n\n<p>Las v\u00edctimas de la trata de seres humanos que\ncooperen con las fuerzas del orden y que sufrir\u00edan dificultades extremas si tuvieran\nque regresar a su pa\u00eds de origen, pueden optar al estatus de no inmigrante T,\ncom\u00fanmente denominado visado T. Las v\u00edctimas<x id=\"gid_3\"><\/x>menores de edad (menores de 18 a\u00f1os) est\u00e1n exentas de la obligaci\u00f3n de denunciar el delito a las fuerzas de seguridad<x id=\"gid_4\"><\/x>. La trata puede incluir\ntanto la trata sexual como la trata laboral, incluidas las situaciones de\nservidumbre involuntaria o servidumbre por deudas.    <\/p>\n\n<h3 class=\"wp-block-heading\">Petici\u00f3n de familiar refugiado\/asilado, formulario I-730<\/h3>\n\n<p>Si una persona lleg\u00f3 a EE.UU. como refugiado o se le concedi\u00f3 asilo en EE.UU. en los \u00faltimos dos a\u00f1os, puede presentar el formulario I-730, Petici\u00f3n de familiar refugiado\/asilado, para que determinados familiares cercanos se re\u00fanan con ella en EE.UU.<\/p>\n\n<hr class=\"wp-block-separator has-alpha-channel-opacity\"\/>\n\n<h2 class=\"wp-block-heading\" id=\"defense\">Defensa contra la deportaci\u00f3n  <\/h2>\n\n<p>La representaci\u00f3n en procedimientos de expulsi\u00f3n puede incluir solicitudes de asilo, cancelaci\u00f3n de expulsi\u00f3n o ajuste de estatus. En este momento nuestra capacidad es limitada, pero ponte en contacto con nosotros para una consulta y ver si podemos ayudarte.   <\/p>\n\n<hr class=\"wp-block-separator has-alpha-channel-opacity\"\/>\n\n<h2 class=\"wp-block-heading\" id=\"other\">Otros servicios<\/h2>\n\n<p>Los clientes buscan la asistencia del IIBA\n por muchas razones diferentes, desde solicitar una tarjeta verde de sustituci\u00f3n \nhasta necesitar una revisi\u00f3n de todo su historial de inmigraci\u00f3n y su expediente \n. Por ello, nuestro personal ayuda a los clientes con una variedad de servicios legales de \ninmigraci\u00f3n.  A continuaci\u00f3n se definen algunos de los m\u00e1s comunes:<\/p>\n\n<h3 class=\"wp-block-heading\">Solicitud de exenci\u00f3n de tasas, formulario I-912<\/h3>\n\n<p>La presentaci\u00f3n de peticiones o solicitudes de inmigraci\u00f3n suele requerir el pago de una tasa. Sin embargo, algunas personas que no pueden permitirse el pago de la tasa pueden optar a una exenci\u00f3n de la misma si reciben una prestaci\u00f3n sujeta a la comprobaci\u00f3n de recursos econ\u00f3micos, si sus ingresos familiares est\u00e1n por debajo del 150% del umbral de pobreza o si tienen dificultades econ\u00f3micas. Pueden solicitar la exenci\u00f3n de la tasa presentando el formulario I-912. La exenci\u00f3n de tasas est\u00e1 disponible para muchas solicitudes del USCIS, pero no para todas.   <\/p>\n\n<h3 class=\"wp-block-heading\">Solicitud de autorizaci\u00f3n de empleo, formulario I-765 (EAD)<\/h3>\n\n<p>Las personas a las que se hayan concedido determinados tipos de estatuto temporal \nen EE.UU. o que tengan pendientes determinadas solicitudes pueden solicitar la autorizaci\u00f3n de empleo \n(EAD o permiso de trabajo), que les concede \npermiso para trabajar legalmente en EE.UU..<\/p>\n\n<h3 class=\"wp-block-heading\">Solicitud de la Ley de Libertad de Informaci\u00f3n (FOIA) &#8211; Formulario G-639<\/h3>\n\n<p>Las personas que deseen obtener una copia de todo su expediente de inmigraci\u00f3n pueden presentar una solicitud conforme a la Ley de Libertad de Informaci\u00f3n (FOIA) utilizando el formulario G-639.<\/p>\n\n<h3 class=\"wp-block-heading\">Solicitud de sustituci\u00f3n de la tarjeta de residente permanente &#8211; Formulario I-90<\/h3>\n\n<p>Si una tarjeta verde contiene un error o se pierde o caduca, un residente legal puede presentar un formulario I-90 para solicitar una tarjeta nueva y\/o corregida.<\/p>\n\n<h3 class=\"wp-block-heading\">Solicitud de Documento de Viaje, I-131<\/h3>\n\n<p>Las personas presentan una solicitud de documento de viaje, el formulario I-131, cuando necesitan solicitar un permiso de reingreso, un documento de viaje para refugiados, un documento de viaje de libertad condicional humanitaria o un documento de viaje de libertad condicional anticipada. Los titulares de la tarjeta verde solicitan permisos de reingreso si pretenden pasar largos periodos de tiempo fuera de Estados Unidos. Los refugiados o asilados en EE.UU. pueden solicitar un documento de viaje para refugiados antes de viajar al extranjero. La concesi\u00f3n de la libertad condicional humanitaria para personas que se encuentran fuera de Estados Unidos permite la entrada en Estados Unidos durante un periodo de tiempo temporal a personas que, de otro modo, ser\u00edan inadmisibles, por razones humanitarias urgentes o por un beneficio p\u00fablico importante, como ayudar a las fuerzas del orden. Las personas con TPS o con una solicitud de ajuste pendiente pueden solicitar un documento de libertad condicional anticipada que les permita viajar temporalmente fuera de Estados Unidos.      <br\/><\/p>\n","protected":false},"excerpt":{"rendered":"<p>El IIBA ofrece servicios de ciudadan\u00eda, renovaci\u00f3n de DACA, reunificaci\u00f3n familiar, ayuda humanitaria y defensa contra la deportaci\u00f3n.  <\/p>\n","protected":false},"author":1,"featured_media":10258,"parent":6922,"menu_order":91,"comment_status":"closed","ping_status":"closed","template":"","meta":{"_acf_changed":false,"footnotes":""},"region":[],"class_list":["post-7074","page","type-page","status-publish","has-post-thumbnail","hentry"],"acf":[],"featured_image_urls_v2":{"full":["https:\/\/iibayarea.org\/wp-content\/uploads\/2021\/11\/Marilyn-final.png",1002,668,false],"thumbnail":["https:\/\/iibayarea.org\/wp-content\/uploads\/2021\/11\/Marilyn-final-150x100.png",150,100,true],"medium":["https:\/\/iibayarea.org\/wp-content\/uploads\/2021\/11\/Marilyn-final-512x341.png",512,341,true],"medium_large":["https:\/\/iibayarea.org\/wp-content\/uploads\/2021\/11\/Marilyn-final-768x512.png",768,512,true],"large":["https:\/\/iibayarea.org\/wp-content\/uploads\/2021\/11\/Marilyn-final.png",1002,668,false],"1536x1536":["https:\/\/iibayarea.org\/wp-content\/uploads\/2021\/11\/Marilyn-final.png",1002,668,false],"2048x2048":["https:\/\/iibayarea.org\/wp-content\/uploads\/2021\/11\/Marilyn-final.png",1002,668,false],"gform-image-choice-sm":["https:\/\/iibayarea.org\/wp-content\/uploads\/2021\/11\/Marilyn-final.png",300,200,false],"gform-image-choice-md":["https:\/\/iibayarea.org\/wp-content\/uploads\/2021\/11\/Marilyn-final.png",400,267,false],"gform-image-choice-lg":["https:\/\/iibayarea.org\/wp-content\/uploads\/2021\/11\/Marilyn-final.png",600,400,false]},"post_excerpt_stackable_v2":"<p>El IIBA ofrece servicios de ciudadan\u00eda, renovaci\u00f3n de DACA, reunificaci\u00f3n familiar, ayuda humanitaria y defensa contra la deportaci\u00f3n.  <\/p>\n","category_list_v2":"","author_info_v2":{"name":"slamorte","url":"https:\/\/iibayarea.org\/es\/author\/slamorte\/"},"comments_num_v2":"0 comentarios","yoast_head":"<!-- This site is optimized with the Yoast SEO plugin v27.4 - https:\/\/yoast.com\/product\/yoast-seo-wordpress\/ -->\n<title>Servicios Jur\u00eddicos | Immigration Institute of the Bay Area<\/title>\n<meta name=\"robots\" content=\"index, follow, max-snippet:-1, max-image-preview:large, max-video-preview:-1\" \/>\n<link rel=\"canonical\" href=\"https:\/\/iibayarea.org\/es\/servicios\/lista-de-servicios\/\" \/>\n<meta property=\"og:locale\" content=\"es_ES\" \/>\n<meta property=\"og:type\" content=\"article\" \/>\n<meta property=\"og:title\" content=\"Servicios Jur\u00eddicos | Immigration Institute of the Bay Area\" \/>\n<meta property=\"og:description\" content=\"El IIBA ofrece servicios de ciudadan\u00eda, renovaci\u00f3n de DACA, reunificaci\u00f3n familiar, ayuda humanitaria y defensa contra la deportaci\u00f3n.\" \/>\n<meta property=\"og:url\" content=\"https:\/\/iibayarea.org\/es\/servicios\/lista-de-servicios\/\" \/>\n<meta property=\"og:site_name\" content=\"Immigration Institute of the Bay Area\" \/>\n<meta property=\"article:publisher\" content=\"https:\/\/facebook.com\/iiba1918\" \/>\n<meta property=\"article:modified_time\" content=\"2025-11-14T02:46:30+00:00\" \/>\n<meta property=\"og:image\" content=\"https:\/\/iibayarea.org\/wp-content\/uploads\/2021\/11\/Marilyn-final.png\" \/>\n\t<meta property=\"og:image:width\" content=\"1002\" \/>\n\t<meta property=\"og:image:height\" content=\"668\" \/>\n\t<meta property=\"og:image:type\" content=\"image\/png\" \/>\n<meta name=\"twitter:card\" content=\"summary_large_image\" \/>\n<meta name=\"twitter:site\" content=\"@IIBA1918\" \/>\n<meta name=\"twitter:label1\" content=\"Tiempo de lectura\" \/>\n\t<meta name=\"twitter:data1\" content=\"9 minutos\" \/>\n<script type=\"application\/ld+json\" class=\"yoast-schema-graph\">{\"@context\":\"https:\\\/\\\/schema.org\",\"@graph\":[{\"@type\":\"WebPage\",\"@id\":\"https:\\\/\\\/iibayarea.org\\\/es\\\/servicios\\\/lista-de-servicios\\\/\",\"url\":\"https:\\\/\\\/iibayarea.org\\\/es\\\/servicios\\\/lista-de-servicios\\\/\",\"name\":\"Servicios Jur\u00eddicos | Immigration Institute of the Bay Area\",\"isPartOf\":{\"@id\":\"https:\\\/\\\/iibayarea.org\\\/es\\\/#website\"},\"primaryImageOfPage\":{\"@id\":\"https:\\\/\\\/iibayarea.org\\\/es\\\/servicios\\\/lista-de-servicios\\\/#primaryimage\"},\"image\":{\"@id\":\"https:\\\/\\\/iibayarea.org\\\/es\\\/servicios\\\/lista-de-servicios\\\/#primaryimage\"},\"thumbnailUrl\":\"https:\\\/\\\/iibayarea.org\\\/wp-content\\\/uploads\\\/2021\\\/11\\\/Marilyn-final.png\",\"datePublished\":\"2019-05-14T05:06:09+00:00\",\"dateModified\":\"2025-11-14T02:46:30+00:00\",\"breadcrumb\":{\"@id\":\"https:\\\/\\\/iibayarea.org\\\/es\\\/servicios\\\/lista-de-servicios\\\/#breadcrumb\"},\"inLanguage\":\"es\",\"potentialAction\":[{\"@type\":\"ReadAction\",\"target\":[\"https:\\\/\\\/iibayarea.org\\\/es\\\/servicios\\\/lista-de-servicios\\\/\"]}]},{\"@type\":\"ImageObject\",\"inLanguage\":\"es\",\"@id\":\"https:\\\/\\\/iibayarea.org\\\/es\\\/servicios\\\/lista-de-servicios\\\/#primaryimage\",\"url\":\"https:\\\/\\\/iibayarea.org\\\/wp-content\\\/uploads\\\/2021\\\/11\\\/Marilyn-final.png\",\"contentUrl\":\"https:\\\/\\\/iibayarea.org\\\/wp-content\\\/uploads\\\/2021\\\/11\\\/Marilyn-final.png\",\"width\":1002,\"height\":668},{\"@type\":\"BreadcrumbList\",\"@id\":\"https:\\\/\\\/iibayarea.org\\\/es\\\/servicios\\\/lista-de-servicios\\\/#breadcrumb\",\"itemListElement\":[{\"@type\":\"ListItem\",\"position\":1,\"name\":\"Home\",\"item\":\"https:\\\/\\\/iibayarea.org\\\/es\\\/\"},{\"@type\":\"ListItem\",\"position\":2,\"name\":\"Servicios de Inmigraci\u00f3n\",\"item\":\"https:\\\/\\\/iibayarea.org\\\/es\\\/servicios\\\/\"},{\"@type\":\"ListItem\",\"position\":3,\"name\":\"Servicios Jur\u00eddicos\"}]},{\"@type\":\"WebSite\",\"@id\":\"https:\\\/\\\/iibayarea.org\\\/es\\\/#website\",\"url\":\"https:\\\/\\\/iibayarea.org\\\/es\\\/\",\"name\":\"Immigration Institute of the Bay Area\",\"description\":\"a nonprofit providing immigration legal services\",\"publisher\":{\"@id\":\"https:\\\/\\\/iibayarea.org\\\/es\\\/#organization\"},\"potentialAction\":[{\"@type\":\"SearchAction\",\"target\":{\"@type\":\"EntryPoint\",\"urlTemplate\":\"https:\\\/\\\/iibayarea.org\\\/es\\\/?s={search_term_string}\"},\"query-input\":{\"@type\":\"PropertyValueSpecification\",\"valueRequired\":true,\"valueName\":\"search_term_string\"}}],\"inLanguage\":\"es\"},{\"@type\":\"Organization\",\"@id\":\"https:\\\/\\\/iibayarea.org\\\/es\\\/#organization\",\"name\":\"Immigration Institute of the Bay Area (IIBA)\",\"url\":\"https:\\\/\\\/iibayarea.org\\\/es\\\/\",\"logo\":{\"@type\":\"ImageObject\",\"inLanguage\":\"es\",\"@id\":\"https:\\\/\\\/iibayarea.org\\\/es\\\/#\\\/schema\\\/logo\\\/image\\\/\",\"url\":\"https:\\\/\\\/iibayarea.org\\\/wp-content\\\/uploads\\\/2022\\\/06\\\/Logo_Full_Name.png\",\"contentUrl\":\"https:\\\/\\\/iibayarea.org\\\/wp-content\\\/uploads\\\/2022\\\/06\\\/Logo_Full_Name.png\",\"width\":4800,\"height\":1200,\"caption\":\"Immigration Institute of the Bay Area (IIBA)\"},\"image\":{\"@id\":\"https:\\\/\\\/iibayarea.org\\\/es\\\/#\\\/schema\\\/logo\\\/image\\\/\"},\"sameAs\":[\"https:\\\/\\\/facebook.com\\\/iiba1918\",\"https:\\\/\\\/x.com\\\/IIBA1918\",\"https:\\\/\\\/www.instagram.com\\\/iiba1918\\\/\",\"https:\\\/\\\/www.linkedin.com\\\/company\\\/international-institute-of-the-bay-area\"]}]}<\/script>\n<!-- \/ Yoast SEO plugin. -->","yoast_head_json":{"title":"Servicios Jur\u00eddicos | Immigration Institute of the Bay Area","robots":{"index":"index","follow":"follow","max-snippet":"max-snippet:-1","max-image-preview":"max-image-preview:large","max-video-preview":"max-video-preview:-1"},"canonical":"https:\/\/iibayarea.org\/es\/servicios\/lista-de-servicios\/","og_locale":"es_ES","og_type":"article","og_title":"Servicios Jur\u00eddicos | Immigration Institute of the Bay Area","og_description":"El IIBA ofrece servicios de ciudadan\u00eda, renovaci\u00f3n de DACA, reunificaci\u00f3n familiar, ayuda humanitaria y defensa contra la deportaci\u00f3n.","og_url":"https:\/\/iibayarea.org\/es\/servicios\/lista-de-servicios\/","og_site_name":"Immigration Institute of the Bay Area","article_publisher":"https:\/\/facebook.com\/iiba1918","article_modified_time":"2025-11-14T02:46:30+00:00","og_image":[{"width":1002,"height":668,"url":"https:\/\/iibayarea.org\/wp-content\/uploads\/2021\/11\/Marilyn-final.png","type":"image\/png"}],"twitter_card":"summary_large_image","twitter_site":"@IIBA1918","twitter_misc":{"Tiempo de lectura":"9 minutos"},"schema":{"@context":"https:\/\/schema.org","@graph":[{"@type":"WebPage","@id":"https:\/\/iibayarea.org\/es\/servicios\/lista-de-servicios\/","url":"https:\/\/iibayarea.org\/es\/servicios\/lista-de-servicios\/","name":"Servicios Jur\u00eddicos | Immigration Institute of the Bay Area","isPartOf":{"@id":"https:\/\/iibayarea.org\/es\/#website"},"primaryImageOfPage":{"@id":"https:\/\/iibayarea.org\/es\/servicios\/lista-de-servicios\/#primaryimage"},"image":{"@id":"https:\/\/iibayarea.org\/es\/servicios\/lista-de-servicios\/#primaryimage"},"thumbnailUrl":"https:\/\/iibayarea.org\/wp-content\/uploads\/2021\/11\/Marilyn-final.png","datePublished":"2019-05-14T05:06:09+00:00","dateModified":"2025-11-14T02:46:30+00:00","breadcrumb":{"@id":"https:\/\/iibayarea.org\/es\/servicios\/lista-de-servicios\/#breadcrumb"},"inLanguage":"es","potentialAction":[{"@type":"ReadAction","target":["https:\/\/iibayarea.org\/es\/servicios\/lista-de-servicios\/"]}]},{"@type":"ImageObject","inLanguage":"es","@id":"https:\/\/iibayarea.org\/es\/servicios\/lista-de-servicios\/#primaryimage","url":"https:\/\/iibayarea.org\/wp-content\/uploads\/2021\/11\/Marilyn-final.png","contentUrl":"https:\/\/iibayarea.org\/wp-content\/uploads\/2021\/11\/Marilyn-final.png","width":1002,"height":668},{"@type":"BreadcrumbList","@id":"https:\/\/iibayarea.org\/es\/servicios\/lista-de-servicios\/#breadcrumb","itemListElement":[{"@type":"ListItem","position":1,"name":"Home","item":"https:\/\/iibayarea.org\/es\/"},{"@type":"ListItem","position":2,"name":"Servicios de Inmigraci\u00f3n","item":"https:\/\/iibayarea.org\/es\/servicios\/"},{"@type":"ListItem","position":3,"name":"Servicios Jur\u00eddicos"}]},{"@type":"WebSite","@id":"https:\/\/iibayarea.org\/es\/#website","url":"https:\/\/iibayarea.org\/es\/","name":"Immigration Institute of the Bay Area","description":"a nonprofit providing immigration legal services","publisher":{"@id":"https:\/\/iibayarea.org\/es\/#organization"},"potentialAction":[{"@type":"SearchAction","target":{"@type":"EntryPoint","urlTemplate":"https:\/\/iibayarea.org\/es\/?s={search_term_string}"},"query-input":{"@type":"PropertyValueSpecification","valueRequired":true,"valueName":"search_term_string"}}],"inLanguage":"es"},{"@type":"Organization","@id":"https:\/\/iibayarea.org\/es\/#organization","name":"Immigration Institute of the Bay Area (IIBA)","url":"https:\/\/iibayarea.org\/es\/","logo":{"@type":"ImageObject","inLanguage":"es","@id":"https:\/\/iibayarea.org\/es\/#\/schema\/logo\/image\/","url":"https:\/\/iibayarea.org\/wp-content\/uploads\/2022\/06\/Logo_Full_Name.png","contentUrl":"https:\/\/iibayarea.org\/wp-content\/uploads\/2022\/06\/Logo_Full_Name.png","width":4800,"height":1200,"caption":"Immigration Institute of the Bay Area (IIBA)"},"image":{"@id":"https:\/\/iibayarea.org\/es\/#\/schema\/logo\/image\/"},"sameAs":["https:\/\/facebook.com\/iiba1918","https:\/\/x.com\/IIBA1918","https:\/\/www.instagram.com\/iiba1918\/","https:\/\/www.linkedin.com\/company\/international-institute-of-the-bay-area"]}]}},"_links":{"self":[{"href":"https:\/\/iibayarea.org\/es\/wp-json\/wp\/v2\/pages\/7074","targetHints":{"allow":["GET"]}}],"collection":[{"href":"https:\/\/iibayarea.org\/es\/wp-json\/wp\/v2\/pages"}],"about":[{"href":"https:\/\/iibayarea.org\/es\/wp-json\/wp\/v2\/types\/page"}],"author":[{"embeddable":true,"href":"https:\/\/iibayarea.org\/es\/wp-json\/wp\/v2\/users\/1"}],"replies":[{"embeddable":true,"href":"https:\/\/iibayarea.org\/es\/wp-json\/wp\/v2\/comments?post=7074"}],"version-history":[{"count":0,"href":"https:\/\/iibayarea.org\/es\/wp-json\/wp\/v2\/pages\/7074\/revisions"}],"up":[{"embeddable":true,"href":"https:\/\/iibayarea.org\/es\/wp-json\/wp\/v2\/pages\/6922"}],"wp:featuredmedia":[{"embeddable":true,"href":"https:\/\/iibayarea.org\/es\/wp-json\/wp\/v2\/media\/10258"}],"wp:attachment":[{"href":"https:\/\/iibayarea.org\/es\/wp-json\/wp\/v2\/media?parent=7074"}],"wp:term":[{"taxonomy":"region","embeddable":true,"href":"https:\/\/iibayarea.org\/es\/wp-json\/wp\/v2\/region?post=7074"}],"curies":[{"name":"wp","href":"https:\/\/api.w.org\/{rel}","templated":true}]}}