{"id":8138,"date":"2019-06-18T18:38:12","date_gmt":"2019-06-19T01:38:12","guid":{"rendered":"https:\/\/iibayarea.local\/servicios-de-inmigracion\/citizenship-classes\/"},"modified":"2026-03-06T12:10:46","modified_gmt":"2026-03-06T20:10:46","slug":"clases","status":"publish","type":"page","link":"https:\/\/iibayarea.org\/es\/servicios\/clases\/","title":{"rendered":"Clases de Ciudadan\u00eda"},"content":{"rendered":"\n<p>El plan de estudios del IIBA, de 12 semanas de duraci\u00f3n, se centra en desarrollar las destrezas del ingl\u00e9s como segunda lengua (ESL), a la vez que se cubren los temas clave del examen de naturalizaci\u00f3n, como el gobierno, la historia y la educaci\u00f3n c\u00edvica de EE.UU. \u00a1\u00danete a nosotros semanalmente en Redwood City o en Zoom! Es necesario inscribirse.    <\/p>\n\n<p><\/p>\n\n<p><\/p>\n\n<figure class=\"wp-block-image aligncenter size-full\"><img loading=\"lazy\" decoding=\"async\" width=\"2475\" height=\"247\" src=\"https:\/\/iibayarea.org\/wp-content\/uploads\/2025\/05\/San-Francisco-Redwood-City-or-Zoom-classes-6-x-0.75-in.png\" alt=\"\" class=\"wp-image-12510\" srcset=\"https:\/\/iibayarea.org\/wp-content\/uploads\/2025\/05\/San-Francisco-Redwood-City-or-Zoom-classes-6-x-0.75-in.png 2475w, https:\/\/iibayarea.org\/wp-content\/uploads\/2025\/05\/San-Francisco-Redwood-City-or-Zoom-classes-6-x-0.75-in-512x51.png 512w, https:\/\/iibayarea.org\/wp-content\/uploads\/2025\/05\/San-Francisco-Redwood-City-or-Zoom-classes-6-x-0.75-in-1024x102.png 1024w, https:\/\/iibayarea.org\/wp-content\/uploads\/2025\/05\/San-Francisco-Redwood-City-or-Zoom-classes-6-x-0.75-in-150x15.png 150w, https:\/\/iibayarea.org\/wp-content\/uploads\/2025\/05\/San-Francisco-Redwood-City-or-Zoom-classes-6-x-0.75-in-768x77.png 768w, https:\/\/iibayarea.org\/wp-content\/uploads\/2025\/05\/San-Francisco-Redwood-City-or-Zoom-classes-6-x-0.75-in-1536x153.png 1536w, https:\/\/iibayarea.org\/wp-content\/uploads\/2025\/05\/San-Francisco-Redwood-City-or-Zoom-classes-6-x-0.75-in-2048x204.png 2048w, https:\/\/iibayarea.org\/wp-content\/uploads\/2025\/05\/San-Francisco-Redwood-City-or-Zoom-classes-6-x-0.75-in-256x26.png 256w, https:\/\/iibayarea.org\/wp-content\/uploads\/2025\/05\/San-Francisco-Redwood-City-or-Zoom-classes-6-x-0.75-in-1280x128.png 1280w\" sizes=\"auto, (max-width: 2475px) 100vw, 2475px\" \/><\/figure>\n\n<h6 class=\"wp-block-heading\">Para inscribirte u obtener m\u00e1s informaci\u00f3n, ponte en contacto con Glen Olson en <a href=\"mailto:golson@iibayarea.org\" target=\"_blank\" rel=\"noreferrer noopener\"><span style=\"color: #8c0c0a;\" class=\"stk-highlight\">golson@iibayarea.org<\/span><\/a> o al (650) 587-1549.<\/h6>\n\n<figure class=\"wp-block-image aligncenter size-full\"><img loading=\"lazy\" decoding=\"async\" width=\"2025\" height=\"675\" src=\"https:\/\/iibayarea.org\/wp-content\/uploads\/2025\/05\/San-Francisco-Redwood-City-or-Zoom-classes-1.png\" alt=\"\" class=\"wp-image-12513\" srcset=\"https:\/\/iibayarea.org\/wp-content\/uploads\/2025\/05\/San-Francisco-Redwood-City-or-Zoom-classes-1.png 2025w, https:\/\/iibayarea.org\/wp-content\/uploads\/2025\/05\/San-Francisco-Redwood-City-or-Zoom-classes-1-512x171.png 512w, https:\/\/iibayarea.org\/wp-content\/uploads\/2025\/05\/San-Francisco-Redwood-City-or-Zoom-classes-1-1024x341.png 1024w, https:\/\/iibayarea.org\/wp-content\/uploads\/2025\/05\/San-Francisco-Redwood-City-or-Zoom-classes-1-150x50.png 150w, https:\/\/iibayarea.org\/wp-content\/uploads\/2025\/05\/San-Francisco-Redwood-City-or-Zoom-classes-1-768x256.png 768w, https:\/\/iibayarea.org\/wp-content\/uploads\/2025\/05\/San-Francisco-Redwood-City-or-Zoom-classes-1-1536x512.png 1536w, https:\/\/iibayarea.org\/wp-content\/uploads\/2025\/05\/San-Francisco-Redwood-City-or-Zoom-classes-1-256x85.png 256w, https:\/\/iibayarea.org\/wp-content\/uploads\/2025\/05\/San-Francisco-Redwood-City-or-Zoom-classes-1-1280x427.png 1280w\" sizes=\"auto, (max-width: 2025px) 100vw, 2025px\" \/><\/figure>\n\n<div class=\"wp-block-stackable-divider stk-block-divider stk-block stk-e944329\" data-block-id=\"e944329\"><style>.stk-e944329 {margin-bottom:0px !important;}<\/style><hr class=\"stk-block-divider__hr\"\/><\/div>\n\n<figure class=\"wp-block-image aligncenter size-full is-resized\"><img loading=\"lazy\" decoding=\"async\" width=\"2250\" height=\"225\" src=\"https:\/\/iibayarea.org\/wp-content\/uploads\/2025\/05\/napa-petaluma.png\" alt=\"\" class=\"wp-image-12515\" style=\"width:820px;height:auto\" srcset=\"https:\/\/iibayarea.org\/wp-content\/uploads\/2025\/05\/napa-petaluma.png 2250w, https:\/\/iibayarea.org\/wp-content\/uploads\/2025\/05\/napa-petaluma-512x51.png 512w, https:\/\/iibayarea.org\/wp-content\/uploads\/2025\/05\/napa-petaluma-1024x102.png 1024w, https:\/\/iibayarea.org\/wp-content\/uploads\/2025\/05\/napa-petaluma-150x15.png 150w, https:\/\/iibayarea.org\/wp-content\/uploads\/2025\/05\/napa-petaluma-768x77.png 768w, https:\/\/iibayarea.org\/wp-content\/uploads\/2025\/05\/napa-petaluma-1536x154.png 1536w, https:\/\/iibayarea.org\/wp-content\/uploads\/2025\/05\/napa-petaluma-2048x205.png 2048w, https:\/\/iibayarea.org\/wp-content\/uploads\/2025\/05\/napa-petaluma-256x26.png 256w, https:\/\/iibayarea.org\/wp-content\/uploads\/2025\/05\/napa-petaluma-1280x128.png 1280w\" sizes=\"auto, (max-width: 2250px) 100vw, 2250px\" \/><\/figure>\n\n<h6 class=\"wp-block-heading\">Para inscribirte u obtener m\u00e1s informaci\u00f3n, ponte en contacto con Anthony Moss en <span style=\"color: #2f8ec9;\" class=\"stk-highlight\">amoss@iibayarea.org<\/span> o (707) 234-5106.<\/h6>\n\n<figure class=\"wp-block-image aligncenter size-full is-resized\"><img loading=\"lazy\" decoding=\"async\" width=\"2025\" height=\"675\" src=\"https:\/\/iibayarea.org\/wp-content\/uploads\/2025\/05\/napapetaluma.png\" alt=\"\" class=\"wp-image-12517\" style=\"width:829px;height:auto\" srcset=\"https:\/\/iibayarea.org\/wp-content\/uploads\/2025\/05\/napapetaluma.png 2025w, https:\/\/iibayarea.org\/wp-content\/uploads\/2025\/05\/napapetaluma-512x171.png 512w, https:\/\/iibayarea.org\/wp-content\/uploads\/2025\/05\/napapetaluma-1024x341.png 1024w, https:\/\/iibayarea.org\/wp-content\/uploads\/2025\/05\/napapetaluma-150x50.png 150w, https:\/\/iibayarea.org\/wp-content\/uploads\/2025\/05\/napapetaluma-768x256.png 768w, https:\/\/iibayarea.org\/wp-content\/uploads\/2025\/05\/napapetaluma-1536x512.png 1536w, https:\/\/iibayarea.org\/wp-content\/uploads\/2025\/05\/napapetaluma-256x85.png 256w, https:\/\/iibayarea.org\/wp-content\/uploads\/2025\/05\/napapetaluma-1280x427.png 1280w\" sizes=\"auto, (max-width: 2025px) 100vw, 2025px\" \/><\/figure>\n\n<div class=\"wp-block-ugb-notification ugb-notification ugb-dbdd307 ugb-notification--v2 ugb-notification--design-plain ugb-notification--type-success ugb-main-block\"><style>.ugb-dbdd307 .ugb-notification__title{color:#9d302f !important}.ugb-dbdd307 .ugb-notification__description{color:#9d302f !important}.ugb-dbdd307 .ugb-button .ugb-button--inner{color:#9d302f !important}.ugb-dbdd307 .ugb-button{border-color:#9d302f !important}.ugb-dbdd307 .ugb-button:hover .ugb-button--inner{color:#9d302f !important}.ugb-dbdd307 .ugb-inner-block{text-align:center}<\/style><div class=\"ugb-inner-block\"><div class=\"ugb-block-content\"><div class=\"ugb-notification__item ugb-notification--new-icon ugb--shadow-3\"><h3 class=\"ugb-notification__title\">\u00bfTe interesa ser voluntario como profesor de ESL\/C\u00edvica?<\/h3><p class=\"ugb-notification__description\">Visita nuestra p\u00e1gina de voluntariado para obtener m\u00e1s informaci\u00f3n.<\/p><div class=\"ugb-button-container\"><a class=\"ugb-button ugb-button--size-normal ugb-button--design-ghost\" href=\"https:\/\/iibayarea.org\/you-can-help\/volunteer\/\" target=\"_blank\" rel=\"noopener noreferrer\" title=\"\"><span class=\"ugb-button--inner\">Voluntario con IIBA<\/span><\/a><\/div><\/div><\/div><\/div><\/div>\n","protected":false},"excerpt":{"rendered":"<p>Comienza tu viaje hacia la ciudadan\u00eda con el IIBA. Clases semanales gratuitas que te preparan tanto si est\u00e1s pensando en solicitarla como si ya lo has hecho. \u00a1Disponibles en Redwood City, Napa, San Francisco, Petaluma y en Zoom!  <\/p>\n","protected":false},"author":3,"featured_media":9858,"parent":6922,"menu_order":32,"comment_status":"closed","ping_status":"closed","template":"","meta":{"_acf_changed":false,"footnotes":""},"region":[],"class_list":["post-8138","page","type-page","status-publish","has-post-thumbnail","hentry"],"acf":[],"featured_image_urls_v2":{"full":["https:\/\/iibayarea.org\/wp-content\/uploads\/2021\/03\/CItizenship-Class-8.png",5472,3648,false],"thumbnail":["https:\/\/iibayarea.org\/wp-content\/uploads\/2021\/03\/CItizenship-Class-8-150x100.png",150,100,true],"medium":["https:\/\/iibayarea.org\/wp-content\/uploads\/2021\/03\/CItizenship-Class-8-512x341.png",512,341,true],"medium_large":["https:\/\/iibayarea.org\/wp-content\/uploads\/2021\/03\/CItizenship-Class-8-768x512.png",768,512,true],"large":["https:\/\/iibayarea.org\/wp-content\/uploads\/2021\/03\/CItizenship-Class-8-1024x683.png",1024,683,true],"1536x1536":["https:\/\/iibayarea.org\/wp-content\/uploads\/2021\/03\/CItizenship-Class-8-1536x1024.png",1536,1024,true],"2048x2048":["https:\/\/iibayarea.org\/wp-content\/uploads\/2021\/03\/CItizenship-Class-8-2048x1365.png",2048,1365,true],"gform-image-choice-sm":["https:\/\/iibayarea.org\/wp-content\/uploads\/2021\/03\/CItizenship-Class-8.png",300,200,false],"gform-image-choice-md":["https:\/\/iibayarea.org\/wp-content\/uploads\/2021\/03\/CItizenship-Class-8.png",400,267,false],"gform-image-choice-lg":["https:\/\/iibayarea.org\/wp-content\/uploads\/2021\/03\/CItizenship-Class-8.png",600,400,false]},"post_excerpt_stackable_v2":"<p>Comienza tu viaje hacia la ciudadan\u00eda con el IIBA. Clases semanales gratuitas que te preparan tanto si est\u00e1s pensando en solicitarla como si ya lo has hecho. \u00a1Disponibles en Redwood City, Napa, San Francisco, Petaluma y en Zoom!  <\/p>\n","category_list_v2":"","author_info_v2":{"name":"Isabella Alvarenga","url":"https:\/\/iibayarea.org\/es\/author\/isabella\/"},"comments_num_v2":"0 comentarios","yoast_head":"<!-- This site is optimized with the Yoast SEO plugin v27.3 - https:\/\/yoast.com\/product\/yoast-seo-wordpress\/ -->\n<title>Clases de Ciudadan\u00eda | Immigration Institute of the Bay Area<\/title>\n<meta name=\"description\" content=\"\u00bfNecesitas ayuda para preparar tu entrevista de naturalizaci\u00f3n? \u00a1El IIBA ofrece clases gratuitas de Ciudadan\u00eda en Redwood City o en Zoom!\" \/>\n<meta name=\"robots\" content=\"index, follow, max-snippet:-1, max-image-preview:large, max-video-preview:-1\" \/>\n<link rel=\"canonical\" href=\"https:\/\/iibayarea.org\/es\/servicios\/clases\/\" \/>\n<meta property=\"og:locale\" content=\"es_ES\" \/>\n<meta property=\"og:type\" content=\"article\" \/>\n<meta property=\"og:title\" content=\"Clases de Ciudadan\u00eda | Immigration Institute of the Bay Area\" \/>\n<meta property=\"og:description\" content=\"\u00bfNecesitas ayuda para preparar tu entrevista de naturalizaci\u00f3n? \u00a1El IIBA ofrece clases gratuitas de Ciudadan\u00eda en Redwood City o en Zoom!\" \/>\n<meta property=\"og:url\" content=\"https:\/\/iibayarea.org\/es\/servicios\/clases\/\" \/>\n<meta property=\"og:site_name\" content=\"Immigration Institute of the Bay Area\" \/>\n<meta property=\"article:publisher\" content=\"https:\/\/facebook.com\/iiba1918\" \/>\n<meta property=\"article:modified_time\" content=\"2026-03-06T20:10:46+00:00\" \/>\n<meta property=\"og:image\" content=\"https:\/\/iibayarea.org\/wp-content\/uploads\/2021\/03\/CItizenship-Class-8-1024x683.png\" \/>\n\t<meta property=\"og:image:width\" content=\"1024\" \/>\n\t<meta property=\"og:image:height\" content=\"683\" \/>\n\t<meta property=\"og:image:type\" content=\"image\/png\" \/>\n<meta name=\"twitter:card\" content=\"summary_large_image\" \/>\n<meta name=\"twitter:site\" content=\"@IIBA1918\" \/>\n<meta name=\"twitter:label1\" content=\"Tiempo de lectura\" \/>\n\t<meta name=\"twitter:data1\" content=\"1 minuto\" \/>\n<script type=\"application\/ld+json\" class=\"yoast-schema-graph\">{\"@context\":\"https:\\\/\\\/schema.org\",\"@graph\":[{\"@type\":\"WebPage\",\"@id\":\"https:\\\/\\\/iibayarea.org\\\/es\\\/servicios\\\/clases\\\/\",\"url\":\"https:\\\/\\\/iibayarea.org\\\/es\\\/servicios\\\/clases\\\/\",\"name\":\"Clases de Ciudadan\u00eda | Immigration Institute of the Bay Area\",\"isPartOf\":{\"@id\":\"https:\\\/\\\/iibayarea.org\\\/es\\\/#website\"},\"primaryImageOfPage\":{\"@id\":\"https:\\\/\\\/iibayarea.org\\\/es\\\/servicios\\\/clases\\\/#primaryimage\"},\"image\":{\"@id\":\"https:\\\/\\\/iibayarea.org\\\/es\\\/servicios\\\/clases\\\/#primaryimage\"},\"thumbnailUrl\":\"https:\\\/\\\/iibayarea.org\\\/wp-content\\\/uploads\\\/2021\\\/03\\\/CItizenship-Class-8.png\",\"datePublished\":\"2019-06-19T01:38:12+00:00\",\"dateModified\":\"2026-03-06T20:10:46+00:00\",\"description\":\"\u00bfNecesitas ayuda para preparar tu entrevista de naturalizaci\u00f3n? \u00a1El IIBA ofrece clases gratuitas de Ciudadan\u00eda en Redwood City o en Zoom!\",\"breadcrumb\":{\"@id\":\"https:\\\/\\\/iibayarea.org\\\/es\\\/servicios\\\/clases\\\/#breadcrumb\"},\"inLanguage\":\"es\",\"potentialAction\":[{\"@type\":\"ReadAction\",\"target\":[\"https:\\\/\\\/iibayarea.org\\\/es\\\/servicios\\\/clases\\\/\"]}]},{\"@type\":\"ImageObject\",\"inLanguage\":\"es\",\"@id\":\"https:\\\/\\\/iibayarea.org\\\/es\\\/servicios\\\/clases\\\/#primaryimage\",\"url\":\"https:\\\/\\\/iibayarea.org\\\/wp-content\\\/uploads\\\/2021\\\/03\\\/CItizenship-Class-8.png\",\"contentUrl\":\"https:\\\/\\\/iibayarea.org\\\/wp-content\\\/uploads\\\/2021\\\/03\\\/CItizenship-Class-8.png\",\"width\":5472,\"height\":3648},{\"@type\":\"BreadcrumbList\",\"@id\":\"https:\\\/\\\/iibayarea.org\\\/es\\\/servicios\\\/clases\\\/#breadcrumb\",\"itemListElement\":[{\"@type\":\"ListItem\",\"position\":1,\"name\":\"Home\",\"item\":\"https:\\\/\\\/iibayarea.org\\\/es\\\/\"},{\"@type\":\"ListItem\",\"position\":2,\"name\":\"Servicios de Inmigraci\u00f3n\",\"item\":\"https:\\\/\\\/iibayarea.org\\\/es\\\/servicios\\\/\"},{\"@type\":\"ListItem\",\"position\":3,\"name\":\"Clases de Ciudadan\u00eda\"}]},{\"@type\":\"WebSite\",\"@id\":\"https:\\\/\\\/iibayarea.org\\\/es\\\/#website\",\"url\":\"https:\\\/\\\/iibayarea.org\\\/es\\\/\",\"name\":\"Immigration Institute of the Bay Area\",\"description\":\"a nonprofit providing immigration legal services\",\"publisher\":{\"@id\":\"https:\\\/\\\/iibayarea.org\\\/es\\\/#organization\"},\"potentialAction\":[{\"@type\":\"SearchAction\",\"target\":{\"@type\":\"EntryPoint\",\"urlTemplate\":\"https:\\\/\\\/iibayarea.org\\\/es\\\/?s={search_term_string}\"},\"query-input\":{\"@type\":\"PropertyValueSpecification\",\"valueRequired\":true,\"valueName\":\"search_term_string\"}}],\"inLanguage\":\"es\"},{\"@type\":\"Organization\",\"@id\":\"https:\\\/\\\/iibayarea.org\\\/es\\\/#organization\",\"name\":\"Immigration Institute of the Bay Area (IIBA)\",\"url\":\"https:\\\/\\\/iibayarea.org\\\/es\\\/\",\"logo\":{\"@type\":\"ImageObject\",\"inLanguage\":\"es\",\"@id\":\"https:\\\/\\\/iibayarea.org\\\/es\\\/#\\\/schema\\\/logo\\\/image\\\/\",\"url\":\"https:\\\/\\\/iibayarea.org\\\/wp-content\\\/uploads\\\/2022\\\/06\\\/Logo_Full_Name.png\",\"contentUrl\":\"https:\\\/\\\/iibayarea.org\\\/wp-content\\\/uploads\\\/2022\\\/06\\\/Logo_Full_Name.png\",\"width\":4800,\"height\":1200,\"caption\":\"Immigration Institute of the Bay Area (IIBA)\"},\"image\":{\"@id\":\"https:\\\/\\\/iibayarea.org\\\/es\\\/#\\\/schema\\\/logo\\\/image\\\/\"},\"sameAs\":[\"https:\\\/\\\/facebook.com\\\/iiba1918\",\"https:\\\/\\\/x.com\\\/IIBA1918\",\"https:\\\/\\\/www.instagram.com\\\/iiba1918\\\/\",\"https:\\\/\\\/www.linkedin.com\\\/company\\\/international-institute-of-the-bay-area\"]}]}<\/script>\n<!-- \/ Yoast SEO plugin. -->","yoast_head_json":{"title":"Clases de Ciudadan\u00eda | Immigration Institute of the Bay Area","description":"\u00bfNecesitas ayuda para preparar tu entrevista de naturalizaci\u00f3n? \u00a1El IIBA ofrece clases gratuitas de Ciudadan\u00eda en Redwood City o en Zoom!","robots":{"index":"index","follow":"follow","max-snippet":"max-snippet:-1","max-image-preview":"max-image-preview:large","max-video-preview":"max-video-preview:-1"},"canonical":"https:\/\/iibayarea.org\/es\/servicios\/clases\/","og_locale":"es_ES","og_type":"article","og_title":"Clases de Ciudadan\u00eda | Immigration Institute of the Bay Area","og_description":"\u00bfNecesitas ayuda para preparar tu entrevista de naturalizaci\u00f3n? \u00a1El IIBA ofrece clases gratuitas de Ciudadan\u00eda en Redwood City o en Zoom!","og_url":"https:\/\/iibayarea.org\/es\/servicios\/clases\/","og_site_name":"Immigration Institute of the Bay Area","article_publisher":"https:\/\/facebook.com\/iiba1918","article_modified_time":"2026-03-06T20:10:46+00:00","og_image":[{"width":1024,"height":683,"url":"https:\/\/iibayarea.org\/wp-content\/uploads\/2021\/03\/CItizenship-Class-8-1024x683.png","type":"image\/png"}],"twitter_card":"summary_large_image","twitter_site":"@IIBA1918","twitter_misc":{"Tiempo de lectura":"1 minuto"},"schema":{"@context":"https:\/\/schema.org","@graph":[{"@type":"WebPage","@id":"https:\/\/iibayarea.org\/es\/servicios\/clases\/","url":"https:\/\/iibayarea.org\/es\/servicios\/clases\/","name":"Clases de Ciudadan\u00eda | Immigration Institute of the Bay Area","isPartOf":{"@id":"https:\/\/iibayarea.org\/es\/#website"},"primaryImageOfPage":{"@id":"https:\/\/iibayarea.org\/es\/servicios\/clases\/#primaryimage"},"image":{"@id":"https:\/\/iibayarea.org\/es\/servicios\/clases\/#primaryimage"},"thumbnailUrl":"https:\/\/iibayarea.org\/wp-content\/uploads\/2021\/03\/CItizenship-Class-8.png","datePublished":"2019-06-19T01:38:12+00:00","dateModified":"2026-03-06T20:10:46+00:00","description":"\u00bfNecesitas ayuda para preparar tu entrevista de naturalizaci\u00f3n? \u00a1El IIBA ofrece clases gratuitas de Ciudadan\u00eda en Redwood City o en Zoom!","breadcrumb":{"@id":"https:\/\/iibayarea.org\/es\/servicios\/clases\/#breadcrumb"},"inLanguage":"es","potentialAction":[{"@type":"ReadAction","target":["https:\/\/iibayarea.org\/es\/servicios\/clases\/"]}]},{"@type":"ImageObject","inLanguage":"es","@id":"https:\/\/iibayarea.org\/es\/servicios\/clases\/#primaryimage","url":"https:\/\/iibayarea.org\/wp-content\/uploads\/2021\/03\/CItizenship-Class-8.png","contentUrl":"https:\/\/iibayarea.org\/wp-content\/uploads\/2021\/03\/CItizenship-Class-8.png","width":5472,"height":3648},{"@type":"BreadcrumbList","@id":"https:\/\/iibayarea.org\/es\/servicios\/clases\/#breadcrumb","itemListElement":[{"@type":"ListItem","position":1,"name":"Home","item":"https:\/\/iibayarea.org\/es\/"},{"@type":"ListItem","position":2,"name":"Servicios de Inmigraci\u00f3n","item":"https:\/\/iibayarea.org\/es\/servicios\/"},{"@type":"ListItem","position":3,"name":"Clases de Ciudadan\u00eda"}]},{"@type":"WebSite","@id":"https:\/\/iibayarea.org\/es\/#website","url":"https:\/\/iibayarea.org\/es\/","name":"Immigration Institute of the Bay Area","description":"a nonprofit providing immigration legal services","publisher":{"@id":"https:\/\/iibayarea.org\/es\/#organization"},"potentialAction":[{"@type":"SearchAction","target":{"@type":"EntryPoint","urlTemplate":"https:\/\/iibayarea.org\/es\/?s={search_term_string}"},"query-input":{"@type":"PropertyValueSpecification","valueRequired":true,"valueName":"search_term_string"}}],"inLanguage":"es"},{"@type":"Organization","@id":"https:\/\/iibayarea.org\/es\/#organization","name":"Immigration Institute of the Bay Area (IIBA)","url":"https:\/\/iibayarea.org\/es\/","logo":{"@type":"ImageObject","inLanguage":"es","@id":"https:\/\/iibayarea.org\/es\/#\/schema\/logo\/image\/","url":"https:\/\/iibayarea.org\/wp-content\/uploads\/2022\/06\/Logo_Full_Name.png","contentUrl":"https:\/\/iibayarea.org\/wp-content\/uploads\/2022\/06\/Logo_Full_Name.png","width":4800,"height":1200,"caption":"Immigration Institute of the Bay Area (IIBA)"},"image":{"@id":"https:\/\/iibayarea.org\/es\/#\/schema\/logo\/image\/"},"sameAs":["https:\/\/facebook.com\/iiba1918","https:\/\/x.com\/IIBA1918","https:\/\/www.instagram.com\/iiba1918\/","https:\/\/www.linkedin.com\/company\/international-institute-of-the-bay-area"]}]}},"_links":{"self":[{"href":"https:\/\/iibayarea.org\/es\/wp-json\/wp\/v2\/pages\/8138","targetHints":{"allow":["GET"]}}],"collection":[{"href":"https:\/\/iibayarea.org\/es\/wp-json\/wp\/v2\/pages"}],"about":[{"href":"https:\/\/iibayarea.org\/es\/wp-json\/wp\/v2\/types\/page"}],"author":[{"embeddable":true,"href":"https:\/\/iibayarea.org\/es\/wp-json\/wp\/v2\/users\/3"}],"replies":[{"embeddable":true,"href":"https:\/\/iibayarea.org\/es\/wp-json\/wp\/v2\/comments?post=8138"}],"version-history":[{"count":0,"href":"https:\/\/iibayarea.org\/es\/wp-json\/wp\/v2\/pages\/8138\/revisions"}],"up":[{"embeddable":true,"href":"https:\/\/iibayarea.org\/es\/wp-json\/wp\/v2\/pages\/6922"}],"wp:featuredmedia":[{"embeddable":true,"href":"https:\/\/iibayarea.org\/es\/wp-json\/wp\/v2\/media\/9858"}],"wp:attachment":[{"href":"https:\/\/iibayarea.org\/es\/wp-json\/wp\/v2\/media?parent=8138"}],"wp:term":[{"taxonomy":"region","embeddable":true,"href":"https:\/\/iibayarea.org\/es\/wp-json\/wp\/v2\/region?post=8138"}],"curies":[{"name":"wp","href":"https:\/\/api.w.org\/{rel}","templated":true}]}}