{"id":9220,"date":"2019-02-14T16:48:29","date_gmt":"2019-02-15T00:48:29","guid":{"rendered":"https:\/\/iibayarea.local\/probono\/"},"modified":"2026-03-06T16:35:04","modified_gmt":"2026-03-07T00:35:04","slug":"probono","status":"publish","type":"page","link":"https:\/\/iibayarea.org\/es\/probono\/","title":{"rendered":"Programa Pro Bono de IIBA"},"content":{"rendered":"\n<p>Como el mayor proveedor de servicios legales de inmigraci\u00f3n en el norte de California, IIBA tiene varios programas pro bono a trav\u00e9s de nuestras ocho oficinas, enfocados en proporcionar oportunidades <strong>para abogados pro bono, profesionales y estudiantes de derecho<\/strong> que requieren de un compromiso de poco tiempo pero que tiene un tremendo impacto en aquellos a quienes servimos.<br><\/p>\n\n\n\n<h2 class=\"wp-block-heading\">Limited Scope Workshops<\/h2>\n\n\n\n<h3 class=\"wp-block-heading\">Talleres a Corto Plazo<\/h3>\n\n\n\n<p>IIBA organiza varios talleres de ciudadan\u00eda durante el a\u00f1o en nuestras oficinas del \u00c1rea de la Bah\u00eda. Los voluntarios para estos talleres ayudan a los residentes permanentes a completar el N-400, el formulario que establece la elegibilidad de un(a) solicitante para la ciudadan\u00eda.<\/p>\n\n\n\n<div class=\"wp-block-atomic-blocks-ab-accordion ab-block-accordion ab-font-size-24\"><details><summary class=\"ab-accordion-title\"><strong><strong>Condado de San Mateo<\/strong><\/strong><\/summary><div class=\"ab-accordion-text\">\n<p>La oficina de IIBA en Redwood City organiza talleres de ciudadan\u00eda mensualmente.<\/p>\n\n\n\n<p>La oficina de Redwood City tambi\u00e9n organiza grandes talleres en fines de semana en colaboraci\u00f3n con el Condado de San Mateo y la Campa\u00f1a de Nuevos Americanos (NAC) durante todo el a\u00f1o. Estos talleres est\u00e1n abiertos a todos los solicitantes, pero se dirigen espec\u00edficamente a personas de bajos ingresos que reciben beneficios p\u00fablicos.<\/p>\n\n\n\n<p><br>Para obtener m\u00e1s informaci\u00f3n sobre los talleres de naturalizaci\u00f3n de Redwood City, env\u00ede un correo electr\u00f3nico a <a href=\"mailto:probono@iibayarea.org\">probono@iibayarea.org<\/a>.<\/p>\n<\/div><\/details><\/div>\n\n\n\n<div class=\"wp-block-atomic-blocks-ab-accordion ab-font-size-18 ab-block-accordion ab-font-size-24\"><details><summary class=\"ab-accordion-title\"><strong><strong>Condado de Napa<\/strong><\/strong><\/summary><div class=\"ab-accordion-text\">\n<p>La oficina de IIBA en Napa realiza talleres mensuales de ciudadan\u00eda.<br>Para obtener m\u00e1s informaci\u00f3n sobre los talleres de ciudadan\u00eda de Napa, env\u00ede un correo electr\u00f3nico a <a href=\"mailto:probono@iibayarea.org\">probono@iibayarea.org<\/a>.<\/p>\n<\/div><\/details><\/div>\n\n\n\n<div class=\"wp-block-atomic-blocks-ab-accordion ab-font-size-18 ab-block-accordion ab-font-size-24\"><details><summary class=\"ab-accordion-title\"><strong><strong>Condado de Contra Costa<\/strong><\/strong><\/summary><div class=\"ab-accordion-text\">\n<p>La oficina de IIBA en el condado de East Contra Costa organiza de tres a cuatro talleres de ciudadan\u00eda al a\u00f1o.<\/p>\n\n\n\n<p><br>Para obtener m\u00e1s informaci\u00f3n sobre el taller de ciudadan\u00eda del condado de East Contra Costa, env\u00ede un correo electr\u00f3nico a <a href=\"mailto:probono@iibayarea.org\">probono@iibayarea.org<\/a>.<\/p>\n<\/div><\/details><\/div>\n\n\n\n<div class=\"wp-block-atomic-blocks-ab-accordion ab-font-size-18 ab-block-accordion ab-font-size-24\"><details><summary class=\"ab-accordion-title\"><strong><strong>Condado de San Francisco<\/strong><\/strong><\/summary><div class=\"ab-accordion-text\">\n<p>La oficina de IIBA en San Francisco organiza tres talleres de naturalizaci\u00f3n durante el a\u00f1o calendario y en colaboraci\u00f3n con otras organizaciones. Los talleres se programan con mucha anticipaci\u00f3n a la fecha del evento en coordinaci\u00f3n con el Gerente Pro Bono de IIBA.<\/p>\n\n\n\n<p>La oficina de IIBA en San Francisco es parte de la Iniciativa de Naturalizaci\u00f3n de SF (Pathway to Citizenship Initiative), que lleva a cabo grandes talleres de naturalizaci\u00f3n los fines de semana en San Francisco durante todo el a\u00f1o. Para obtener m\u00e1s informaci\u00f3n sobre la colaboraci\u00f3n e inscribirse en nuestra lista de correo electr\u00f3nico, visite sfcitizenship.org.<\/p>\n<\/div><\/details><\/div>\n\n\n\n<hr class=\"wp-block-separator\"\/>\n\n\n\n<div class=\"wp-block-atomic-blocks-ab-accordion ab-block-accordion\"><details><summary class=\"ab-accordion-title\"><strong>Perfiles de voluntarios: Charles Comey<\/strong><\/summary><div class=\"ab-accordion-text\">\n<p>\u00abAl convertirse en abogado, usted hace un juramento para defender la constituci\u00f3n\u00bb, explica Charles Comey. \u00abUna forma fundamental de mantener la constituci\u00f3n es devolver algo a una parte de la comunidad con la que normalmente no tendr\u00edas la oportunidad de interactuar.\u00bb<\/p>\n\n\n\n<div class=\"wp-block-image\"><figure class=\"aligncenter size-large is-resized\"><img loading=\"lazy\" decoding=\"async\" src=\"https:\/\/iibayarea.org\/wp-content\/uploads\/2019\/09\/ChuckComey.jpg\" alt=\"\" class=\"wp-image-8569\" width=\"206\" height=\"258\" srcset=\"https:\/\/iibayarea.org\/wp-content\/uploads\/2019\/09\/ChuckComey.jpg 400w, https:\/\/iibayarea.org\/wp-content\/uploads\/2019\/09\/ChuckComey-150x188.jpg 150w, https:\/\/iibayarea.org\/wp-content\/uploads\/2019\/09\/ChuckComey-256x320.jpg 256w\" sizes=\"auto, (max-width: 206px) 100vw, 206px\" \/><\/figure><\/div>\n\n\n\n<p>Uno de los primeros talleres de ciudadan\u00eda en los que Charles sirvi\u00f3 como voluntario fue el d\u00eda de las elecciones, en noviembre de 2016. \u201cPara mi realmente signific\u00f3 cerrar el c\u00edrculo\u201d dice Charles.<\/p>\n\n\n\n<p>Como estudiante de derecho, Charles hab\u00eda ayudado con un caso de asilo pol\u00edtico, apoyando a un profesor que hab\u00eda huido de China durante los disturbios pol\u00edticos en 1989. Cuando el caso tuvo \u00e9xito, Charles vio c\u00f3mo la vida del profesor y su familia cambiaron para bien. Dej\u00f3 una impresi\u00f3n duradera.<\/p>\n\n\n\n<p>Como un socio de fusiones, adquisiciones y finanzas corporativas en Morrison &amp; Foerster, Charles estaba buscando una manera de volver a la ley de inmigraci\u00f3n. A trav\u00e9s del departamento pro bono de su empresa, aprendi\u00f3 m\u00e1s sobre nuestros talleres de ciudadan\u00eda.<\/p>\n\n\n\n<p>Charles dice que una de sus partes favoritas de ser voluntario es aprender la historia de todos. \u201cTodas las personas con las que he interactuado, est\u00e1n muy motivadas. Est\u00e1n muy interesados \u200b\u200ben la nueva historia que est\u00e1n escribiendo mientras desarrollan nuevos lazos con los Estados Unidos.\u201d<\/p>\n\n\n\n<p>IIBA aprecia a Charles y a todos nuestros voluntarios. Sin ellos, no podr\u00edamos hacer el trabajo que hacemos.<\/p>\n<\/div><\/details><\/div>\n\n\n\n<h2 class=\"wp-block-heading\">Oportunidades a largo plazo con nuestra oficina en Oakland<\/h2>\n\n\n\n<div class=\"wp-block-atomic-blocks-ab-accordion ab-font-size-18 ab-block-accordion\"><details><summary class=\"ab-accordion-title\"><strong><strong>Visa U<\/strong><\/strong><\/summary><div class=\"ab-accordion-text\">\n<p>La oficina de IIBA en Oakland ofrece un programa para voluntarios. Los participantes trabajan en peticiones sobra la visa U que obtienen beneficios de inmigraci\u00f3n a los solicitantes que son v\u00edctimas de un crimen y sufren un abuso f\u00edsico o mental considerable por ayudar a la polic\u00eda. Pedimos que los voluntarios pro bono se comprometan a trabajar 2 d\u00edas a la semana (15 horas) en la oficina por un per\u00edodo de tres meses. Los participantes se benefician de tutor\u00eda sustancial del personal legal de IIBA.<\/p>\n\n\n\n<p><br>Para obtener m\u00e1s informaci\u00f3n, env\u00ede un correo electr\u00f3nico a <a href=\"mailto:voluntario@iibayarea.org\"><a href=\"mailto:voluntario@iibayarea.org\">volunteer@iibayarea.org<\/a><\/a><\/p>\n<\/div><\/details><\/div>\n\n\n\n<div class=\"wp-block-atomic-blocks-ab-accordion ab-font-size-18 ab-block-accordion\"><details><summary class=\"ab-accordion-title\"><strong><strong>Pr\u00e1cticas Profesionales para Estudiantes de Derecho<\/strong><\/strong><\/summary><div class=\"ab-accordion-text\">\n<p>La oficina de IIBA en Oakland tambi\u00e9n ofrece un programa de Pr\u00e1cticas Profesionales durante el verano para estudiantes de derecho.<\/p>\n\n\n\n<p><br>Para obtener m\u00e1s informaci\u00f3n, env\u00ede un correo electr\u00f3nico a <a href=\"mailto:voluntario@iibayarea.org\">volunteer@iibayarea.org<\/a><\/p>\n<\/div><\/details><\/div>\n\n\n\n<h4 class=\"wp-block-heading\"><strong><em>\u00bfTiene una nueva idea para un proyecto para ayudar a los inmigrantes? \u00a1Nos encantar\u00eda trabajar con usted!<\/em><\/strong><\/h4>\n\n\n\n<p><em>Adem\u00e1s de las oportunidades pro bono de IIBA ya existentes, damos la bienvenida a nuevas ideas de proyectos pro bono de nuestros socios organizacionales. Si est\u00e1 interesado en iniciar una asociaci\u00f3n pro bono con IIBA o est\u00e1 interesado en organizar un taller a corto plazo en su oficina, comun\u00edquese con probono@iibayarea.org. <\/em><\/p>\n\n\n\n<hr class=\"wp-block-separator\"\/>\n\n\n\n<p><br><\/p>\n","protected":false},"excerpt":{"rendered":"<p>Con la ayuda de bufetes de abogados, compa\u00f1\u00edas, instituciones educativas y abogados individuales del \u00c1rea de la Bah\u00eda, IIBA ha ampliado su capacidad para proporcionar servicios legales de alta calidad a inmigrantes de bajos ingresos. * Por favor cont\u00e1ctenos para oportunidades en l\u00ednea durante COVID-19. *<\/p>\n","protected":false},"author":2,"featured_media":12736,"parent":0,"menu_order":56,"comment_status":"closed","ping_status":"closed","template":"page-fullwidth","meta":{"_acf_changed":false,"footnotes":""},"region":[],"class_list":["post-9220","page","type-page","status-publish","has-post-thumbnail","hentry"],"acf":[],"featured_image_urls_v2":{"full":["https:\/\/iibayarea.org\/wp-content\/uploads\/2025\/09\/IIBA-Pro-Bono-Clinic-139-scaled.jpg",2560,1587,false],"thumbnail":["https:\/\/iibayarea.org\/wp-content\/uploads\/2025\/09\/IIBA-Pro-Bono-Clinic-139-150x93.jpg",150,93,true],"medium":["https:\/\/iibayarea.org\/wp-content\/uploads\/2025\/09\/IIBA-Pro-Bono-Clinic-139-512x317.jpg",512,317,true],"medium_large":["https:\/\/iibayarea.org\/wp-content\/uploads\/2025\/09\/IIBA-Pro-Bono-Clinic-139-768x476.jpg",768,476,true],"large":["https:\/\/iibayarea.org\/wp-content\/uploads\/2025\/09\/IIBA-Pro-Bono-Clinic-139-1024x635.jpg",1024,635,true],"1536x1536":["https:\/\/iibayarea.org\/wp-content\/uploads\/2025\/09\/IIBA-Pro-Bono-Clinic-139-1536x952.jpg",1536,952,true],"2048x2048":["https:\/\/iibayarea.org\/wp-content\/uploads\/2025\/09\/IIBA-Pro-Bono-Clinic-139-2048x1270.jpg",2048,1270,true],"gform-image-choice-sm":["https:\/\/iibayarea.org\/wp-content\/uploads\/2025\/09\/IIBA-Pro-Bono-Clinic-139-scaled.jpg",300,186,false],"gform-image-choice-md":["https:\/\/iibayarea.org\/wp-content\/uploads\/2025\/09\/IIBA-Pro-Bono-Clinic-139-scaled.jpg",400,248,false],"gform-image-choice-lg":["https:\/\/iibayarea.org\/wp-content\/uploads\/2025\/09\/IIBA-Pro-Bono-Clinic-139-scaled.jpg",600,372,false]},"post_excerpt_stackable_v2":"<p>Con la ayuda de bufetes de abogados, compa\u00f1\u00edas, instituciones educativas y abogados individuales del \u00c1rea de la Bah\u00eda, IIBA ha ampliado su capacidad para proporcionar servicios legales de alta calidad a inmigrantes de bajos ingresos. * Por favor cont\u00e1ctenos para oportunidades en l\u00ednea durante COVID-19. *<\/p>\n","category_list_v2":"","author_info_v2":{"name":"Campaign Upgrade","url":"https:\/\/iibayarea.org\/es\/author\/campaign-upgrade\/"},"comments_num_v2":"0 comentarios","yoast_head":"<!-- This site is optimized with the Yoast SEO plugin v27.4 - https:\/\/yoast.com\/product\/yoast-seo-wordpress\/ -->\n<title>Programa Pro Bono de IIBA | Immigration Institute of the Bay Area<\/title>\n<meta name=\"robots\" content=\"index, follow, max-snippet:-1, max-image-preview:large, max-video-preview:-1\" \/>\n<link rel=\"canonical\" href=\"https:\/\/iibayarea.org\/es\/probono\/\" \/>\n<meta property=\"og:locale\" content=\"es_ES\" \/>\n<meta property=\"og:type\" content=\"article\" \/>\n<meta property=\"og:title\" content=\"Programa Pro Bono de IIBA | Immigration Institute of the Bay Area\" \/>\n<meta property=\"og:description\" content=\"Con la ayuda de bufetes de abogados, compa\u00f1\u00edas, instituciones educativas y abogados individuales del \u00c1rea de la Bah\u00eda, IIBA ha ampliado su capacidad para proporcionar servicios legales de alta calidad a inmigrantes de bajos ingresos. * Por favor cont\u00e1ctenos para oportunidades en l\u00ednea durante COVID-19. *\" \/>\n<meta property=\"og:url\" content=\"https:\/\/iibayarea.org\/es\/probono\/\" \/>\n<meta property=\"og:site_name\" content=\"Immigration Institute of the Bay Area\" \/>\n<meta property=\"article:publisher\" content=\"https:\/\/facebook.com\/iiba1918\" \/>\n<meta property=\"article:modified_time\" content=\"2026-03-07T00:35:04+00:00\" \/>\n<meta property=\"og:image\" content=\"https:\/\/iibayarea.org\/wp-content\/uploads\/2025\/09\/IIBA-Pro-Bono-Clinic-139-scaled.jpg\" \/>\n\t<meta property=\"og:image:width\" content=\"2560\" \/>\n\t<meta property=\"og:image:height\" content=\"1587\" \/>\n\t<meta property=\"og:image:type\" content=\"image\/jpeg\" \/>\n<meta name=\"twitter:card\" content=\"summary_large_image\" \/>\n<meta name=\"twitter:site\" content=\"@IIBA1918\" \/>\n<meta name=\"twitter:label1\" content=\"Tiempo de lectura\" \/>\n\t<meta name=\"twitter:data1\" content=\"5 minutos\" \/>\n<script type=\"application\/ld+json\" class=\"yoast-schema-graph\">{\"@context\":\"https:\\\/\\\/schema.org\",\"@graph\":[{\"@type\":\"WebPage\",\"@id\":\"https:\\\/\\\/iibayarea.org\\\/es\\\/probono\\\/\",\"url\":\"https:\\\/\\\/iibayarea.org\\\/es\\\/probono\\\/\",\"name\":\"Programa Pro Bono de IIBA | Immigration Institute of the Bay Area\",\"isPartOf\":{\"@id\":\"https:\\\/\\\/iibayarea.org\\\/es\\\/#website\"},\"primaryImageOfPage\":{\"@id\":\"https:\\\/\\\/iibayarea.org\\\/es\\\/probono\\\/#primaryimage\"},\"image\":{\"@id\":\"https:\\\/\\\/iibayarea.org\\\/es\\\/probono\\\/#primaryimage\"},\"thumbnailUrl\":\"https:\\\/\\\/iibayarea.org\\\/wp-content\\\/uploads\\\/2025\\\/09\\\/IIBA-Pro-Bono-Clinic-139-scaled.jpg\",\"datePublished\":\"2019-02-15T00:48:29+00:00\",\"dateModified\":\"2026-03-07T00:35:04+00:00\",\"breadcrumb\":{\"@id\":\"https:\\\/\\\/iibayarea.org\\\/es\\\/probono\\\/#breadcrumb\"},\"inLanguage\":\"es\",\"potentialAction\":[{\"@type\":\"ReadAction\",\"target\":[\"https:\\\/\\\/iibayarea.org\\\/es\\\/probono\\\/\"]}]},{\"@type\":\"ImageObject\",\"inLanguage\":\"es\",\"@id\":\"https:\\\/\\\/iibayarea.org\\\/es\\\/probono\\\/#primaryimage\",\"url\":\"https:\\\/\\\/iibayarea.org\\\/wp-content\\\/uploads\\\/2025\\\/09\\\/IIBA-Pro-Bono-Clinic-139-scaled.jpg\",\"contentUrl\":\"https:\\\/\\\/iibayarea.org\\\/wp-content\\\/uploads\\\/2025\\\/09\\\/IIBA-Pro-Bono-Clinic-139-scaled.jpg\",\"width\":2560,\"height\":1587},{\"@type\":\"BreadcrumbList\",\"@id\":\"https:\\\/\\\/iibayarea.org\\\/es\\\/probono\\\/#breadcrumb\",\"itemListElement\":[{\"@type\":\"ListItem\",\"position\":1,\"name\":\"Home\",\"item\":\"https:\\\/\\\/iibayarea.org\\\/es\\\/\"},{\"@type\":\"ListItem\",\"position\":2,\"name\":\"Programa Pro Bono de IIBA\"}]},{\"@type\":\"WebSite\",\"@id\":\"https:\\\/\\\/iibayarea.org\\\/es\\\/#website\",\"url\":\"https:\\\/\\\/iibayarea.org\\\/es\\\/\",\"name\":\"Immigration Institute of the Bay Area\",\"description\":\"a nonprofit providing immigration legal services\",\"publisher\":{\"@id\":\"https:\\\/\\\/iibayarea.org\\\/es\\\/#organization\"},\"potentialAction\":[{\"@type\":\"SearchAction\",\"target\":{\"@type\":\"EntryPoint\",\"urlTemplate\":\"https:\\\/\\\/iibayarea.org\\\/es\\\/?s={search_term_string}\"},\"query-input\":{\"@type\":\"PropertyValueSpecification\",\"valueRequired\":true,\"valueName\":\"search_term_string\"}}],\"inLanguage\":\"es\"},{\"@type\":\"Organization\",\"@id\":\"https:\\\/\\\/iibayarea.org\\\/es\\\/#organization\",\"name\":\"Immigration Institute of the Bay Area (IIBA)\",\"url\":\"https:\\\/\\\/iibayarea.org\\\/es\\\/\",\"logo\":{\"@type\":\"ImageObject\",\"inLanguage\":\"es\",\"@id\":\"https:\\\/\\\/iibayarea.org\\\/es\\\/#\\\/schema\\\/logo\\\/image\\\/\",\"url\":\"https:\\\/\\\/iibayarea.org\\\/wp-content\\\/uploads\\\/2022\\\/06\\\/Logo_Full_Name.png\",\"contentUrl\":\"https:\\\/\\\/iibayarea.org\\\/wp-content\\\/uploads\\\/2022\\\/06\\\/Logo_Full_Name.png\",\"width\":4800,\"height\":1200,\"caption\":\"Immigration Institute of the Bay Area (IIBA)\"},\"image\":{\"@id\":\"https:\\\/\\\/iibayarea.org\\\/es\\\/#\\\/schema\\\/logo\\\/image\\\/\"},\"sameAs\":[\"https:\\\/\\\/facebook.com\\\/iiba1918\",\"https:\\\/\\\/x.com\\\/IIBA1918\",\"https:\\\/\\\/www.instagram.com\\\/iiba1918\\\/\",\"https:\\\/\\\/www.linkedin.com\\\/company\\\/international-institute-of-the-bay-area\"]}]}<\/script>\n<!-- \/ Yoast SEO plugin. -->","yoast_head_json":{"title":"Programa Pro Bono de IIBA | Immigration Institute of the Bay Area","robots":{"index":"index","follow":"follow","max-snippet":"max-snippet:-1","max-image-preview":"max-image-preview:large","max-video-preview":"max-video-preview:-1"},"canonical":"https:\/\/iibayarea.org\/es\/probono\/","og_locale":"es_ES","og_type":"article","og_title":"Programa Pro Bono de IIBA | Immigration Institute of the Bay Area","og_description":"Con la ayuda de bufetes de abogados, compa\u00f1\u00edas, instituciones educativas y abogados individuales del \u00c1rea de la Bah\u00eda, IIBA ha ampliado su capacidad para proporcionar servicios legales de alta calidad a inmigrantes de bajos ingresos. * Por favor cont\u00e1ctenos para oportunidades en l\u00ednea durante COVID-19. *","og_url":"https:\/\/iibayarea.org\/es\/probono\/","og_site_name":"Immigration Institute of the Bay Area","article_publisher":"https:\/\/facebook.com\/iiba1918","article_modified_time":"2026-03-07T00:35:04+00:00","og_image":[{"width":2560,"height":1587,"url":"https:\/\/iibayarea.org\/wp-content\/uploads\/2025\/09\/IIBA-Pro-Bono-Clinic-139-scaled.jpg","type":"image\/jpeg"}],"twitter_card":"summary_large_image","twitter_site":"@IIBA1918","twitter_misc":{"Tiempo de lectura":"5 minutos"},"schema":{"@context":"https:\/\/schema.org","@graph":[{"@type":"WebPage","@id":"https:\/\/iibayarea.org\/es\/probono\/","url":"https:\/\/iibayarea.org\/es\/probono\/","name":"Programa Pro Bono de IIBA | Immigration Institute of the Bay Area","isPartOf":{"@id":"https:\/\/iibayarea.org\/es\/#website"},"primaryImageOfPage":{"@id":"https:\/\/iibayarea.org\/es\/probono\/#primaryimage"},"image":{"@id":"https:\/\/iibayarea.org\/es\/probono\/#primaryimage"},"thumbnailUrl":"https:\/\/iibayarea.org\/wp-content\/uploads\/2025\/09\/IIBA-Pro-Bono-Clinic-139-scaled.jpg","datePublished":"2019-02-15T00:48:29+00:00","dateModified":"2026-03-07T00:35:04+00:00","breadcrumb":{"@id":"https:\/\/iibayarea.org\/es\/probono\/#breadcrumb"},"inLanguage":"es","potentialAction":[{"@type":"ReadAction","target":["https:\/\/iibayarea.org\/es\/probono\/"]}]},{"@type":"ImageObject","inLanguage":"es","@id":"https:\/\/iibayarea.org\/es\/probono\/#primaryimage","url":"https:\/\/iibayarea.org\/wp-content\/uploads\/2025\/09\/IIBA-Pro-Bono-Clinic-139-scaled.jpg","contentUrl":"https:\/\/iibayarea.org\/wp-content\/uploads\/2025\/09\/IIBA-Pro-Bono-Clinic-139-scaled.jpg","width":2560,"height":1587},{"@type":"BreadcrumbList","@id":"https:\/\/iibayarea.org\/es\/probono\/#breadcrumb","itemListElement":[{"@type":"ListItem","position":1,"name":"Home","item":"https:\/\/iibayarea.org\/es\/"},{"@type":"ListItem","position":2,"name":"Programa Pro Bono de IIBA"}]},{"@type":"WebSite","@id":"https:\/\/iibayarea.org\/es\/#website","url":"https:\/\/iibayarea.org\/es\/","name":"Immigration Institute of the Bay Area","description":"a nonprofit providing immigration legal services","publisher":{"@id":"https:\/\/iibayarea.org\/es\/#organization"},"potentialAction":[{"@type":"SearchAction","target":{"@type":"EntryPoint","urlTemplate":"https:\/\/iibayarea.org\/es\/?s={search_term_string}"},"query-input":{"@type":"PropertyValueSpecification","valueRequired":true,"valueName":"search_term_string"}}],"inLanguage":"es"},{"@type":"Organization","@id":"https:\/\/iibayarea.org\/es\/#organization","name":"Immigration Institute of the Bay Area (IIBA)","url":"https:\/\/iibayarea.org\/es\/","logo":{"@type":"ImageObject","inLanguage":"es","@id":"https:\/\/iibayarea.org\/es\/#\/schema\/logo\/image\/","url":"https:\/\/iibayarea.org\/wp-content\/uploads\/2022\/06\/Logo_Full_Name.png","contentUrl":"https:\/\/iibayarea.org\/wp-content\/uploads\/2022\/06\/Logo_Full_Name.png","width":4800,"height":1200,"caption":"Immigration Institute of the Bay Area (IIBA)"},"image":{"@id":"https:\/\/iibayarea.org\/es\/#\/schema\/logo\/image\/"},"sameAs":["https:\/\/facebook.com\/iiba1918","https:\/\/x.com\/IIBA1918","https:\/\/www.instagram.com\/iiba1918\/","https:\/\/www.linkedin.com\/company\/international-institute-of-the-bay-area"]}]}},"_links":{"self":[{"href":"https:\/\/iibayarea.org\/es\/wp-json\/wp\/v2\/pages\/9220","targetHints":{"allow":["GET"]}}],"collection":[{"href":"https:\/\/iibayarea.org\/es\/wp-json\/wp\/v2\/pages"}],"about":[{"href":"https:\/\/iibayarea.org\/es\/wp-json\/wp\/v2\/types\/page"}],"author":[{"embeddable":true,"href":"https:\/\/iibayarea.org\/es\/wp-json\/wp\/v2\/users\/2"}],"replies":[{"embeddable":true,"href":"https:\/\/iibayarea.org\/es\/wp-json\/wp\/v2\/comments?post=9220"}],"version-history":[{"count":0,"href":"https:\/\/iibayarea.org\/es\/wp-json\/wp\/v2\/pages\/9220\/revisions"}],"wp:featuredmedia":[{"embeddable":true,"href":"https:\/\/iibayarea.org\/es\/wp-json\/wp\/v2\/media\/12736"}],"wp:attachment":[{"href":"https:\/\/iibayarea.org\/es\/wp-json\/wp\/v2\/media?parent=9220"}],"wp:term":[{"taxonomy":"region","embeddable":true,"href":"https:\/\/iibayarea.org\/es\/wp-json\/wp\/v2\/region?post=9220"}],"curies":[{"name":"wp","href":"https:\/\/api.w.org\/{rel}","templated":true}]}}