{"id":9226,"date":"2019-02-14T16:47:45","date_gmt":"2019-02-15T00:47:45","guid":{"rendered":"https:\/\/iibayarea.local\/other-ways-to-give\/"},"modified":"2026-03-06T16:35:04","modified_gmt":"2026-03-07T00:35:04","slug":"other-ways-to-give","status":"publish","type":"page","link":"https:\/\/iibayarea.org\/es\/other-ways-to-give\/","title":{"rendered":"Otras Formas de Donar"},"content":{"rendered":"\n<div class=\"wp-block-atomic-blocks-ab-accordion ab-block-accordion\"><details open><summary class=\"ab-accordion-title\"><strong><strong>Eventos Especiales<\/strong><\/strong><\/summary><div class=\"ab-accordion-text\">\n<p class=\"has-background has-light-tan-background-color\">Asista a nuestra recaudaci\u00f3n anual de fondos, \u00abNoche de comedia por los derechos de los inmigrantes.\u201d Aseg\u00farate de suscribirte al bolet\u00edn de IIBA para mantenerte actualizado(a) sobre los detalles de la Noche de la Comedia. Las fotos del evento del a\u00f1o pasado <a href=\"https:\/\/www.facebook.com\/pg\/IIBA1918\/photos\/?tab=album&amp;album_id=2255490471160503\">est\u00e1n disponibles aqu\u00ed.<\/a><\/p>\n<\/div><\/details><\/div>\n\n\n\n<div class=\"wp-block-atomic-blocks-ab-accordion ab-block-accordion\"><details open><summary class=\"ab-accordion-title\"><strong><strong>Donaciones de parte de su empleador<\/strong><\/strong><\/summary><div class=\"ab-accordion-text\">\n<p class=\"has-background has-light-tan-background-color\">Pregunte a su departamento de recursos humanos acerca de su programa de donaciones o incentivos para voluntarios. Para obtener m\u00e1s informaci\u00f3n, comun\u00edquese con Danielle Alvarez:\u00a0 dalvarez@iibayarea.org o (415) 538-8100 ext.251.<\/p>\n<\/div><\/details><\/div>\n\n\n\n<div class=\"wp-block-atomic-blocks-ab-accordion ab-block-accordion\"><details open><summary class=\"ab-accordion-title\"><strong><strong>Donaciones Planificadas<\/strong><\/strong><\/summary><div class=\"ab-accordion-text\">\n<p class=\"has-background has-light-tan-background-color\">Una forma durable de apoyar a los inmigrantes es a trav\u00e9s de legados, fideicomisos, acciones inmobiliarias, seguros y m\u00e1s. Para obtener m\u00e1s informaci\u00f3n, comun\u00edquese con Danielle Alvarez en dalvarez@iibayarea.org o (415) 538-8100 ext.251.<\/p>\n<\/div><\/details><\/div>\n\n\n\n<div class=\"wp-block-atomic-blocks-ab-accordion ab-block-accordion\"><details open><summary class=\"ab-accordion-title\"><strong><strong>Donaciones Conmemorativos y Honorarios<\/strong><\/strong><\/summary><div class=\"ab-accordion-text\">\n<p class=\"has-background has-light-tan-background-color\"><strong>Reconozca a alguien especial o conmemore una ocasi\u00f3n especial:<\/strong> <a rel=\"noreferrer noopener\" href=\"http:\/\/donate.iibayarea.org\/\" target=\"_blank\">donate.iibayarea.org.<\/a>  <\/p>\n<\/div><\/details><\/div>\n\n\n\n<div class=\"wp-block-atomic-blocks-ab-accordion ab-block-accordion\"><details open><summary class=\"ab-accordion-title\"><strong><strong>Acciones Apreciadas<\/strong><\/strong><\/summary><div class=\"ab-accordion-text\">\n<p class=\"has-background has-light-tan-background-color\">Regalar acciones directamente al IIBA significa evitar el impuesto de ganancias de capital y recibir una deducci\u00f3n caritativa. Para obtener m\u00e1s informaci\u00f3n, comun\u00edquese con Danielle Alvarez: dalvarez@iibayarea.org o (415) 538-8100 ext.251.<\/p>\n<\/div><\/details><\/div>\n\n\n\n<div class=\"wp-block-atomic-blocks-ab-accordion ab-block-accordion\"><details open><summary class=\"ab-accordion-title\"><strong><strong>Recaudaci\u00f3n de fondos para IIBA<\/strong><\/strong><\/summary><div class=\"ab-accordion-text\">\n<p class=\"has-background has-light-tan-background-color\">Incorpore donaciones a su rutina: comience una campa\u00f1a de Facebook en nombre de IIBA. Compre en smile.amazon.com para donar.<\/p>\n<\/div><\/details><\/div>\n\n\n\n<div class=\"wp-block-atomic-blocks-ab-accordion ab-block-accordion\"><details open><summary class=\"ab-accordion-title\"><strong><strong>Done su auto<\/strong><\/strong><\/summary><div class=\"ab-accordion-text\">\n<p class=\"has-background has-light-tan-background-color\">Done su autom\u00f3vil a IIBA a cambio de una donaci\u00f3n monetaria deducible de impuestos. Llame al 855-500-7433 o visite aqu\u00ed.<\/p>\n<\/div><\/details><\/div>\n","protected":false},"excerpt":{"rendered":"<p>Su generosidad ayuda a los inmigrantes a obtener servicios legales, educaci\u00f3n y oportunidades de participaci\u00f3n c\u00edvica de alta calidad y bajo costo.<\/p>\n","protected":false},"author":2,"featured_media":11168,"parent":0,"menu_order":54,"comment_status":"closed","ping_status":"closed","template":"","meta":{"_acf_changed":false,"footnotes":""},"region":[],"class_list":["post-9226","page","type-page","status-publish","has-post-thumbnail","hentry"],"acf":[],"featured_image_urls_v2":{"full":["https:\/\/iibayarea.org\/wp-content\/uploads\/2023\/08\/STDSC03502-e1691775397360.jpg",1000,668,false],"thumbnail":["https:\/\/iibayarea.org\/wp-content\/uploads\/2023\/08\/STDSC03502-150x100.jpg",150,100,true],"medium":["https:\/\/iibayarea.org\/wp-content\/uploads\/2023\/08\/STDSC03502-512x342.jpg",512,342,true],"medium_large":["https:\/\/iibayarea.org\/wp-content\/uploads\/2023\/08\/STDSC03502-768x513.jpg",768,513,true],"large":["https:\/\/iibayarea.org\/wp-content\/uploads\/2023\/08\/STDSC03502-e1691775397360.jpg",1000,668,false],"1536x1536":["https:\/\/iibayarea.org\/wp-content\/uploads\/2023\/08\/STDSC03502-e1691775397360.jpg",1000,668,false],"2048x2048":["https:\/\/iibayarea.org\/wp-content\/uploads\/2023\/08\/STDSC03502-e1691775397360.jpg",1000,668,false],"gform-image-choice-sm":["https:\/\/iibayarea.org\/wp-content\/uploads\/2023\/08\/STDSC03502-e1691775397360.jpg",300,200,false],"gform-image-choice-md":["https:\/\/iibayarea.org\/wp-content\/uploads\/2023\/08\/STDSC03502-e1691775397360.jpg",400,267,false],"gform-image-choice-lg":["https:\/\/iibayarea.org\/wp-content\/uploads\/2023\/08\/STDSC03502-e1691775397360.jpg",600,401,false]},"post_excerpt_stackable_v2":"<p>Su generosidad ayuda a los inmigrantes a obtener servicios legales, educaci\u00f3n y oportunidades de participaci\u00f3n c\u00edvica de alta calidad y bajo costo.<\/p>\n","category_list_v2":"","author_info_v2":{"name":"Campaign Upgrade","url":"https:\/\/iibayarea.org\/es\/author\/campaign-upgrade\/"},"comments_num_v2":"0 comentarios","yoast_head":"<!-- This site is optimized with the Yoast SEO plugin v27.6 - https:\/\/yoast.com\/product\/yoast-seo-wordpress\/ -->\n<title>Otras Formas de Donar | Immigration Institute of the Bay Area<\/title>\n<meta name=\"robots\" content=\"index, follow, max-snippet:-1, max-image-preview:large, max-video-preview:-1\" \/>\n<link rel=\"canonical\" href=\"https:\/\/iibayarea.org\/es\/other-ways-to-give\/\" \/>\n<meta property=\"og:locale\" content=\"es_ES\" \/>\n<meta property=\"og:type\" content=\"article\" \/>\n<meta property=\"og:title\" content=\"Otras Formas de Donar | Immigration Institute of the Bay Area\" \/>\n<meta property=\"og:description\" content=\"Su generosidad ayuda a los inmigrantes a obtener servicios legales, educaci\u00f3n y oportunidades de participaci\u00f3n c\u00edvica de alta calidad y bajo costo.\" \/>\n<meta property=\"og:url\" content=\"https:\/\/iibayarea.org\/es\/other-ways-to-give\/\" \/>\n<meta property=\"og:site_name\" content=\"Immigration Institute of the Bay Area\" \/>\n<meta property=\"article:publisher\" content=\"https:\/\/facebook.com\/iiba1918\" \/>\n<meta property=\"article:modified_time\" content=\"2026-03-07T00:35:04+00:00\" \/>\n<meta property=\"og:image\" content=\"https:\/\/iibayarea.org\/wp-content\/uploads\/2023\/08\/STDSC03502-e1691775397360.jpg\" \/>\n\t<meta property=\"og:image:width\" content=\"1000\" \/>\n\t<meta property=\"og:image:height\" content=\"668\" \/>\n\t<meta property=\"og:image:type\" content=\"image\/jpeg\" \/>\n<meta name=\"twitter:card\" content=\"summary_large_image\" \/>\n<meta name=\"twitter:site\" content=\"@IIBA1918\" \/>\n<meta name=\"twitter:label1\" content=\"Tiempo de lectura\" \/>\n\t<meta name=\"twitter:data1\" content=\"1 minuto\" \/>\n<script type=\"application\/ld+json\" class=\"yoast-schema-graph\">{\"@context\":\"https:\\\/\\\/schema.org\",\"@graph\":[{\"@type\":\"WebPage\",\"@id\":\"https:\\\/\\\/iibayarea.org\\\/es\\\/other-ways-to-give\\\/\",\"url\":\"https:\\\/\\\/iibayarea.org\\\/es\\\/other-ways-to-give\\\/\",\"name\":\"Otras Formas de Donar | Immigration Institute of the Bay Area\",\"isPartOf\":{\"@id\":\"https:\\\/\\\/iibayarea.org\\\/es\\\/#website\"},\"primaryImageOfPage\":{\"@id\":\"https:\\\/\\\/iibayarea.org\\\/es\\\/other-ways-to-give\\\/#primaryimage\"},\"image\":{\"@id\":\"https:\\\/\\\/iibayarea.org\\\/es\\\/other-ways-to-give\\\/#primaryimage\"},\"thumbnailUrl\":\"https:\\\/\\\/iibayarea.org\\\/wp-content\\\/uploads\\\/2023\\\/08\\\/STDSC03502-e1691775397360.jpg\",\"datePublished\":\"2019-02-15T00:47:45+00:00\",\"dateModified\":\"2026-03-07T00:35:04+00:00\",\"breadcrumb\":{\"@id\":\"https:\\\/\\\/iibayarea.org\\\/es\\\/other-ways-to-give\\\/#breadcrumb\"},\"inLanguage\":\"es\",\"potentialAction\":[{\"@type\":\"ReadAction\",\"target\":[\"https:\\\/\\\/iibayarea.org\\\/es\\\/other-ways-to-give\\\/\"]}]},{\"@type\":\"ImageObject\",\"inLanguage\":\"es\",\"@id\":\"https:\\\/\\\/iibayarea.org\\\/es\\\/other-ways-to-give\\\/#primaryimage\",\"url\":\"https:\\\/\\\/iibayarea.org\\\/wp-content\\\/uploads\\\/2023\\\/08\\\/STDSC03502-e1691775397360.jpg\",\"contentUrl\":\"https:\\\/\\\/iibayarea.org\\\/wp-content\\\/uploads\\\/2023\\\/08\\\/STDSC03502-e1691775397360.jpg\",\"width\":1000,\"height\":668},{\"@type\":\"BreadcrumbList\",\"@id\":\"https:\\\/\\\/iibayarea.org\\\/es\\\/other-ways-to-give\\\/#breadcrumb\",\"itemListElement\":[{\"@type\":\"ListItem\",\"position\":1,\"name\":\"Home\",\"item\":\"https:\\\/\\\/iibayarea.org\\\/es\\\/\"},{\"@type\":\"ListItem\",\"position\":2,\"name\":\"Otras Formas de Donar\"}]},{\"@type\":\"WebSite\",\"@id\":\"https:\\\/\\\/iibayarea.org\\\/es\\\/#website\",\"url\":\"https:\\\/\\\/iibayarea.org\\\/es\\\/\",\"name\":\"Immigration Institute of the Bay Area\",\"description\":\"a nonprofit providing immigration legal services\",\"publisher\":{\"@id\":\"https:\\\/\\\/iibayarea.org\\\/es\\\/#organization\"},\"potentialAction\":[{\"@type\":\"SearchAction\",\"target\":{\"@type\":\"EntryPoint\",\"urlTemplate\":\"https:\\\/\\\/iibayarea.org\\\/es\\\/?s={search_term_string}\"},\"query-input\":{\"@type\":\"PropertyValueSpecification\",\"valueRequired\":true,\"valueName\":\"search_term_string\"}}],\"inLanguage\":\"es\"},{\"@type\":\"Organization\",\"@id\":\"https:\\\/\\\/iibayarea.org\\\/es\\\/#organization\",\"name\":\"Immigration Institute of the Bay Area (IIBA)\",\"url\":\"https:\\\/\\\/iibayarea.org\\\/es\\\/\",\"logo\":{\"@type\":\"ImageObject\",\"inLanguage\":\"es\",\"@id\":\"https:\\\/\\\/iibayarea.org\\\/es\\\/#\\\/schema\\\/logo\\\/image\\\/\",\"url\":\"https:\\\/\\\/iibayarea.org\\\/wp-content\\\/uploads\\\/2022\\\/06\\\/Logo_Full_Name.png\",\"contentUrl\":\"https:\\\/\\\/iibayarea.org\\\/wp-content\\\/uploads\\\/2022\\\/06\\\/Logo_Full_Name.png\",\"width\":4800,\"height\":1200,\"caption\":\"Immigration Institute of the Bay Area (IIBA)\"},\"image\":{\"@id\":\"https:\\\/\\\/iibayarea.org\\\/es\\\/#\\\/schema\\\/logo\\\/image\\\/\"},\"sameAs\":[\"https:\\\/\\\/facebook.com\\\/iiba1918\",\"https:\\\/\\\/x.com\\\/IIBA1918\",\"https:\\\/\\\/www.instagram.com\\\/iiba1918\\\/\",\"https:\\\/\\\/www.linkedin.com\\\/company\\\/international-institute-of-the-bay-area\"]}]}<\/script>\n<!-- \/ Yoast SEO plugin. -->","yoast_head_json":{"title":"Otras Formas de Donar | Immigration Institute of the Bay Area","robots":{"index":"index","follow":"follow","max-snippet":"max-snippet:-1","max-image-preview":"max-image-preview:large","max-video-preview":"max-video-preview:-1"},"canonical":"https:\/\/iibayarea.org\/es\/other-ways-to-give\/","og_locale":"es_ES","og_type":"article","og_title":"Otras Formas de Donar | Immigration Institute of the Bay Area","og_description":"Su generosidad ayuda a los inmigrantes a obtener servicios legales, educaci\u00f3n y oportunidades de participaci\u00f3n c\u00edvica de alta calidad y bajo costo.","og_url":"https:\/\/iibayarea.org\/es\/other-ways-to-give\/","og_site_name":"Immigration Institute of the Bay Area","article_publisher":"https:\/\/facebook.com\/iiba1918","article_modified_time":"2026-03-07T00:35:04+00:00","og_image":[{"width":1000,"height":668,"url":"https:\/\/iibayarea.org\/wp-content\/uploads\/2023\/08\/STDSC03502-e1691775397360.jpg","type":"image\/jpeg"}],"twitter_card":"summary_large_image","twitter_site":"@IIBA1918","twitter_misc":{"Tiempo de lectura":"1 minuto"},"schema":{"@context":"https:\/\/schema.org","@graph":[{"@type":"WebPage","@id":"https:\/\/iibayarea.org\/es\/other-ways-to-give\/","url":"https:\/\/iibayarea.org\/es\/other-ways-to-give\/","name":"Otras Formas de Donar | Immigration Institute of the Bay Area","isPartOf":{"@id":"https:\/\/iibayarea.org\/es\/#website"},"primaryImageOfPage":{"@id":"https:\/\/iibayarea.org\/es\/other-ways-to-give\/#primaryimage"},"image":{"@id":"https:\/\/iibayarea.org\/es\/other-ways-to-give\/#primaryimage"},"thumbnailUrl":"https:\/\/iibayarea.org\/wp-content\/uploads\/2023\/08\/STDSC03502-e1691775397360.jpg","datePublished":"2019-02-15T00:47:45+00:00","dateModified":"2026-03-07T00:35:04+00:00","breadcrumb":{"@id":"https:\/\/iibayarea.org\/es\/other-ways-to-give\/#breadcrumb"},"inLanguage":"es","potentialAction":[{"@type":"ReadAction","target":["https:\/\/iibayarea.org\/es\/other-ways-to-give\/"]}]},{"@type":"ImageObject","inLanguage":"es","@id":"https:\/\/iibayarea.org\/es\/other-ways-to-give\/#primaryimage","url":"https:\/\/iibayarea.org\/wp-content\/uploads\/2023\/08\/STDSC03502-e1691775397360.jpg","contentUrl":"https:\/\/iibayarea.org\/wp-content\/uploads\/2023\/08\/STDSC03502-e1691775397360.jpg","width":1000,"height":668},{"@type":"BreadcrumbList","@id":"https:\/\/iibayarea.org\/es\/other-ways-to-give\/#breadcrumb","itemListElement":[{"@type":"ListItem","position":1,"name":"Home","item":"https:\/\/iibayarea.org\/es\/"},{"@type":"ListItem","position":2,"name":"Otras Formas de Donar"}]},{"@type":"WebSite","@id":"https:\/\/iibayarea.org\/es\/#website","url":"https:\/\/iibayarea.org\/es\/","name":"Immigration Institute of the Bay Area","description":"a nonprofit providing immigration legal services","publisher":{"@id":"https:\/\/iibayarea.org\/es\/#organization"},"potentialAction":[{"@type":"SearchAction","target":{"@type":"EntryPoint","urlTemplate":"https:\/\/iibayarea.org\/es\/?s={search_term_string}"},"query-input":{"@type":"PropertyValueSpecification","valueRequired":true,"valueName":"search_term_string"}}],"inLanguage":"es"},{"@type":"Organization","@id":"https:\/\/iibayarea.org\/es\/#organization","name":"Immigration Institute of the Bay Area (IIBA)","url":"https:\/\/iibayarea.org\/es\/","logo":{"@type":"ImageObject","inLanguage":"es","@id":"https:\/\/iibayarea.org\/es\/#\/schema\/logo\/image\/","url":"https:\/\/iibayarea.org\/wp-content\/uploads\/2022\/06\/Logo_Full_Name.png","contentUrl":"https:\/\/iibayarea.org\/wp-content\/uploads\/2022\/06\/Logo_Full_Name.png","width":4800,"height":1200,"caption":"Immigration Institute of the Bay Area (IIBA)"},"image":{"@id":"https:\/\/iibayarea.org\/es\/#\/schema\/logo\/image\/"},"sameAs":["https:\/\/facebook.com\/iiba1918","https:\/\/x.com\/IIBA1918","https:\/\/www.instagram.com\/iiba1918\/","https:\/\/www.linkedin.com\/company\/international-institute-of-the-bay-area"]}]}},"_links":{"self":[{"href":"https:\/\/iibayarea.org\/es\/wp-json\/wp\/v2\/pages\/9226","targetHints":{"allow":["GET"]}}],"collection":[{"href":"https:\/\/iibayarea.org\/es\/wp-json\/wp\/v2\/pages"}],"about":[{"href":"https:\/\/iibayarea.org\/es\/wp-json\/wp\/v2\/types\/page"}],"author":[{"embeddable":true,"href":"https:\/\/iibayarea.org\/es\/wp-json\/wp\/v2\/users\/2"}],"replies":[{"embeddable":true,"href":"https:\/\/iibayarea.org\/es\/wp-json\/wp\/v2\/comments?post=9226"}],"version-history":[{"count":0,"href":"https:\/\/iibayarea.org\/es\/wp-json\/wp\/v2\/pages\/9226\/revisions"}],"wp:featuredmedia":[{"embeddable":true,"href":"https:\/\/iibayarea.org\/es\/wp-json\/wp\/v2\/media\/11168"}],"wp:attachment":[{"href":"https:\/\/iibayarea.org\/es\/wp-json\/wp\/v2\/media?parent=9226"}],"wp:term":[{"taxonomy":"region","embeddable":true,"href":"https:\/\/iibayarea.org\/es\/wp-json\/wp\/v2\/region?post=9226"}],"curies":[{"name":"wp","href":"https:\/\/api.w.org\/{rel}","templated":true}]}}